{"id":5144,"date":"2022-07-22T19:25:23","date_gmt":"2022-09-06T13:12:15","guid":{"rendered":"https:\/\/www.college-park.us\/product\/terrain\/"},"modified":"2023-08-03T19:52:06","modified_gmt":"2023-08-03T19:52:06","slug":"terrain","status":"publish","type":"product","link":"https:\/\/www.college-park.us\/lat\/product\/terrain\/","title":{"rendered":"Terrain"},"content":{"rendered":"","protected":false},"excerpt":{"rendered":"<h2>MANTENER LOS PIES EN LA TIERRA<\/h2>\n<p>Navegue por el camino accidentado de la vida con comodidad. El pie Terrain fue creado para conseguir un movimiento anat\u00f3mico del tobillo y un retorno de energ\u00eda en un dise\u00f1o de perfil bajo. College Park utiliza su experiencia en tecnolog\u00eda triaxial de una forma novedosa. Vers\u00e1til y libre de mantenimiento, el Terrain presenta una base de fibra de carbono y amortiguadores permanentes en el interior de la carcasa de tobillo para una respuesta progresiva y c\u00f3moda durante las actividades de bajo y alto impacto.<\/p>\n","protected":false},"featured_media":4961,"template":"","meta":{"_acf_changed":false},"product_brand":[],"product_cat":[364],"product_tag":[],"class_list":{"0":"post-5144","1":"product","2":"type-product","3":"status-publish","4":"has-post-thumbnail","6":"product_cat-prosthetic-feet-lat","8":"first","9":"instock","10":"shipping-taxable","11":"product-type-simple"},"acf":[],"_links":{"self":[{"href":"https:\/\/www.college-park.us\/lat\/wp-json\/wp\/v2\/product\/5144","targetHints":{"allow":["GET"]}}],"collection":[{"href":"https:\/\/www.college-park.us\/lat\/wp-json\/wp\/v2\/product"}],"about":[{"href":"https:\/\/www.college-park.us\/lat\/wp-json\/wp\/v2\/types\/product"}],"wp:featuredmedia":[{"embeddable":true,"href":"https:\/\/www.college-park.us\/lat\/wp-json\/wp\/v2\/media\/4961"}],"wp:attachment":[{"href":"https:\/\/www.college-park.us\/lat\/wp-json\/wp\/v2\/media?parent=5144"}],"wp:term":[{"taxonomy":"product_brand","embeddable":true,"href":"https:\/\/www.college-park.us\/lat\/wp-json\/wp\/v2\/product_brand?post=5144"},{"taxonomy":"product_cat","embeddable":true,"href":"https:\/\/www.college-park.us\/lat\/wp-json\/wp\/v2\/product_cat?post=5144"},{"taxonomy":"product_tag","embeddable":true,"href":"https:\/\/www.college-park.us\/lat\/wp-json\/wp\/v2\/product_tag?post=5144"}],"curies":[{"name":"wp","href":"https:\/\/api.w.org\/{rel}","templated":true}]}}