{"id":5150,"date":"2020-10-26T20:18:41","date_gmt":"2020-10-26T20:18:41","guid":{"rendered":"https:\/\/www.college-park.us\/product\/hombro\/"},"modified":"2025-02-05T16:17:04","modified_gmt":"2025-02-05T16:17:04","slug":"hombro","status":"publish","type":"product","link":"https:\/\/www.college-park.us\/lat\/product\/hombro\/","title":{"rendered":"Hombro"},"content":{"rendered":"","protected":false},"excerpt":{"rendered":"<p>Con una bisagra de fricci\u00f3n, la articulaci\u00f3n de hombro patentada se maneja con interruptores simples, esto simplifica el aprovechamiento, ya que elimina la necesidad de movimientos pronunciados del cuerpo. La articulaci\u00f3n AXIS puede integrarse con todos los sistemas control de extremidades superiores con un canal especial para ocultar y proteger los cables el\u00e9ctricos. A diferencia de cualquier producto en el mercado, la articulaci\u00f3n AXIS ofrece mejor control de las tareas, un rango de movimiento natural y facilidad de uso para el d\u00eda a d\u00eda del paciente.<\/p>\n","protected":false},"featured_media":4877,"template":"","meta":{"_acf_changed":false},"product_cat":[366],"product_tag":[],"acf":[],"_links":{"self":[{"href":"https:\/\/www.college-park.us\/lat\/wp-json\/wp\/v2\/product\/5150"}],"collection":[{"href":"https:\/\/www.college-park.us\/lat\/wp-json\/wp\/v2\/product"}],"about":[{"href":"https:\/\/www.college-park.us\/lat\/wp-json\/wp\/v2\/types\/product"}],"wp:featuredmedia":[{"embeddable":true,"href":"https:\/\/www.college-park.us\/lat\/wp-json\/wp\/v2\/media\/4877"}],"wp:attachment":[{"href":"https:\/\/www.college-park.us\/lat\/wp-json\/wp\/v2\/media?parent=5150"}],"wp:term":[{"taxonomy":"product_cat","embeddable":true,"href":"https:\/\/www.college-park.us\/lat\/wp-json\/wp\/v2\/product_cat?post=5150"},{"taxonomy":"product_tag","embeddable":true,"href":"https:\/\/www.college-park.us\/lat\/wp-json\/wp\/v2\/product_tag?post=5150"}],"curies":[{"name":"wp","href":"https:\/\/api.w.org\/{rel}","templated":true}]}}