{"id":5151,"date":"2020-10-26T14:47:31","date_gmt":"2020-10-26T14:47:31","guid":{"rendered":"https:\/\/www.college-park.us\/product\/componentes-y-sistemas-de-bloqueo\/"},"modified":"2025-05-07T17:53:59","modified_gmt":"2025-05-07T17:53:59","slug":"componentes-y-sistemas-de-bloqueo","status":"publish","type":"product","link":"https:\/\/www.college-park.us\/lat\/product\/componentes-y-sistemas-de-bloqueo\/","title":{"rendered":"COMPONENTES Y SISTEMAS DE BLOQUEO"},"content":{"rendered":"","protected":false},"excerpt":{"rendered":"<p>Los pies con ingenier\u00eda de punta requieren componentes con ingenier\u00eda de punta. Por lo general, se producen fallas catastr\u00f3ficas a la hora de elegir un componente. College Park dise\u00f1\u00f3 cuidadosamente nuestra l\u00ednea de componentes endoesquel\u00e9ticos, utiliz\u00f3 titanio, acero inoxidable y aluminio del grado m\u00e1s alto para mejores resultados y mayor tranquilidad. La resistente l\u00ednea de componentes endoesquel\u00e9ticos de College Park puede brindar la soluci\u00f3n correcta para casi cualquier pr\u00f3tesis.<\/p>\n<p>Un buen sistema de bloqueo tambi\u00e9n es clave para una pr\u00f3tesis funcional y fiable. Hecho con nylon de alta resistencia, el bloqueo de lanzadera C100 de College Park y los accesorios pueden dar a las personas amputadas la confianza de pasar el d\u00eda con un sistema de cierre.<\/p>\n","protected":false},"featured_media":4787,"template":"","meta":{"_acf_changed":false},"product_cat":[365],"product_tag":[],"acf":[],"_links":{"self":[{"href":"https:\/\/www.college-park.us\/lat\/wp-json\/wp\/v2\/product\/5151"}],"collection":[{"href":"https:\/\/www.college-park.us\/lat\/wp-json\/wp\/v2\/product"}],"about":[{"href":"https:\/\/www.college-park.us\/lat\/wp-json\/wp\/v2\/types\/product"}],"wp:featuredmedia":[{"embeddable":true,"href":"https:\/\/www.college-park.us\/lat\/wp-json\/wp\/v2\/media\/4787"}],"wp:attachment":[{"href":"https:\/\/www.college-park.us\/lat\/wp-json\/wp\/v2\/media?parent=5151"}],"wp:term":[{"taxonomy":"product_cat","embeddable":true,"href":"https:\/\/www.college-park.us\/lat\/wp-json\/wp\/v2\/product_cat?post=5151"},{"taxonomy":"product_tag","embeddable":true,"href":"https:\/\/www.college-park.us\/lat\/wp-json\/wp\/v2\/product_tag?post=5151"}],"curies":[{"name":"wp","href":"https:\/\/api.w.org\/{rel}","templated":true}]}}