{"id":5155,"date":"2020-10-23T20:07:18","date_gmt":"2020-10-23T20:07:18","guid":{"rendered":"https:\/\/www.college-park.us\/product\/guardian-rodilla\/"},"modified":"2023-08-01T17:15:45","modified_gmt":"2023-08-01T17:15:45","slug":"guardian","status":"publish","type":"product","link":"https:\/\/www.college-park.us\/lat\/product\/guardian\/","title":{"rendered":"Guardian"},"content":{"rendered":"","protected":false},"excerpt":{"rendered":"<p>Les presentamos una versi\u00f3n nueva y mejorada de la rodilla Guardian. Esta rodilla mec\u00e1nica liviana presenta un freno de fricci\u00f3n para el control del posicionamiento, flexi\u00f3n de posicionamiento y asistencia en la extensi\u00f3n. Es ideal para utilizar como herramienta de rehabilitaci\u00f3n para los pacientes nuevos o como una soluci\u00f3n permanente para pacientes de bajo impacto. Al contar con un mecanismo de bloqueo interno dise\u00f1ado recientemente y con ajuste de la fuerza de sujeci\u00f3n, los pacientes podr\u00e1n bloquearla y desbloquearla con m\u00e1s facilidad. Para mejorar la elegancia y la eficacia de su funcionamiento, nuestros ingenieros quitaron las palancas que se ubicaban a cada lado de la rodilla. Ahora los ajustes son m\u00e1s simples y se encuentran en el interior. Y la rodilla Guardian sigue brindando los 145\u00a0 completos del movimiento anat\u00f3mico.<\/p>\n","protected":false},"featured_media":4995,"template":"","meta":{"_acf_changed":false},"product_cat":[367],"product_tag":[],"acf":[],"_links":{"self":[{"href":"https:\/\/www.college-park.us\/lat\/wp-json\/wp\/v2\/product\/5155"}],"collection":[{"href":"https:\/\/www.college-park.us\/lat\/wp-json\/wp\/v2\/product"}],"about":[{"href":"https:\/\/www.college-park.us\/lat\/wp-json\/wp\/v2\/types\/product"}],"wp:featuredmedia":[{"embeddable":true,"href":"https:\/\/www.college-park.us\/lat\/wp-json\/wp\/v2\/media\/4995"}],"wp:attachment":[{"href":"https:\/\/www.college-park.us\/lat\/wp-json\/wp\/v2\/media?parent=5155"}],"wp:term":[{"taxonomy":"product_cat","embeddable":true,"href":"https:\/\/www.college-park.us\/lat\/wp-json\/wp\/v2\/product_cat?post=5155"},{"taxonomy":"product_tag","embeddable":true,"href":"https:\/\/www.college-park.us\/lat\/wp-json\/wp\/v2\/product_tag?post=5155"}],"curies":[{"name":"wp","href":"https:\/\/api.w.org\/{rel}","templated":true}]}}