{"id":5157,"date":"2020-10-23T18:47:56","date_gmt":"2020-10-23T18:47:56","guid":{"rendered":"https:\/\/www.college-park.us\/product\/truper\/"},"modified":"2023-08-04T18:27:47","modified_gmt":"2023-08-04T18:27:47","slug":"truper","status":"publish","type":"product","link":"https:\/\/www.college-park.us\/lat\/product\/truper\/","title":{"rendered":"Truper"},"content":{"rendered":"","protected":false},"excerpt":{"rendered":"<h3>FUNCIONES ADULTAS PARA NI\u00d1OS<\/h3>\n<p>El resistente pie Truper\u00ae combina alta energ\u00eda con estabilidad para ni\u00f1os activos. El antetal\u00f3n flexible y los amortiguadores del pie almacenan energ\u00eda para una transici\u00f3n suave y controlada desde la posici\u00f3n de bipedestaci\u00f3n hasta la posici\u00f3n para correr. Elaborado para ajustarse f\u00e1cilmente al crecimiento de los ni\u00f1os, Truper ofrece dos gamas de tama\u00f1os que proporcionan flexibilidad hasta la adolescencia.<\/p>\n","protected":false},"featured_media":4717,"template":"","meta":{"_acf_changed":false},"product_brand":[],"product_cat":[364],"product_tag":[],"class_list":{"0":"post-5157","1":"product","2":"type-product","3":"status-publish","4":"has-post-thumbnail","6":"product_cat-prosthetic-feet-lat","8":"first","9":"instock","10":"shipping-taxable","11":"product-type-simple"},"acf":[],"_links":{"self":[{"href":"https:\/\/www.college-park.us\/lat\/wp-json\/wp\/v2\/product\/5157","targetHints":{"allow":["GET"]}}],"collection":[{"href":"https:\/\/www.college-park.us\/lat\/wp-json\/wp\/v2\/product"}],"about":[{"href":"https:\/\/www.college-park.us\/lat\/wp-json\/wp\/v2\/types\/product"}],"wp:featuredmedia":[{"embeddable":true,"href":"https:\/\/www.college-park.us\/lat\/wp-json\/wp\/v2\/media\/4717"}],"wp:attachment":[{"href":"https:\/\/www.college-park.us\/lat\/wp-json\/wp\/v2\/media?parent=5157"}],"wp:term":[{"taxonomy":"product_brand","embeddable":true,"href":"https:\/\/www.college-park.us\/lat\/wp-json\/wp\/v2\/product_brand?post=5157"},{"taxonomy":"product_cat","embeddable":true,"href":"https:\/\/www.college-park.us\/lat\/wp-json\/wp\/v2\/product_cat?post=5157"},{"taxonomy":"product_tag","embeddable":true,"href":"https:\/\/www.college-park.us\/lat\/wp-json\/wp\/v2\/product_tag?post=5157"}],"curies":[{"name":"wp","href":"https:\/\/api.w.org\/{rel}","templated":true}]}}