{"id":5159,"date":"2020-10-23T16:34:14","date_gmt":"2020-10-23T16:34:14","guid":{"rendered":"https:\/\/www.college-park.us\/product\/breeze\/"},"modified":"2023-08-04T18:23:28","modified_gmt":"2023-08-04T18:23:28","slug":"breeze","status":"publish","type":"product","link":"https:\/\/www.college-park.us\/lat\/product\/breeze\/","title":{"rendered":"Breeze"},"content":{"rendered":"","protected":false},"excerpt":{"rendered":"<h3>TECNOLOG\u00cdA M\u00c1XIMA. CARACTER\u00cdSTICAS M\u00c1XIMAS.<\/h3>\n<p>El Breeze\u00ae es un pie K2 revolucionario de College Park. Tradicionalmente, los pies de esta categor\u00eda carec\u00edan de inspiraci\u00f3n, pero el Breeze utiliza tecnolog\u00eda de vanguardia de College Park y viene con diversas caracter\u00edsticas que lo destacan de la multitud. El sistema resistente al agua tiene un puerto de drenaje de agua opcional, materiales anticorrosivos y modificaciones especiales para eliminar el agua a trav\u00e9s de todo el sistema de la pr\u00f3tesis. El EnviroShell\u00ae est\u00e1 infundido con un inhibidor de rayos UV y plata pura para generar propiedades antimicrobianas, adem\u00e1s viene con un asistente especial para rotaci\u00f3n del pie. El pie Breeze proporciona mejores resultados a un costo m\u00ednimo.<\/p>\n","protected":false},"featured_media":4683,"template":"","meta":{"_acf_changed":false},"product_brand":[],"product_cat":[364],"product_tag":[],"class_list":{"0":"post-5159","1":"product","2":"type-product","3":"status-publish","4":"has-post-thumbnail","6":"product_cat-prosthetic-feet-lat","8":"first","9":"instock","10":"shipping-taxable","11":"product-type-simple"},"acf":[],"_links":{"self":[{"href":"https:\/\/www.college-park.us\/lat\/wp-json\/wp\/v2\/product\/5159","targetHints":{"allow":["GET"]}}],"collection":[{"href":"https:\/\/www.college-park.us\/lat\/wp-json\/wp\/v2\/product"}],"about":[{"href":"https:\/\/www.college-park.us\/lat\/wp-json\/wp\/v2\/types\/product"}],"wp:featuredmedia":[{"embeddable":true,"href":"https:\/\/www.college-park.us\/lat\/wp-json\/wp\/v2\/media\/4683"}],"wp:attachment":[{"href":"https:\/\/www.college-park.us\/lat\/wp-json\/wp\/v2\/media?parent=5159"}],"wp:term":[{"taxonomy":"product_brand","embeddable":true,"href":"https:\/\/www.college-park.us\/lat\/wp-json\/wp\/v2\/product_brand?post=5159"},{"taxonomy":"product_cat","embeddable":true,"href":"https:\/\/www.college-park.us\/lat\/wp-json\/wp\/v2\/product_cat?post=5159"},{"taxonomy":"product_tag","embeddable":true,"href":"https:\/\/www.college-park.us\/lat\/wp-json\/wp\/v2\/product_tag?post=5159"}],"curies":[{"name":"wp","href":"https:\/\/api.w.org\/{rel}","templated":true}]}}