{"id":5161,"date":"2020-10-22T20:51:40","date_gmt":"2020-10-22T20:51:40","guid":{"rendered":"https:\/\/www.college-park.us\/product\/odyssey-k2\/"},"modified":"2023-08-04T17:08:15","modified_gmt":"2023-08-04T17:08:15","slug":"odyssey-k2","status":"publish","type":"product","link":"https:\/\/www.college-park.us\/lat\/product\/odyssey-k2\/","title":{"rendered":"Odyssey K2"},"content":{"rendered":"","protected":false},"excerpt":{"rendered":"<h3>CURVAS SUAVES POR DELANTE<\/h3>\n<p>Los pies hidr\u00e1ulicos pueden proporcionar a los pacientes de K2 un incre\u00edble rango de movimiento controlado, adem\u00e1s de ayudar en la absorci\u00f3n de fuerzas, mejorar la estabilidad de la rodilla y propiciar una buena postura. Tambi\u00e9n ofrece al paciente la posibilidad de mantener el pie plano con una transici\u00f3n fluida desde la posici\u00f3n sentada a la posici\u00f3n de pie, para un aspecto c\u00f3modo y natural. El pie Odyssey K2\u00ae de College Park cuenta con un tobillo hidr\u00e1ulico curvado patentado, una base de pie de compuesto Intelliweave\u00ae y la funci\u00f3n Stride Control\u00ae dual y personalizable. Este revolucionario pie proporciona un rango de movimiento superior con un dise\u00f1o ligero y de perfil bajo que brinda una combinaci\u00f3n imbatible de beneficios para el paciente del K2.<\/p>\n","protected":false},"featured_media":4657,"template":"","meta":{"_acf_changed":false},"product_cat":[364],"product_tag":[],"acf":[],"_links":{"self":[{"href":"https:\/\/www.college-park.us\/lat\/wp-json\/wp\/v2\/product\/5161"}],"collection":[{"href":"https:\/\/www.college-park.us\/lat\/wp-json\/wp\/v2\/product"}],"about":[{"href":"https:\/\/www.college-park.us\/lat\/wp-json\/wp\/v2\/types\/product"}],"wp:featuredmedia":[{"embeddable":true,"href":"https:\/\/www.college-park.us\/lat\/wp-json\/wp\/v2\/media\/4657"}],"wp:attachment":[{"href":"https:\/\/www.college-park.us\/lat\/wp-json\/wp\/v2\/media?parent=5161"}],"wp:term":[{"taxonomy":"product_cat","embeddable":true,"href":"https:\/\/www.college-park.us\/lat\/wp-json\/wp\/v2\/product_cat?post=5161"},{"taxonomy":"product_tag","embeddable":true,"href":"https:\/\/www.college-park.us\/lat\/wp-json\/wp\/v2\/product_tag?post=5161"}],"curies":[{"name":"wp","href":"https:\/\/api.w.org\/{rel}","templated":true}]}}