{"id":5163,"date":"2020-10-22T20:41:14","date_gmt":"2020-10-22T20:41:14","guid":{"rendered":"https:\/\/www.college-park.us\/product\/odyssey-k3\/"},"modified":"2023-08-04T17:06:42","modified_gmt":"2023-08-04T17:06:42","slug":"odyssey-k3","status":"publish","type":"product","link":"https:\/\/www.college-park.us\/lat\/product\/odyssey-k3\/","title":{"rendered":"Odyssey K3"},"content":{"rendered":"","protected":false},"excerpt":{"rendered":"<h3>CURVAS DIN\u00c1MICAS POR DELANTE<\/h3>\n<p>Presentamos lo m\u00e1s avanzado en la l\u00ednea Odyssey de pies hidr\u00e1ulicos de College Park. Los pies hidr\u00e1ulicos son conocidos por aumentar el contacto con el suelo, reducir las presiones en el encaje y mejorar la estabilidad de la rodilla. Odyssey K3\u00ae incorpora el tobillo hidr\u00e1ulico curvado patentado y una base del pie de fibra de carbono de alta frecuencia para aumentar la respuesta din\u00e1mica. La resistente carcasa del tobillo y la posici\u00f3n angular han sido dise\u00f1adas para usuarios con actividad de impacto moderado capaces de mantener el equilibrio sin ayuda. La combinaci\u00f3n de un sistema hidr\u00e1ulico suave y una base de pie din\u00e1mica proporciona un rendimiento excepcional en actividades como las caminatas intensas por ciudad o el senderismo en cualquier terreno.<\/p>\n","protected":false},"featured_media":4647,"template":"","meta":{"_acf_changed":false},"product_cat":[364],"product_tag":[],"acf":[],"_links":{"self":[{"href":"https:\/\/www.college-park.us\/lat\/wp-json\/wp\/v2\/product\/5163"}],"collection":[{"href":"https:\/\/www.college-park.us\/lat\/wp-json\/wp\/v2\/product"}],"about":[{"href":"https:\/\/www.college-park.us\/lat\/wp-json\/wp\/v2\/types\/product"}],"wp:featuredmedia":[{"embeddable":true,"href":"https:\/\/www.college-park.us\/lat\/wp-json\/wp\/v2\/media\/4647"}],"wp:attachment":[{"href":"https:\/\/www.college-park.us\/lat\/wp-json\/wp\/v2\/media?parent=5163"}],"wp:term":[{"taxonomy":"product_cat","embeddable":true,"href":"https:\/\/www.college-park.us\/lat\/wp-json\/wp\/v2\/product_cat?post=5163"},{"taxonomy":"product_tag","embeddable":true,"href":"https:\/\/www.college-park.us\/lat\/wp-json\/wp\/v2\/product_tag?post=5163"}],"curies":[{"name":"wp","href":"https:\/\/api.w.org\/{rel}","templated":true}]}}