{"id":5166,"date":"2020-09-25T13:24:54","date_gmt":"2020-09-25T13:24:54","guid":{"rendered":"https:\/\/www.college-park.us\/product\/soleus\/"},"modified":"2023-08-04T16:55:27","modified_gmt":"2023-08-04T16:55:27","slug":"soleus","status":"publish","type":"product","link":"https:\/\/www.college-park.us\/lat\/product\/soleus\/","title":{"rendered":"Soleus"},"content":{"rendered":"","protected":false},"excerpt":{"rendered":"<h3>PREPARADO PARA LA ACCI\u00d3N<\/h3>\n<p>Soleus\u00ae fue el primer pie en incorporar Integrated Spring Technology (iST\u00ae) y proporciona un movimiento natural con una respuesta progresiva en 3 etapas y un rango de movimiento superior. El pie integra resortes de compuesto Intelliweave\u00ae a trav\u00e9s de una banda plantar resistente y flexible que responde a la perfecci\u00f3n a los distintos impactos. El exclusivo y escalonado dise\u00f1o tambi\u00e9n aporta 10 mm de adaptabilidad vertical para una comodidad insuperable. El pie Soleus se adapta tanto a un estilo de vida de actividad moderada como a los altos impactos de un atleta paral\u00edmpico.<\/p>\n","protected":false},"featured_media":4559,"template":"","meta":{"_acf_changed":false},"product_cat":[364],"product_tag":[],"acf":[],"_links":{"self":[{"href":"https:\/\/www.college-park.us\/lat\/wp-json\/wp\/v2\/product\/5166"}],"collection":[{"href":"https:\/\/www.college-park.us\/lat\/wp-json\/wp\/v2\/product"}],"about":[{"href":"https:\/\/www.college-park.us\/lat\/wp-json\/wp\/v2\/types\/product"}],"wp:featuredmedia":[{"embeddable":true,"href":"https:\/\/www.college-park.us\/lat\/wp-json\/wp\/v2\/media\/4559"}],"wp:attachment":[{"href":"https:\/\/www.college-park.us\/lat\/wp-json\/wp\/v2\/media?parent=5166"}],"wp:term":[{"taxonomy":"product_cat","embeddable":true,"href":"https:\/\/www.college-park.us\/lat\/wp-json\/wp\/v2\/product_cat?post=5166"},{"taxonomy":"product_tag","embeddable":true,"href":"https:\/\/www.college-park.us\/lat\/wp-json\/wp\/v2\/product_tag?post=5166"}],"curies":[{"name":"wp","href":"https:\/\/api.w.org\/{rel}","templated":true}]}}