{"id":5169,"date":"2020-10-22T17:14:59","date_gmt":"2020-10-22T17:14:59","guid":{"rendered":"https:\/\/www.college-park.us\/product\/trustep\/"},"modified":"2023-08-04T17:01:15","modified_gmt":"2023-08-04T17:01:15","slug":"trustep","status":"publish","type":"product","link":"https:\/\/www.college-park.us\/lat\/product\/trustep\/","title":{"rendered":"Trustep"},"content":{"rendered":"","protected":false},"excerpt":{"rendered":"<h3>LA OPCI\u00d3N IDEAL PARA LA VIDA DIARIA<\/h3>\n<p>Original e inigualable, el pie Trustep\u00ae es el patr\u00f3n oro en lo referente a comodidad insuperable y movilidad natural. Fue el primer pie en proporcionar un movimiento correcto en todos los planos y en permitir as\u00ed pr\u00e1cticamente el mismo movimiento vertical, rotaci\u00f3n y estabilidad que un pie anat\u00f3mico. Con una amplia gama de opciones disponibles, su vers\u00e1til dise\u00f1o permite una personalizaci\u00f3n completa.<\/p>\n","protected":false},"featured_media":4605,"template":"","meta":{"_acf_changed":false},"product_cat":[364],"product_tag":[],"acf":[],"_links":{"self":[{"href":"https:\/\/www.college-park.us\/lat\/wp-json\/wp\/v2\/product\/5169"}],"collection":[{"href":"https:\/\/www.college-park.us\/lat\/wp-json\/wp\/v2\/product"}],"about":[{"href":"https:\/\/www.college-park.us\/lat\/wp-json\/wp\/v2\/types\/product"}],"wp:featuredmedia":[{"embeddable":true,"href":"https:\/\/www.college-park.us\/lat\/wp-json\/wp\/v2\/media\/4605"}],"wp:attachment":[{"href":"https:\/\/www.college-park.us\/lat\/wp-json\/wp\/v2\/media?parent=5169"}],"wp:term":[{"taxonomy":"product_cat","embeddable":true,"href":"https:\/\/www.college-park.us\/lat\/wp-json\/wp\/v2\/product_cat?post=5169"},{"taxonomy":"product_tag","embeddable":true,"href":"https:\/\/www.college-park.us\/lat\/wp-json\/wp\/v2\/product_tag?post=5169"}],"curies":[{"name":"wp","href":"https:\/\/api.w.org\/{rel}","templated":true}]}}