{"id":6293,"date":"2024-08-30T13:29:17","date_gmt":"2024-08-30T13:29:17","guid":{"rendered":"https:\/\/www.college-park.us\/?post_type=product&#038;p=6293"},"modified":"2024-08-30T13:52:41","modified_gmt":"2024-08-30T13:52:41","slug":"icon","status":"publish","type":"product","link":"https:\/\/www.college-park.us\/lat\/product\/icon\/","title":{"rendered":"Icon"},"content":{"rendered":"","protected":false},"excerpt":{"rendered":"<h2>El nuevo est\u00e1ndar de excelencia<\/h2>\n<p>La rodilla Icon con microprocesador es f\u00e1cil de usar tanto para pacientes como para m\u00e9dicos cl\u00ednicos. Esta rodilla din\u00e1mica se dise\u00f1\u00f3 para mejorar la confianza del usuario, ya que cuenta con sensores de respuesta, una configuraci\u00f3n \u00e1gil y la aplicaci\u00f3n intuitiva Stride Studio. Los m\u00e9dicos cl\u00ednicos pueden acceder con facilidad a los ajustes, los modos personalizados y muchos m\u00e1s en Stride Studio. Nuestro equipo cre\u00f3 una tecnolog\u00eda propia para poner a la rodilla Icon en su propia categor\u00eda, que brinda precisi\u00f3n y tiempo de respuesta extraordinarios y un gran ahorro en peso. Gracias a la bater\u00eda duradera y su clasificaci\u00f3n IP68, Icon es una soluci\u00f3n vers\u00e1til para usuarios con un nivel alto o bajo de actividad.<\/p>\n","protected":false},"featured_media":6365,"template":"","meta":{"_acf_changed":false},"product_brand":[],"product_cat":[367],"product_tag":[],"class_list":{"0":"post-6293","1":"product","2":"type-product","3":"status-publish","4":"has-post-thumbnail","6":"product_cat-knees-lat","8":"first","9":"instock","10":"shipping-taxable","11":"product-type-simple"},"acf":[],"_links":{"self":[{"href":"https:\/\/www.college-park.us\/lat\/wp-json\/wp\/v2\/product\/6293","targetHints":{"allow":["GET"]}}],"collection":[{"href":"https:\/\/www.college-park.us\/lat\/wp-json\/wp\/v2\/product"}],"about":[{"href":"https:\/\/www.college-park.us\/lat\/wp-json\/wp\/v2\/types\/product"}],"wp:featuredmedia":[{"embeddable":true,"href":"https:\/\/www.college-park.us\/lat\/wp-json\/wp\/v2\/media\/6365"}],"wp:attachment":[{"href":"https:\/\/www.college-park.us\/lat\/wp-json\/wp\/v2\/media?parent=6293"}],"wp:term":[{"taxonomy":"product_brand","embeddable":true,"href":"https:\/\/www.college-park.us\/lat\/wp-json\/wp\/v2\/product_brand?post=6293"},{"taxonomy":"product_cat","embeddable":true,"href":"https:\/\/www.college-park.us\/lat\/wp-json\/wp\/v2\/product_cat?post=6293"},{"taxonomy":"product_tag","embeddable":true,"href":"https:\/\/www.college-park.us\/lat\/wp-json\/wp\/v2\/product_tag?post=6293"}],"curies":[{"name":"wp","href":"https:\/\/api.w.org\/{rel}","templated":true}]}}