{"id":1043,"date":"2020-11-20T15:46:39","date_gmt":"2020-11-20T15:46:39","guid":{"rendered":"http:\/\/67.205.139.60\/collegepark-intl\/polityka-cookie\/"},"modified":"2020-11-20T15:46:39","modified_gmt":"2020-11-20T15:46:39","slug":"polityka-cookie","status":"publish","type":"page","link":"https:\/\/www.college-park.us\/pl\/polityka-cookie\/","title":{"rendered":"Polityka Cookie"},"content":{"rendered":"<div class=\"std\">\n<h4>TA WITRYNA, PODOBNIE JAK WIELE INNYCH, KORZYSTA Z PLIK\u00d3W COOKIE, ABY DOSTOSOWA\u0106 SI\u0118 DO TWOICH POTRZEB. DOWIEDZ SI\u0118 WI\u0118CEJ O PLIKACH COOKIE I O TYM, JAK NIMI ZARZ\u0104DZA\u0106.<\/h4>\n<p>Ta strona zawiera informacje na temat tego, czym s\u0105 pliki cookie, jakie rodzaje plik\u00f3w cookie s\u0105 wykorzystywane przez witryn\u0119 internetow\u0105 College Park Industries (\u201emy\u201d, \u201enas\u201d, \u201enasz\u201d, \u201eCollege Park\u201d, \u201eFirma\u201d), jak wy\u0142\u0105cza\u0107 reklamowe pliki cookie, a tak\u017ce kilka przydatnych link\u00f3w zawieraj\u0105cych wi\u0119cej informacji na ten temat. Je\u015bli nie znajdziesz tam poszukiwanych informacji lub masz dodatkowe pytania dotycz\u0105ce dzia\u0142ania plik\u00f3w cookie na stronie Firmy, wy\u015blij e-mail na adres<a href=\"%22mailto:webadmin@college-park.com\">webadmin@college-park.com<\/a><\/p>\n<h4>CZYM S\u0104 PLIKI COOKIE?<\/h4>\n<p>Pliki cookie to ma\u0142e pliki tekstowe, kt\u00f3re s\u0105 zapisywane przez przegl\u0105dark\u0119 (np. Internet Explorer lub Safari) na komputerze lub telefonie kom\u00f3rkowym u\u017cytkownika. Pozwalaj\u0105 one witrynom internetowym na przechowywanie informacji dotycz\u0105cych preferencji u\u017cytkownika. Pliki cookie to rodzaj \u201epami\u0119ci\u201d witryny internetowej, kt\u00f3ra pozwala rozpozna\u0107 powracaj\u0105cego u\u017cytkownika i odpowiednio zareagowa\u0107.<\/p>\n<h4>JAK WYKORZYSTUJEMY PLIKI COOKIE?<\/h4>\n<p>W naszej witrynie stosowane s\u0105 nast\u0119puj\u0105ce rodzaje plik\u00f3w cookie:<\/p>\n<ul>\n<li>Pliki cookie zwi\u0105zane z popraw\u0105 wydajno\u015bci witryny<\/li>\n<li>Pliki cookie zwi\u0105zane z anonimow\u0105 analiz\u0105<\/li>\n<li>Pliki cookie oparte na geolokalizacji<\/li>\n<li>Rejestracyjne pliki cookie<\/li>\n<li>Reklamowe pliki cookie<\/li>\n<li>Reklamowe pliki cookie stron trzecich<\/li>\n<\/ul>\n<h4>Pliki cookie zwi\u0105zane z popraw\u0105 wydajno\u015bci witryny<\/h4>\n<p>Ten rodzaj plik\u00f3w cookie zapami\u0119tuje preferencje u\u017cytkownika dotycz\u0105ce narz\u0119dzi znajduj\u0105cych si\u0119 w witrynie internetowej Firmy, dzi\u0119ki czemu nie trzeba ich ustawia\u0107 ponownie przy ka\u017cdej wizycie. Przyk\u0142ady:<\/p>\n<ul>\n<li>Ustawienia g\u0142o\u015bno\u015bci w naszym odtwarzaczu film\u00f3w<\/li>\n<li>Informacje o tym, czy najpierw wy\u015bwietli si\u0119 nowa zawarto\u015b\u0107<\/li>\n<li>Szybko\u015b\u0107 transmisji strumieniowej wideo zgodna z przegl\u0105dark\u0105 internetow\u0105<\/li>\n<\/ul>\n<h4>PLIKI COOKIE ZWI\u0104ZANE Z ANONIMOW\u0104 ANALIZ\u0104:<\/h4>\n<p>Za ka\u017cdym razem, gdy kto\u015b odwiedza nasz\u0105 witryn\u0119 internetow\u0105, oprogramowanie dostarczane przez inn\u0105 organizacj\u0119 generuje \u201epliki cookie zwi\u0105zane z anonimow\u0105 analiz\u0105\u201d. Te pliki cookie informuj\u0105 nas, czy u\u017cytkownik odwiedza\u0142 wcze\u015bniej witryn\u0119. Przegl\u0105darka poinformuje nas, czy u\u017cytkownik ma te pliki cookie, a je\u015bli nie, wygenerujemy nowe. To pozwala nam okre\u015bli\u0107, ilu mamy indywidualnych u\u017cytkownik\u00f3w i jak cz\u0119sto odwiedzaj\u0105 witryn\u0119.<\/p>\n<p>Je\u015bli u\u017cytkownik nie jest zalogowany w witrynie, nie mo\u017cemy u\u017cywa\u0107 plik\u00f3w cookie do cel\u00f3w identyfikacji. U\u017cywamy ich do zbierania statystyk, na przyk\u0142ad liczby wej\u015b\u0107 na stron\u0119. Je\u015bli u\u017cytkownik jest zalogowany, b\u0119dziemy r\u00f3wnie\u017c zna\u0107 dane, kt\u00f3re przekaza\u0142 nam w tym celu, takie jak nazwa u\u017cytkownika i adres e-mail.<\/p>\n<h4>PLIKI COOKIE OPARTE NA GEOLOKALIZACJI<\/h4>\n<p>Te pliki cookie s\u0105 u\u017cywane przez oprogramowanie, kt\u00f3re pr\u00f3buje ustali\u0107, w jakim kraju znajduje si\u0119 u\u017cytkownik, na podstawie informacji dostarczonych przez przegl\u0105dark\u0119 internetow\u0105 po klikni\u0119ciu na stronie. Te pliki cookie s\u0105 ca\u0142kowicie anonimowe, a my u\u017cywamy ich tylko w celu ukierunkowania naszych tre\u015bci \u2013 na przyk\u0142ad aby sprawdzi\u0107, czy u\u017cytkownik widzi stron\u0119 g\u0142\u00f3wn\u0105 w\u0142a\u015bciw\u0105 dla danego kraju \u2013 i reklam.<\/p>\n<h4>Rejestracyjne pliki cookie<\/h4>\n<p>Podczas rejestracji na stronie generujemy pliki cookie, kt\u00f3re informuj\u0105 nas o tym, czy u\u017cytkownik jest zalogowany. Nasze serwery u\u017cywaj\u0105 tych plik\u00f3w cookie do ustalenia, na kt\u00f3re konto u\u017cytkownik jest zalogowany i czy ma dost\u0119p do okre\u015blonej us\u0142ugi. Pozwalaj\u0105 nam r\u00f3wnie\u017c powi\u0105za\u0107 wszelkie komentarze zamieszczane przez u\u017cytkownika z jego nazw\u0105. Je\u015bli opcja \u201epami\u0119taj mnie\u201d nie zostanie zaznaczona, pliki cookie zostan\u0105 usuni\u0119te po zamkni\u0119ciu przegl\u0105darki lub wy\u0142\u0105czeniu komputera. Gdy u\u017cytkownik jest zalogowany w kt\u00f3rejkolwiek z witryn, \u0142\u0105czymy informacje z rejestracyjnych plik\u00f3w cookie z informacjami z analitycznych plik\u00f3w cookie, co pozwala nam na okre\u015blenie, kt\u00f3re strony u\u017cytkownik przegl\u0105da\u0142.<\/p>\n<h4>Reklamowe pliki cookie<\/h4>\n<p>Te pliki cookie pozwalaj\u0105 nam dowiedzie\u0107 si\u0119, czy u\u017cytkownik widzia\u0142 okre\u015blon\u0105 reklam\u0119 lub rodzaj reklamy i jaki czas up\u0142yn\u0105\u0142 od jej zobaczenia. U\u017cywamy r\u00f3wnie\u017c plik\u00f3w cookie, aby wspom\u00f3c wykorzystanie reklamy ukierunkowanej. Mo\u017cemy korzysta\u0107 z plik\u00f3w cookie umieszczonych przez inn\u0105 organizacj\u0119, dzi\u0119ki czemu b\u0119dziemy mogli lepiej dostosowa\u0107 wy\u015bwietlane reklamy. Te pliki cookie s\u0105 anonimowe \u2013 przechowuj\u0105 tylko informacje o tym, co u\u017cytkownik przegl\u0105da w witrynie.<\/p>\n<h4>Reklamowe pliki cookie stron trzecich<\/h4>\n<p>Niekt\u00f3re tre\u015bci wy\u015bwietlane w witrynie s\u0105 dostarczane przez inne organizacje. Niekt\u00f3re z tych organizacji u\u017cywaj\u0105 w\u0142asnych anonimowych plik\u00f3w cookie do monitorowania liczby os\u00f3b, kt\u00f3re widzia\u0142y dane og\u0142oszenie, lub do monitorowania liczby os\u00f3b, kt\u00f3re widzia\u0142y je wi\u0119cej ni\u017c raz. Firmy, kt\u00f3re generuj\u0105 te pliki cookie, maj\u0105 w\u0142asn\u0105 polityk\u0119 prywatno\u015bci, a my nie mamy dost\u0119pu do odczytu lub zapisu tych plik\u00f3w. Organizacje te mog\u0105 wykorzystywa\u0107 swoje pliki cookie do anonimowego kierowania reklam do u\u017cytkownika w innych witrynach internetowych na podstawie jego wizyty w naszej witrynie.<\/p>\n<h4>INNE PLIKI COOKIE STRON TRZECICH<\/h4>\n<p>Na niekt\u00f3rych stronach naszej witryny internetowej inne organizacje mog\u0105 r\u00f3wnie\u017c ustawia\u0107 w\u0142asne anonimowe pliki cookie. Robi\u0105 to, aby monitorowa\u0107 efektywno\u015b\u0107 swojej aplikacji lub aby dostosowa\u0107 aplikacj\u0119 do potrzeb u\u017cytkownika. Ze wzgl\u0119du na spos\u00f3b dzia\u0142ania plik\u00f3w cookie nasza witryna internetowa nie ma dost\u0119pu do tych plik\u00f3w, podobnie jak inne organizacje nie maj\u0105 dost\u0119pu do danych zawartych w plikach cookie, kt\u00f3re wykorzystujemy w naszej witrynie.<\/p>\n<h4>JAK ZABLOKOWA\u0106 PLIKI COOKIE?<\/h4>\n<p>Zazwyczaj istnieje mo\u017cliwo\u015b\u0107 zablokowania przez przegl\u0105dark\u0119 wszystkich plik\u00f3w cookie lub plik\u00f3w cookie z danej witryny internetowej. Bez korzystania z plik\u00f3w cookie nie mo\u017cemy okre\u015bli\u0107, czy u\u017cytkownik jest zalogowany, wi\u0119c nie b\u0119dzie on mia\u0142 mo\u017cliwo\u015bci zamieszczania komentarzy. Wszystkie wsp\u00f3\u0142czesne przegl\u0105darki internetowe pozwalaj\u0105 na zmian\u0119 ustawie\u0144 plik\u00f3w cookie. Zazwyczaj ustawienia te mo\u017cna znale\u017a\u0107 w menu Opcje lub Preferencje przegl\u0105darki. Aby zrozumie\u0107 te ustawienia, pomocne mog\u0105 by\u0107 poni\u017csze \u0142\u0105cza. Mo\u017cna te\u017c skorzysta\u0107 z opcji Pomoc w przegl\u0105darce, aby pozna\u0107 wi\u0119cej szczeg\u00f3\u0142\u00f3w.<\/p>\n<ul>\n<li><a href=\"http:\/\/windows.microsoft.com\/en-GB\/internet-explorer\/delete-manage-cookies#ie=ie-10\" target=\"_blank\" rel=\"noopener noreferrer\">Ustawienia plik\u00f3w cookie w przegl\u0105darce Internet Explorer<\/a><\/li>\n<li><a href=\"http:\/\/support.mozilla.com\/en-US\/kb\/Cookies\" target=\"_blank\" rel=\"noopener noreferrer\">Ustawienia plik\u00f3w cookie w przegl\u0105darce Firefox<\/a><\/li>\n<li><a href=\"https:\/\/support.google.com\/chrome\/answer\/95647?hl=en&amp;ref_topic=14666\" target=\"_blank\" rel=\"noopener noreferrer\">Ustawienia plik\u00f3w cookie w przegl\u0105darce Chrome<\/a><\/li>\n<li><a href=\"https:\/\/support.apple.com\/kb\/PH17191?locale=en_US\" target=\"_blank\" rel=\"noopener noreferrer\">Ustawienia plik\u00f3w cookie w przegl\u0105darce Safari <\/a><a href=\"http:\/\/support.apple.com\/kb\/HT1677\" target=\"_blank\" rel=\"noopener noreferrer\">(komputery Mac i urz\u0105dzenia z systemem iOS).<\/a><\/li>\n<\/ul>\n<p>W razie w\u0105tpliwo\u015bci dotycz\u0105cych plik\u00f3w cookie stron trzecich generowanych przez reklamodawc\u00f3w mo\u017cna je zablokowa\u0107, przechodz\u0105c do witryny <a href=\"http:\/\/www.youronlinechoices.com\/uk\" target=\"_blank\" rel=\"noopener noreferrer\">Your Online Choices <\/a>.<\/p>\n<p>Aby uzyska\u0107 wi\u0119cej informacji, mo\u017cna r\u00f3wnie\u017c odwiedzi\u0107 organizacj\u0119 handlow\u0105 reprezentuj\u0105c\u0105 te platformy reklamowe: <a href=\"http:\/\/www.networkadvertising.org\/\" target=\"_blank\" rel=\"noopener noreferrer\">Network Advertising Initiative<\/a>.<\/p>\n<h4>PRZYDATNE LINKI<\/h4>\n<p>Wi\u0119cej informacji na temat plik\u00f3w cookie i ich wykorzystania w internecie mo\u017cna znale\u017a\u0107 pod nast\u0119puj\u0105cymi adresami:<\/p>\n<ul>\n<li><a href=\"https:\/\/support.microsoft.com\/en-us\/help\/260971\/description-of-cookies\" target=\"_blank\" rel=\"noopener noreferrer\">Przewodnik dotycz\u0105cy plik\u00f3w cookie Microsoft<\/a><\/li>\n<li><a href=\"http:\/\/www.allaboutcookies.org\/\" target=\"_blank\" rel=\"noopener noreferrer\">Wszystko o plikach cookie<\/a><\/li>\n<\/ul>\n<p>IAB udost\u0119pni\u0142a nast\u0119puj\u0105c\u0105 witryn\u0119 internetow\u0105, na kt\u00f3rej znajduj\u0105 si\u0119 informacje dotycz\u0105ce kwestii ochrony prywatno\u015bci zwi\u0105zanych z reklam\u0105 internetow\u0105: <a href=\"http:\/\/www.youronlinechoices.com\/uk\/\" target=\"_blank\" rel=\"noopener noreferrer\">youronlinechoices.co.uk\/uk<\/a><\/p>\n<p>W celu uzyskania dodatkowych informacji prawnych dotycz\u0105cych kwestii prywatno\u015bci mo\u017cna skorzysta\u0107 z poni\u017cszych link\u00f3w:<\/p>\n<ul>\n<li><a href=\"http:\/\/www.opsi.gov.uk\/acts\/acts1998\/ukpga_19980029_en_1\" target=\"_blank\" rel=\"noopener noreferrer\">Ustawa o ochronie danych z 1998 r. (Data Protection Act)<\/a><\/li>\n<li><a href=\"http:\/\/www.ico.gov.uk\/\" target=\"_blank\" rel=\"noopener noreferrer\">Biuro Informacji Publicznej<\/a><\/li>\n<\/ul>\n<p>Aby skontaktowa\u0107 si\u0119 z nami w zwi\u0105zku z plikami cookie, nale\u017cy wys\u0142a\u0107 wiadomo\u015b\u0107 na adres: <a href=\"mailto:webadmin@college-park.com\">webadmin@college-park.com<\/a>.<\/p>\n<\/div>\n","protected":false},"excerpt":{"rendered":"<p>TA WITRYNA, PODOBNIE JAK WIELE INNYCH, KORZYSTA Z PLIK\u00d3W COOKIE, ABY DOSTOSOWA\u0106 SI\u0118 DO TWOICH POTRZEB. DOWIEDZ SI\u0118 WI\u0118CEJ O PLIKACH COOKIE I O TYM, JAK NIMI ZARZ\u0104DZA\u0106. Ta strona zawiera informacje na temat tego, czym s\u0105 pliki cookie, jakie rodzaje plik\u00f3w cookie s\u0105 wykorzystywane przez witryn\u0119 internetow\u0105 College Park Industries (\u201emy\u201d, \u201enas\u201d, \u201enasz\u201d, \u201eCollege &hellip; <\/p>\n<p class=\"link-more\"><a href=\"https:\/\/www.college-park.us\/pl\/polityka-cookie\/\" class=\"more-link\">Czytaj dalej<span class=\"screen-reader-text\"> \u201ePolityka Cookie\u201d<\/span><\/a><\/p>\n","protected":false},"author":1,"featured_media":0,"parent":0,"menu_order":0,"comment_status":"closed","ping_status":"closed","template":"","meta":{"_acf_changed":false,"footnotes":""},"class_list":["post-1043","page","type-page","status-publish","hentry"],"acf":[],"_links":{"self":[{"href":"https:\/\/www.college-park.us\/pl\/wp-json\/wp\/v2\/pages\/1043","targetHints":{"allow":["GET"]}}],"collection":[{"href":"https:\/\/www.college-park.us\/pl\/wp-json\/wp\/v2\/pages"}],"about":[{"href":"https:\/\/www.college-park.us\/pl\/wp-json\/wp\/v2\/types\/page"}],"author":[{"embeddable":true,"href":"https:\/\/www.college-park.us\/pl\/wp-json\/wp\/v2\/users\/1"}],"replies":[{"embeddable":true,"href":"https:\/\/www.college-park.us\/pl\/wp-json\/wp\/v2\/comments?post=1043"}],"version-history":[{"count":0,"href":"https:\/\/www.college-park.us\/pl\/wp-json\/wp\/v2\/pages\/1043\/revisions"}],"wp:attachment":[{"href":"https:\/\/www.college-park.us\/pl\/wp-json\/wp\/v2\/media?parent=1043"}],"curies":[{"name":"wp","href":"https:\/\/api.w.org\/{rel}","templated":true}]}}