{"id":824,"date":"2020-10-27T23:17:39","date_gmt":"2020-10-27T23:17:39","guid":{"rendered":"http:\/\/local-dev:99\/collegepark-intl\/osrodek-akademicki-college-park\/"},"modified":"2021-01-24T23:16:20","modified_gmt":"2021-01-24T23:16:20","slug":"osrodek-akademicki-college-park","status":"publish","type":"page","link":"https:\/\/www.college-park.us\/pl\/osrodek-akademicki-college-park\/","title":{"rendered":"O\u015brodek Akademicki College Park"},"content":{"rendered":"\t\t<div data-elementor-type=\"wp-page\" data-elementor-id=\"824\" class=\"elementor elementor-824 elementor-86\">\n\t\t\t\t\t\t<section class=\"elementor-section elementor-top-section elementor-element elementor-element-3e223a3a elementor-section-boxed elementor-section-height-default elementor-section-height-default\" data-id=\"3e223a3a\" data-element_type=\"section\">\n\t\t\t\t\t\t<div class=\"elementor-container elementor-column-gap-default\">\n\t\t\t\t\t<div class=\"elementor-column elementor-col-100 elementor-top-column elementor-element elementor-element-788a55b7\" data-id=\"788a55b7\" data-element_type=\"column\">\n\t\t\t<div class=\"elementor-widget-wrap elementor-element-populated\">\n\t\t\t\t\t\t<div class=\"elementor-element elementor-element-99587e8 elementor-widget elementor-widget-image\" data-id=\"99587e8\" data-element_type=\"widget\" data-widget_type=\"image.default\">\n\t\t\t\t<div class=\"elementor-widget-container\">\n\t\t\t\t\t\t\t\t\t\t\t\t\t\t\t<img decoding=\"async\" src=\"https:\/\/www.college-park.us\/wp-content\/uploads\/elementor\/thumbs\/logo-collegepark-campus-oybf5grxlximlxbdfnlbjyob2j9n2mv6gu38q5hh36.png\" title=\"logo-collegepark-campus\" alt=\"O\u015brodek Akademicki College Park\" loading=\"lazy\" \/>\t\t\t\t\t\t\t\t\t\t\t\t\t\t\t<\/div>\n\t\t\t\t<\/div>\n\t\t\t\t<div class=\"elementor-element elementor-element-2da80be7 elementor-widget elementor-widget-text-editor\" data-id=\"2da80be7\" data-element_type=\"widget\" data-widget_type=\"text-editor.default\">\n\t\t\t\t<div class=\"elementor-widget-container\">\n\t\t\t\t\t\t\t\t\t<h2>PRZENIE\u015a EDUKACJ\u0118 NA WY\u017bSZY POZIOM<\/h2><p>W zwi\u0105zku z szybkim post\u0119pem technologicznym wa\u017cne jest, aby pozosta\u0107 na bie\u017c\u0105co z najnowszymi innowacjami. O\u015brodek akademicki College Park oferuje mo\u017cliwo\u015bci edukacji, szkole\u0144 i certyfikacji dla protetyk\u00f3w, fizykoterapeut\u00f3w i innych pracownik\u00f3w s\u0142u\u017cby zdrowia zainteresowanych poznawaniem \u015bwiata protetyki.<\/p><p>Te kursy i zasoby pozwol\u0105 Tobie i Twoim pacjentom rozwija\u0107 si\u0119 i osi\u0105ga\u0107 satysfakcjonuj\u0105ce wyniki. O\u015brodek akademicki College Park zosta\u0142 zaprojektowany, aby pomaga\u0107 w osi\u0105ganiu nowych cel\u00f3w zawodowych, a jednocze\u015bnie zapewni\u0107 najlepsze mo\u017cliwe rozwi\u0105zania z zakresu opieki nad pacjentem.<\/p><p>To dopiero pocz\u0105tek! Nasz zesp\u00f3\u0142 specjalist\u00f3w nieustannie dodaje tre\u015bci i kursy z my\u015bl\u0105 o wszystkich zainteresowanych. Zasoby biblioteki o\u015brodka College Park regularnie si\u0119 powi\u0119kszaj\u0105, wkr\u00f3tce wi\u0119cej informacji!<\/p><p><i>Kursy College Park Campus s\u0105 dost\u0119pne w j\u0119zyku angielskim.<\/i><\/p><p><a class=\"button\" href=\"https:\/\/www.college-park.com\/education-enrollment\" target=\"_blank\" rel=\"noopener\">ZAPISZ SI\u0118<\/a><\/p>\t\t\t\t\t\t\t\t<\/div>\n\t\t\t\t<\/div>\n\t\t\t\t\t<\/div>\n\t\t<\/div>\n\t\t\t\t\t<\/div>\n\t\t<\/section>\n\t\t\t\t<\/div>\n\t\t","protected":false},"excerpt":{"rendered":"<p>PRZENIE\u015a EDUKACJ\u0118 NA WY\u017bSZY POZIOM W zwi\u0105zku z szybkim post\u0119pem technologicznym wa\u017cne jest, aby pozosta\u0107 na bie\u017c\u0105co z najnowszymi innowacjami. O\u015brodek akademicki College Park oferuje mo\u017cliwo\u015bci edukacji, szkole\u0144 i certyfikacji dla protetyk\u00f3w, fizykoterapeut\u00f3w i innych pracownik\u00f3w s\u0142u\u017cby zdrowia zainteresowanych poznawaniem \u015bwiata protetyki. Te kursy i zasoby pozwol\u0105 Tobie i Twoim pacjentom rozwija\u0107 si\u0119 i osi\u0105ga\u0107 &hellip; <\/p>\n<p class=\"link-more\"><a href=\"https:\/\/www.college-park.us\/pl\/osrodek-akademicki-college-park\/\" class=\"more-link\">Czytaj dalej<span class=\"screen-reader-text\"> \u201eO\u015brodek Akademicki College Park\u201d<\/span><\/a><\/p>\n","protected":false},"author":1,"featured_media":0,"parent":0,"menu_order":0,"comment_status":"closed","ping_status":"closed","template":"page-side-bar.php","meta":{"_acf_changed":false,"footnotes":""},"acf":[],"_links":{"self":[{"href":"https:\/\/www.college-park.us\/pl\/wp-json\/wp\/v2\/pages\/824"}],"collection":[{"href":"https:\/\/www.college-park.us\/pl\/wp-json\/wp\/v2\/pages"}],"about":[{"href":"https:\/\/www.college-park.us\/pl\/wp-json\/wp\/v2\/types\/page"}],"author":[{"embeddable":true,"href":"https:\/\/www.college-park.us\/pl\/wp-json\/wp\/v2\/users\/1"}],"replies":[{"embeddable":true,"href":"https:\/\/www.college-park.us\/pl\/wp-json\/wp\/v2\/comments?post=824"}],"version-history":[{"count":31,"href":"https:\/\/www.college-park.us\/pl\/wp-json\/wp\/v2\/pages\/824\/revisions"}],"predecessor-version":[{"id":1253,"href":"https:\/\/www.college-park.us\/pl\/wp-json\/wp\/v2\/pages\/824\/revisions\/1253"}],"wp:attachment":[{"href":"https:\/\/www.college-park.us\/pl\/wp-json\/wp\/v2\/media?parent=824"}],"curies":[{"name":"wp","href":"https:\/\/api.w.org\/{rel}","templated":true}]}}