{"id":829,"date":"2020-10-27T23:22:48","date_gmt":"2020-10-27T23:22:48","guid":{"rendered":"http:\/\/local-dev:99\/collegepark-intl\/firma\/"},"modified":"2024-09-23T15:27:12","modified_gmt":"2024-09-23T15:27:12","slug":"firma","status":"publish","type":"page","link":"https:\/\/www.college-park.us\/pl\/firma\/","title":{"rendered":"Firma"},"content":{"rendered":"\t\t<div data-elementor-type=\"wp-page\" data-elementor-id=\"829\" class=\"elementor elementor-829 elementor-8\">\n\t\t\t\t\t\t<section class=\"elementor-section elementor-top-section elementor-element elementor-element-3e223a3a elementor-section-boxed elementor-section-height-default elementor-section-height-default\" data-id=\"3e223a3a\" data-element_type=\"section\" data-e-type=\"section\">\n\t\t\t\t\t\t<div class=\"elementor-container elementor-column-gap-default\">\n\t\t\t\t\t<div class=\"elementor-column elementor-col-100 elementor-top-column elementor-element elementor-element-788a55b7\" data-id=\"788a55b7\" data-element_type=\"column\" data-e-type=\"column\">\n\t\t\t<div class=\"elementor-widget-wrap elementor-element-populated\">\n\t\t\t\t\t\t<div class=\"elementor-element elementor-element-74fb7fe elementor-widget elementor-widget-heading\" data-id=\"74fb7fe\" data-element_type=\"widget\" data-e-type=\"widget\" data-widget_type=\"heading.default\">\n\t\t\t\t<div class=\"elementor-widget-container\">\n\t\t\t\t\t<h2 class=\"elementor-heading-title elementor-size-default\">TECHNOLOGIA DLA LUDZKO\u015aCI<\/h2>\t\t\t\t<\/div>\n\t\t\t\t<\/div>\n\t\t\t\t<div class=\"elementor-element elementor-element-8aad739 elementor-widget elementor-widget-video\" data-id=\"8aad739\" data-element_type=\"widget\" data-e-type=\"widget\" data-settings=\"{&quot;youtube_url&quot;:&quot;https:\\\/\\\/youtu.be\\\/oNJ185K_aQ0&quot;,&quot;video_type&quot;:&quot;youtube&quot;,&quot;controls&quot;:&quot;yes&quot;}\" data-widget_type=\"video.default\">\n\t\t\t\t<div class=\"elementor-widget-container\">\n\t\t\t\t\t\t\t<div class=\"elementor-wrapper elementor-open-inline\">\n\t\t\t<div class=\"elementor-video\"><\/div>\t\t<\/div>\n\t\t\t\t\t\t<\/div>\n\t\t\t\t<\/div>\n\t\t\t\t<div class=\"elementor-element elementor-element-2da80be7 elementor-widget elementor-widget-text-editor\" data-id=\"2da80be7\" data-element_type=\"widget\" data-e-type=\"widget\" data-widget_type=\"text-editor.default\">\n\t\t\t\t<div class=\"elementor-widget-container\">\n\t\t\t\t\t\t\t\t\t<p style=\"font-size: 15px; line-height: 26px;\">Historia dotycz\u0105ca College Park Industries oczami Molly Null, kt\u00f3ra przesz\u0142a obustronn\u0105 amputacj\u0119 poni\u017cej kolan. Od 2008 roku Molly \u017cyje na co dzie\u0144 ze specjalnie dopasowanymi nogami wyprodukowanymi przez College Park. Zobacz jej emocjonaln\u0105 wizyt\u0119 w siedzibie College Park i zak\u0142adzie produkcyjnym w Warren w stanie Michigan. Towarzysz jej podczas spotkania z oddanym zespo\u0142em i poznawania technologii, jako\u015bci precyzji i r\u0119cznie wykonywanego procesu produkcyjnego, kt\u00f3ry wyr\u00f3\u017cnia produkty College Park na ca\u0142ym \u015bwiecie.<\/p>\r\n<p>Firma College Park Industries zosta\u0142a za\u0142o\u017cona w 1988 roku po uko\u0144czeniu pierwszego prototypu stopy Trustep. Obecnie projektujemy i produkujemy pe\u0142n\u0105 lini\u0119 anatomicznych, konfigurowalnych system\u00f3w protetycznych st\u00f3p, rozwi\u0105za\u0144 dla ko\u0144czyn g\u00f3rnych, komponent\u00f3w endoszkieletowych oraz produkt\u00f3w \u017celowych MetroLiner.<\/p>\t\t\t\t\t\t\t\t<\/div>\n\t\t\t\t<\/div>\n\t\t\t\t\t<\/div>\n\t\t<\/div>\n\t\t\t\t\t<\/div>\n\t\t<\/section>\n\t\t\t\t<section class=\"elementor-section elementor-top-section elementor-element elementor-element-7e7cf01 elementor-section-boxed elementor-section-height-default elementor-section-height-default\" data-id=\"7e7cf01\" data-element_type=\"section\" data-e-type=\"section\">\n\t\t\t\t\t\t<div class=\"elementor-container elementor-column-gap-default\">\n\t\t\t\t\t<div class=\"elementor-column elementor-col-100 elementor-top-column elementor-element elementor-element-b641f89\" data-id=\"b641f89\" data-element_type=\"column\" data-e-type=\"column\">\n\t\t\t<div class=\"elementor-widget-wrap elementor-element-populated\">\n\t\t\t\t\t\t<div class=\"elementor-element elementor-element-523fddf elementor-widget elementor-widget-image\" data-id=\"523fddf\" data-element_type=\"widget\" data-e-type=\"widget\" data-widget_type=\"image.default\">\n\t\t\t\t<div class=\"elementor-widget-container\">\n\t\t\t\t\t\t\t\t\t\t\t\t\t\t\t<img fetchpriority=\"high\" decoding=\"async\" width=\"525\" height=\"296\" src=\"https:\/\/www.college-park.us\/wp-content\/uploads\/2020\/10\/cpi-building-719.jpg\" class=\"attachment-large size-large wp-image-442\" alt=\"\" srcset=\"https:\/\/www.college-park.us\/wp-content\/uploads\/2020\/10\/cpi-building-719.jpg 719w, https:\/\/www.college-park.us\/wp-content\/uploads\/2020\/10\/cpi-building-719-600x338.jpg 600w, https:\/\/www.college-park.us\/wp-content\/uploads\/2020\/10\/cpi-building-719-300x169.jpg 300w\" sizes=\"100vw\" \/>\t\t\t\t\t\t\t\t\t\t\t\t\t\t\t<\/div>\n\t\t\t\t<\/div>\n\t\t\t\t\t<\/div>\n\t\t<\/div>\n\t\t\t\t\t<\/div>\n\t\t<\/section>\n\t\t\t\t<section class=\"elementor-section elementor-top-section elementor-element elementor-element-b107db7 elementor-section-boxed elementor-section-height-default elementor-section-height-default\" data-id=\"b107db7\" data-element_type=\"section\" data-e-type=\"section\">\n\t\t\t\t\t\t<div class=\"elementor-container elementor-column-gap-default\">\n\t\t\t\t\t<div class=\"elementor-column elementor-col-100 elementor-top-column elementor-element elementor-element-1d9d2a4\" data-id=\"1d9d2a4\" data-element_type=\"column\" data-e-type=\"column\">\n\t\t\t<div class=\"elementor-widget-wrap elementor-element-populated\">\n\t\t\t\t\t\t<div class=\"elementor-element elementor-element-d6d71d0 elementor-widget elementor-widget-text-editor\" data-id=\"d6d71d0\" data-element_type=\"widget\" data-e-type=\"widget\" data-widget_type=\"text-editor.default\">\n\t\t\t\t<div class=\"elementor-widget-container\">\n\t\t\t\t\t\t\t\t\t<p>Nasza pasj\u0105 jest technologia, innowacyjno\u015b\u0107 i tworzenie nowych standard\u00f3w, kt\u00f3re przywracaj\u0105 maksymaln\u0105 funkcjonalno\u015b\u0107 dla os\u00f3b w ka\u017cdym wieku i na ka\u017cdym poziomie aktywno\u015bci. Jeste\u015bmy dumni z tego, \u017ce mo\u017cemy zaoferowa\u0107 naszym klientom i u\u017cytkownikom naszych produkt\u00f3w zaawansowan\u0105 technologi\u0119 projektowania protetycznego, tak\u0105 jak kompozyty Intelliweave\u00ae, Enviroshells\u00ae i technologi\u0119 zintegrowanych spr\u0119\u017cyn (Integrated Spring Technology, iST\u00ae).<\/p>\r\n<p>W odr\u00f3\u017cnieniu od innych producent\u00f3w konstruujemy nasze produkty indywidualnie dla ka\u017cdego pacjenta, na podstawie ich unikalnych specyfikacji \u2013 nie zdejmujemy produkt\u00f3w z p\u00f3\u0142ek. Posiadamy certyfikat ISO 13485 i k\u0142adziemy du\u017cy nacisk na testy jako\u015bciowe, a wszystkie produkty wytwarzamy w Stanach Zjednoczonych. Dzi\u0119ki precyzyjnej in\u017cynierii i wysokiej jako\u015bci produkcji firma College Park jest zaanga\u017cowana w innowacyjne rozwi\u0105zania z zakresu poruszania si\u0119 dla u\u017cytkownik\u00f3w na ca\u0142ym \u015bwiecie.<\/p>\t\t\t\t\t\t\t\t<\/div>\n\t\t\t\t<\/div>\n\t\t\t\t\t<\/div>\n\t\t<\/div>\n\t\t\t\t\t<\/div>\n\t\t<\/section>\n\t\t\t\t<\/div>\n\t\t","protected":false},"excerpt":{"rendered":"<p>TECHNOLOGIA DLA LUDZKO\u015aCI https:\/\/youtu.be\/oNJ185K_aQ0 Historia dotycz\u0105ca College Park Industries oczami Molly Null, kt\u00f3ra przesz\u0142a obustronn\u0105 amputacj\u0119 poni\u017cej kolan. Od 2008 roku Molly \u017cyje na co dzie\u0144 ze specjalnie dopasowanymi nogami wyprodukowanymi przez College Park. Zobacz jej emocjonaln\u0105 wizyt\u0119 w siedzibie College Park i zak\u0142adzie produkcyjnym w Warren w stanie Michigan. Towarzysz jej podczas spotkania z &hellip; <\/p>\n<p class=\"link-more\"><a href=\"https:\/\/www.college-park.us\/pl\/firma\/\" class=\"more-link\">Czytaj dalej<span class=\"screen-reader-text\"> \u201eFirma\u201d<\/span><\/a><\/p>\n","protected":false},"author":1,"featured_media":0,"parent":0,"menu_order":0,"comment_status":"closed","ping_status":"closed","template":"page-side-bar.php","meta":{"_acf_changed":false,"footnotes":""},"class_list":["post-829","page","type-page","status-publish","hentry"],"acf":[],"_links":{"self":[{"href":"https:\/\/www.college-park.us\/pl\/wp-json\/wp\/v2\/pages\/829","targetHints":{"allow":["GET"]}}],"collection":[{"href":"https:\/\/www.college-park.us\/pl\/wp-json\/wp\/v2\/pages"}],"about":[{"href":"https:\/\/www.college-park.us\/pl\/wp-json\/wp\/v2\/types\/page"}],"author":[{"embeddable":true,"href":"https:\/\/www.college-park.us\/pl\/wp-json\/wp\/v2\/users\/1"}],"replies":[{"embeddable":true,"href":"https:\/\/www.college-park.us\/pl\/wp-json\/wp\/v2\/comments?post=829"}],"version-history":[{"count":13,"href":"https:\/\/www.college-park.us\/pl\/wp-json\/wp\/v2\/pages\/829\/revisions"}],"predecessor-version":[{"id":6579,"href":"https:\/\/www.college-park.us\/pl\/wp-json\/wp\/v2\/pages\/829\/revisions\/6579"}],"wp:attachment":[{"href":"https:\/\/www.college-park.us\/pl\/wp-json\/wp\/v2\/media?parent=829"}],"curies":[{"name":"wp","href":"https:\/\/api.w.org\/{rel}","templated":true}]}}