{"id":837,"date":"2020-10-27T23:26:39","date_gmt":"2020-10-27T23:26:39","guid":{"rendered":"http:\/\/local-dev:99\/collegepark-intl\/kontakt\/"},"modified":"2021-03-03T15:42:57","modified_gmt":"2021-03-03T15:42:57","slug":"kontakt","status":"publish","type":"page","link":"https:\/\/www.college-park.us\/pl\/kontakt\/","title":{"rendered":"Kontakt"},"content":{"rendered":"\t\t<div data-elementor-type=\"wp-page\" data-elementor-id=\"837\" class=\"elementor elementor-837 elementor-9\">\n\t\t\t\t\t\t<section class=\"elementor-section elementor-top-section elementor-element elementor-element-2fd56ac elementor-section-boxed elementor-section-height-default elementor-section-height-default\" data-id=\"2fd56ac\" data-element_type=\"section\">\n\t\t\t\t\t\t<div class=\"elementor-container elementor-column-gap-default\">\n\t\t\t\t\t<div class=\"elementor-column elementor-col-100 elementor-top-column elementor-element elementor-element-3eda97b5\" data-id=\"3eda97b5\" data-element_type=\"column\">\n\t\t\t<div class=\"elementor-widget-wrap elementor-element-populated\">\n\t\t\t\t\t\t<div class=\"elementor-element elementor-element-5522d23 elementor-widget elementor-widget-text-editor\" data-id=\"5522d23\" data-element_type=\"widget\" data-widget_type=\"text-editor.default\">\n\t\t\t\t<div class=\"elementor-widget-container\">\n\t\t\t\t\t\t\t\t\t<p>Interesuj\u0105 Ci\u0119 produkty College Park? Ch\u0119tnie pomo\u017cemy. Aby rozpocz\u0105\u0107 wsp\u00f3\u0142prac\u0119, prosimy o kontakt z lokalnym dystrybutorem. <\/p>\n\t\t\t\t\t\t\t\t<\/div>\n\t\t\t\t<\/div>\n\t\t\t\t\t<\/div>\n\t\t<\/div>\n\t\t\t\t\t<\/div>\n\t\t<\/section>\n\t\t\t\t<section class=\"elementor-section elementor-top-section elementor-element elementor-element-6c6514e elementor-section-boxed elementor-section-height-default elementor-section-height-default\" data-id=\"6c6514e\" data-element_type=\"section\">\n\t\t\t\t\t\t<div class=\"elementor-container elementor-column-gap-default\">\n\t\t\t\t\t<div class=\"elementor-column elementor-col-50 elementor-top-column elementor-element elementor-element-d2ff459\" data-id=\"d2ff459\" data-element_type=\"column\">\n\t\t\t<div class=\"elementor-widget-wrap elementor-element-populated\">\n\t\t\t\t\t\t<div class=\"elementor-element elementor-element-48b14a8 elementor-widget elementor-widget-google_maps\" data-id=\"48b14a8\" data-element_type=\"widget\" data-widget_type=\"google_maps.default\">\n\t\t\t\t<div class=\"elementor-widget-container\">\n\t\t\t\t\t\t\t<div class=\"elementor-custom-embed\">\n\t\t\t<iframe loading=\"lazy\"\n\t\t\t\t\tsrc=\"https:\/\/maps.google.com\/maps?q=27955%20College%20Park%20Drive%2C%20Warren%2C%20MI%2048044&#038;t=m&#038;z=10&#038;output=embed&#038;iwloc=near\"\n\t\t\t\t\ttitle=\"27955 College Park Drive, Warren, MI 48044\"\n\t\t\t\t\taria-label=\"27955 College Park Drive, Warren, MI 48044\"\n\t\t\t><\/iframe>\n\t\t<\/div>\n\t\t\t\t\t\t<\/div>\n\t\t\t\t<\/div>\n\t\t\t\t<div class=\"elementor-element elementor-element-c81bd52 elementor-widget elementor-widget-text-editor\" data-id=\"c81bd52\" data-element_type=\"widget\" data-widget_type=\"text-editor.default\">\n\t\t\t\t<div class=\"elementor-widget-container\">\n\t\t\t\t\t\t\t\t\t<h4>SIEDZIBA G\u0141\u00d3WNA COLLEGE PARK<\/h4><p>27955 College Park Drive<br \/>Warren, MI 48044, USA<br \/><strong>Telefon:<\/strong> <a href=\"tel:+1-800-728-7950\">+1 800-728-7950<\/a> | <a href=\"tel:+1-800-728-7950\">+1 586-294-7950<\/a><br \/><strong>Faks:<\/strong> 800-294-0067 | 586-294-0067<br \/><strong>E-mail<\/strong> <a href=\"mailto:orders@college-park.com\">orders@college-park.com<\/a><\/p>\t\t\t\t\t\t\t\t<\/div>\n\t\t\t\t<\/div>\n\t\t\t\t\t<\/div>\n\t\t<\/div>\n\t\t\t\t<div class=\"elementor-column elementor-col-50 elementor-top-column elementor-element elementor-element-dc9382c\" data-id=\"dc9382c\" data-element_type=\"column\">\n\t\t\t<div class=\"elementor-widget-wrap elementor-element-populated\">\n\t\t\t\t\t\t<div class=\"elementor-element elementor-element-3c89eb9 elementor-widget elementor-widget-google_maps\" data-id=\"3c89eb9\" data-element_type=\"widget\" data-widget_type=\"google_maps.default\">\n\t\t\t\t<div class=\"elementor-widget-container\">\n\t\t\t\t\t\t\t<div class=\"elementor-custom-embed\">\n\t\t\t<iframe loading=\"lazy\"\n\t\t\t\t\tsrc=\"https:\/\/maps.google.com\/maps?q=26%2C%2071-612%20Szczecin&#038;t=m&#038;z=10&#038;output=embed&#038;iwloc=near\"\n\t\t\t\t\ttitle=\"26, 71-612 Szczecin\"\n\t\t\t\t\taria-label=\"26, 71-612 Szczecin\"\n\t\t\t><\/iframe>\n\t\t<\/div>\n\t\t\t\t\t\t<\/div>\n\t\t\t\t<\/div>\n\t\t\t\t<div class=\"elementor-element elementor-element-feaffba elementor-widget elementor-widget-text-editor\" data-id=\"feaffba\" data-element_type=\"widget\" data-widget_type=\"text-editor.default\">\n\t\t\t\t<div class=\"elementor-widget-container\">\n\t\t\t\t\t\t\t\t\t<h4>Jacka Malczewskiego<\/h4><p>26, 71-612 Szczecin<br \/><strong>Telefon:<\/strong> <a href=\"tel:+48 128812570\">+48 128812570<\/a><br \/><strong>E-mail:<\/strong> <a href=\"mailto:orders.polska@ossur.com\">orders.polska@ossur.com<\/a><\/p>\t\t\t\t\t\t\t\t<\/div>\n\t\t\t\t<\/div>\n\t\t\t\t\t<\/div>\n\t\t<\/div>\n\t\t\t\t\t<\/div>\n\t\t<\/section>\n\t\t\t\t<\/div>\n\t\t","protected":false},"excerpt":{"rendered":"<p>Interesuj\u0105 Ci\u0119 produkty College Park? Ch\u0119tnie pomo\u017cemy. Aby rozpocz\u0105\u0107 wsp\u00f3\u0142prac\u0119, prosimy o kontakt z lokalnym dystrybutorem. SIEDZIBA G\u0141\u00d3WNA COLLEGE PARK 27955 College Park DriveWarren, MI 48044, USATelefon: +1 800-728-7950 | +1 586-294-7950Faks: 800-294-0067 | 586-294-0067E-mail orders@college-park.com Jacka Malczewskiego 26, 71-612 SzczecinTelefon: +48 128812570E-mail: orders.polska@ossur.com<\/p>\n","protected":false},"author":1,"featured_media":0,"parent":0,"menu_order":0,"comment_status":"closed","ping_status":"closed","template":"page-side-bar.php","meta":{"_acf_changed":false,"footnotes":""},"acf":[],"_links":{"self":[{"href":"https:\/\/www.college-park.us\/pl\/wp-json\/wp\/v2\/pages\/837"}],"collection":[{"href":"https:\/\/www.college-park.us\/pl\/wp-json\/wp\/v2\/pages"}],"about":[{"href":"https:\/\/www.college-park.us\/pl\/wp-json\/wp\/v2\/types\/page"}],"author":[{"embeddable":true,"href":"https:\/\/www.college-park.us\/pl\/wp-json\/wp\/v2\/users\/1"}],"replies":[{"embeddable":true,"href":"https:\/\/www.college-park.us\/pl\/wp-json\/wp\/v2\/comments?post=837"}],"version-history":[{"count":9,"href":"https:\/\/www.college-park.us\/pl\/wp-json\/wp\/v2\/pages\/837\/revisions"}],"predecessor-version":[{"id":1292,"href":"https:\/\/www.college-park.us\/pl\/wp-json\/wp\/v2\/pages\/837\/revisions\/1292"}],"wp:attachment":[{"href":"https:\/\/www.college-park.us\/pl\/wp-json\/wp\/v2\/media?parent=837"}],"curies":[{"name":"wp","href":"https:\/\/api.w.org\/{rel}","templated":true}]}}