{"id":2663,"date":"2022-01-27T14:19:36","date_gmt":"2022-01-27T14:19:36","guid":{"rendered":"https:\/\/www.college-park.us\/?post_type=product&#038;p=2663"},"modified":"2022-01-27T19:13:40","modified_gmt":"2022-01-27T19:13:40","slug":"scout","status":"publish","type":"product","link":"https:\/\/www.college-park.us\/pl\/produkt\/scout\/","title":{"rendered":"Scout"},"content":{"rendered":"","protected":false},"excerpt":{"rendered":"<h2>Przygody s\u0105 \u0142atwe<\/h2>\n<p>Scout oferuje stabilny zwrot energii i wzrost, aby nad\u0105\u017cy\u0107 za dzie\u0107mi. Dzi\u0119ki wykorzystaniu technologii kompozytowej College Park Intelliweave\u00ae z wytrzyma\u0142ym w\u0142\u00f3knem w\u0119glowym ta stopa dzieci\u0119ca zosta\u0142a stworzona, by zapewni\u0107 p\u0142ynny ruch, wytrzyma\u0142o\u015b\u0107 i gi\u0119tko\u015b\u0107 konieczne do zabawy. Poniewa\u017c dzieci rosn\u0105 i zmieniaj\u0105 si\u0119 ka\u017cdego dnia, Scout towarzyszy im w tej podr\u00f3\u017cy dzi\u0119ki szerokiej gamie rozmiar\u00f3w i mo\u017cliwo\u015bci zmiany wielko\u015bci obudowy stopy. Dost\u0119pne s\u0105 cztery r\u00f3\u017cne opcje mocowania, aby spe\u0142ni\u0107 konkretne potrzeby ka\u017cdego dziecka. Ta niewymagaj\u0105ca konserwacji stopa jest lekka, mo\u017ce by\u0107 moczona w wodzie s\u0142odkiej i jest stworzona dla m\u0142odzie\u017cy.<\/p>\n","protected":false},"featured_media":2676,"template":"","meta":{"_acf_changed":false},"product_brand":[],"product_cat":[55],"product_tag":[],"class_list":{"0":"post-2663","1":"product","2":"type-product","3":"status-publish","4":"has-post-thumbnail","6":"product_cat-stopy-protezowe","8":"first","9":"instock","10":"shipping-taxable","11":"product-type-simple"},"acf":[],"_links":{"self":[{"href":"https:\/\/www.college-park.us\/pl\/wp-json\/wp\/v2\/product\/2663","targetHints":{"allow":["GET"]}}],"collection":[{"href":"https:\/\/www.college-park.us\/pl\/wp-json\/wp\/v2\/product"}],"about":[{"href":"https:\/\/www.college-park.us\/pl\/wp-json\/wp\/v2\/types\/product"}],"wp:featuredmedia":[{"embeddable":true,"href":"https:\/\/www.college-park.us\/pl\/wp-json\/wp\/v2\/media\/2676"}],"wp:attachment":[{"href":"https:\/\/www.college-park.us\/pl\/wp-json\/wp\/v2\/media?parent=2663"}],"wp:term":[{"taxonomy":"product_brand","embeddable":true,"href":"https:\/\/www.college-park.us\/pl\/wp-json\/wp\/v2\/product_brand?post=2663"},{"taxonomy":"product_cat","embeddable":true,"href":"https:\/\/www.college-park.us\/pl\/wp-json\/wp\/v2\/product_cat?post=2663"},{"taxonomy":"product_tag","embeddable":true,"href":"https:\/\/www.college-park.us\/pl\/wp-json\/wp\/v2\/product_tag?post=2663"}],"curies":[{"name":"wp","href":"https:\/\/api.w.org\/{rel}","templated":true}]}}