{"id":2793,"date":"2022-01-27T14:35:24","date_gmt":"2022-01-27T14:35:24","guid":{"rendered":"https:\/\/www.college-park.us\/product\/adapter-skretny\/"},"modified":"2022-01-27T19:02:33","modified_gmt":"2022-01-27T19:02:33","slug":"adapter-skretny","status":"publish","type":"product","link":"https:\/\/www.college-park.us\/pl\/produkt\/adapter-skretny\/","title":{"rendered":"Adapter skr\u0119tny"},"content":{"rendered":"","protected":false},"excerpt":{"rendered":"<p>Nowe adaptery skr\u0119tne College Park zaprojektowano, aby umo\u017cliwi\u0107 p\u0142ynny obr\u00f3t podczas redukcji si\u0142 dzia\u0142aj\u0105cych na gniazdo i pozosta\u0142\u0105 cz\u0119\u015b\u0107 ko\u0144czyny pacjenta. Ten trwa\u0142y komponent wykonany z tytanu i stali nierdzewnej mo\u017cna \u0142atwo dopasowa\u0107 do protezy. Zapewnia on maksymalnie 20\u00b0 rotacji wewn\u0119trznej i zewn\u0119trznej. U\u017cytkownicy mog\u0105 \u0142atwo wykonywa\u0107 ruchy skr\u0119tne i obrotowe, co mo\u017ce poprawia\u0107 komfort podczas chodzenia i czynno\u015bci rekreacyjnych, takich jak gra w golfa lub tenisa czy je\u017cd\u017cenie na deskorolce.<\/p>\n","protected":false},"featured_media":2716,"template":"","meta":{"_acf_changed":false},"product_cat":[53],"product_tag":[],"acf":[],"_links":{"self":[{"href":"https:\/\/www.college-park.us\/pl\/wp-json\/wp\/v2\/product\/2793"}],"collection":[{"href":"https:\/\/www.college-park.us\/pl\/wp-json\/wp\/v2\/product"}],"about":[{"href":"https:\/\/www.college-park.us\/pl\/wp-json\/wp\/v2\/types\/product"}],"wp:featuredmedia":[{"embeddable":true,"href":"https:\/\/www.college-park.us\/pl\/wp-json\/wp\/v2\/media\/2716"}],"wp:attachment":[{"href":"https:\/\/www.college-park.us\/pl\/wp-json\/wp\/v2\/media?parent=2793"}],"wp:term":[{"taxonomy":"product_cat","embeddable":true,"href":"https:\/\/www.college-park.us\/pl\/wp-json\/wp\/v2\/product_cat?post=2793"},{"taxonomy":"product_tag","embeddable":true,"href":"https:\/\/www.college-park.us\/pl\/wp-json\/wp\/v2\/product_tag?post=2793"}],"curies":[{"name":"wp","href":"https:\/\/api.w.org\/{rel}","templated":true}]}}