{"id":3494,"date":"2022-04-28T13:35:17","date_gmt":"2022-04-28T13:35:17","guid":{"rendered":"https:\/\/www.college-park.us\/product\/voyager\/"},"modified":"2022-04-28T13:49:48","modified_gmt":"2022-04-28T13:49:48","slug":"voyager","status":"publish","type":"product","link":"https:\/\/www.college-park.us\/pl\/produkt\/voyager\/","title":{"rendered":"Voyager"},"content":{"rendered":"","protected":false},"excerpt":{"rendered":"<h2>Poczuj komfort odkrywania<\/h2>\n<p>Proteza Voyager firmy College Park zosta\u0142a zaprojektowana tak, aby zapewnia\u0142a niezr\u00f3wnany komfort i rotacj\u0119 podczas ka\u017cdej w\u0119dr\u00f3wki. Dzi\u0119ki amortyzacji wstrz\u0105s\u00f3w pionowych, reaguj\u0105cym spr\u0119\u017cynom i wbudowanej jednostce skr\u0119tnej ta stopa protezowa wysokiej klasy mo\u017ce by\u0107 bardziej naturalna dla u\u017cytkownika. Doskona\u0142y zakres ruch\u00f3w odpowiada r\u00f3\u017cnym poziomom aktywno\u015bci. Elegancka proteza Voyager wykorzystuje podej\u015bcie, kt\u00f3rego podstaw\u0105 jest materia\u0142 hybrydowy \u2013 po\u0142\u0105czenie gi\u0119tkich kompozyt\u00f3w Intelliweave\u00ae i w\u0142\u00f3kna w\u0119glowego dla maksymalnej funkcjonalno\u015bci.<\/p>\n","protected":false},"featured_media":3464,"template":"","meta":{"_acf_changed":false},"product_brand":[],"product_cat":[55],"product_tag":[],"class_list":{"0":"post-3494","1":"product","2":"type-product","3":"status-publish","4":"has-post-thumbnail","6":"product_cat-stopy-protezowe","8":"first","9":"instock","10":"shipping-taxable","11":"product-type-simple"},"acf":[],"_links":{"self":[{"href":"https:\/\/www.college-park.us\/pl\/wp-json\/wp\/v2\/product\/3494","targetHints":{"allow":["GET"]}}],"collection":[{"href":"https:\/\/www.college-park.us\/pl\/wp-json\/wp\/v2\/product"}],"about":[{"href":"https:\/\/www.college-park.us\/pl\/wp-json\/wp\/v2\/types\/product"}],"wp:featuredmedia":[{"embeddable":true,"href":"https:\/\/www.college-park.us\/pl\/wp-json\/wp\/v2\/media\/3464"}],"wp:attachment":[{"href":"https:\/\/www.college-park.us\/pl\/wp-json\/wp\/v2\/media?parent=3494"}],"wp:term":[{"taxonomy":"product_brand","embeddable":true,"href":"https:\/\/www.college-park.us\/pl\/wp-json\/wp\/v2\/product_brand?post=3494"},{"taxonomy":"product_cat","embeddable":true,"href":"https:\/\/www.college-park.us\/pl\/wp-json\/wp\/v2\/product_cat?post=3494"},{"taxonomy":"product_tag","embeddable":true,"href":"https:\/\/www.college-park.us\/pl\/wp-json\/wp\/v2\/product_tag?post=3494"}],"curies":[{"name":"wp","href":"https:\/\/api.w.org\/{rel}","templated":true}]}}