{"id":3679,"date":"2022-07-22T19:16:41","date_gmt":"2022-07-22T19:16:41","guid":{"rendered":"https:\/\/www.college-park.us\/product\/orbit\/"},"modified":"2022-07-22T19:16:41","modified_gmt":"2022-07-22T19:16:41","slug":"orbit","status":"publish","type":"product","link":"https:\/\/www.college-park.us\/pl\/produkt\/orbit\/","title":{"rendered":"Orbit"},"content":{"rendered":"","protected":false},"excerpt":{"rendered":"<h2>PUNKT ZWROTNY<\/h2>\n<p>\u015awiat wiruje wok\u00f3\u0142 nas. Nowa stopa Orbit zosta\u0142a zaprojektowana tak, aby umo\u017cliwi\u0107 p\u0142ynny obr\u00f3t i przetaczanie. Unikatowa wbudowana funkcja skr\u0119tu College Park ma zintegrowany zwrot energii, kt\u00f3ry mo\u017ce poprawi\u0107 komfort podczas gry w golfa, baseball, tenisa i nie tylko! Wytrzyma\u0142y Orbit oferuje niewiarygodnie niski profil i ca\u0142kowity zakres obrotu o 40\u00b0. W tej stopie wykorzystano r\u00f3wnie\u017c do\u015bwiadczenie firmy College Park w zakresie kompozyt\u00f3w w konstrukcji z w\u0142\u00f3kna w\u0119glowego, co pomaga w uzyskaniu dynamicznej reakcji w trakcie aktywno\u015bci o niskim lub du\u017cym oddzia\u0142ywaniu.<\/p>\n","protected":false},"featured_media":3575,"template":"","meta":{"_acf_changed":false},"product_brand":[],"product_cat":[55],"product_tag":[],"class_list":{"0":"post-3679","1":"product","2":"type-product","3":"status-publish","4":"has-post-thumbnail","6":"product_cat-stopy-protezowe","8":"first","9":"instock","10":"shipping-taxable","11":"product-type-simple"},"acf":[],"_links":{"self":[{"href":"https:\/\/www.college-park.us\/pl\/wp-json\/wp\/v2\/product\/3679","targetHints":{"allow":["GET"]}}],"collection":[{"href":"https:\/\/www.college-park.us\/pl\/wp-json\/wp\/v2\/product"}],"about":[{"href":"https:\/\/www.college-park.us\/pl\/wp-json\/wp\/v2\/types\/product"}],"wp:featuredmedia":[{"embeddable":true,"href":"https:\/\/www.college-park.us\/pl\/wp-json\/wp\/v2\/media\/3575"}],"wp:attachment":[{"href":"https:\/\/www.college-park.us\/pl\/wp-json\/wp\/v2\/media?parent=3679"}],"wp:term":[{"taxonomy":"product_brand","embeddable":true,"href":"https:\/\/www.college-park.us\/pl\/wp-json\/wp\/v2\/product_brand?post=3679"},{"taxonomy":"product_cat","embeddable":true,"href":"https:\/\/www.college-park.us\/pl\/wp-json\/wp\/v2\/product_cat?post=3679"},{"taxonomy":"product_tag","embeddable":true,"href":"https:\/\/www.college-park.us\/pl\/wp-json\/wp\/v2\/product_tag?post=3679"}],"curies":[{"name":"wp","href":"https:\/\/api.w.org\/{rel}","templated":true}]}}