{"id":3768,"date":"2022-10-20T14:56:20","date_gmt":"2022-10-20T14:56:21","guid":{"rendered":"https:\/\/www.college-park.us\/?post_type=product&#038;p=3768"},"modified":"2022-10-26T20:55:25","modified_gmt":"2022-10-26T20:55:25","slug":"celsus-ivt","status":"publish","type":"product","link":"https:\/\/www.college-park.us\/pl\/produkt\/celsus-ivt\/","title":{"rendered":"Celsus iVT"},"content":{"rendered":"","protected":false},"excerpt":{"rendered":"<h3>Komfort i zintegrowana pr\u00f3\u017cnia<\/h3>\n<p>Systemy pr\u00f3\u017cniowe mog\u0105 by\u0107 wielk\u0105 korzy\u015bci\u0105 dla pacjent\u00f3w, umo\u017cliwiaj\u0105c im zmniejszenie waha\u0144 obj\u0119to\u015bci ko\u0144czyny i ruchu t\u0142oka<sup>[1,2,3]<\/sup>. Technologia Integrated Vacuum Technology (iVT) firmy College Park zosta\u0142a zaprojektowana do zwi\u0119kszania podci\u015bnienia do 20 inHg w mniejszej liczbie krok\u00f3w, co pozwala pacjentom skutecznie osi\u0105gn\u0105\u0107 optymaln\u0105 pr\u00f3\u017cni\u0119*. Dzi\u0119ki ulepszonemu zawieszeniu na kikucie ta niskoprofilowa stopa mo\u017ce poprawi\u0107 komfort i og\u00f3lny stan zdrowia ko\u0144czyny. Proteza Celsus iVT jest r\u00f3wnie\u017c wyposa\u017cona w technologi\u0119 Integrated Spring Technology (iST\u00ae) i kompozyty Intelliweave\u00ae zapewniaj\u0105ce energi\u0119, wytrzyma\u0142o\u015b\u0107 i elastyczno\u015b\u0107. <\/p>\n<p style=\"font-size:14px;\"><i>* Wyniki mog\u0105 si\u0119 r\u00f3\u017cni\u0107 w zale\u017cno\u015bci od mobilno\u015bci i aktywno\u015bci. Maksymalne osi\u0105galne podci\u015bnienie waha si\u0119 od 18 do 22 inHg.<\/i><\/p>\n","protected":false},"featured_media":3783,"template":"","meta":{"_acf_changed":false},"product_brand":[],"product_cat":[55],"product_tag":[],"class_list":{"0":"post-3768","1":"product","2":"type-product","3":"status-publish","4":"has-post-thumbnail","6":"product_cat-stopy-protezowe","8":"first","9":"instock","10":"shipping-taxable","11":"product-type-simple"},"acf":[],"_links":{"self":[{"href":"https:\/\/www.college-park.us\/pl\/wp-json\/wp\/v2\/product\/3768","targetHints":{"allow":["GET"]}}],"collection":[{"href":"https:\/\/www.college-park.us\/pl\/wp-json\/wp\/v2\/product"}],"about":[{"href":"https:\/\/www.college-park.us\/pl\/wp-json\/wp\/v2\/types\/product"}],"wp:featuredmedia":[{"embeddable":true,"href":"https:\/\/www.college-park.us\/pl\/wp-json\/wp\/v2\/media\/3783"}],"wp:attachment":[{"href":"https:\/\/www.college-park.us\/pl\/wp-json\/wp\/v2\/media?parent=3768"}],"wp:term":[{"taxonomy":"product_brand","embeddable":true,"href":"https:\/\/www.college-park.us\/pl\/wp-json\/wp\/v2\/product_brand?post=3768"},{"taxonomy":"product_cat","embeddable":true,"href":"https:\/\/www.college-park.us\/pl\/wp-json\/wp\/v2\/product_cat?post=3768"},{"taxonomy":"product_tag","embeddable":true,"href":"https:\/\/www.college-park.us\/pl\/wp-json\/wp\/v2\/product_tag?post=3768"}],"curies":[{"name":"wp","href":"https:\/\/api.w.org\/{rel}","templated":true}]}}