{"id":3844,"date":"2022-10-20T15:16:56","date_gmt":"2022-10-20T15:16:57","guid":{"rendered":"https:\/\/www.college-park.us\/?post_type=product&#038;p=3844"},"modified":"2022-10-20T16:56:25","modified_gmt":"2022-10-20T16:56:25","slug":"tres-ivt","status":"publish","type":"product","link":"https:\/\/www.college-park.us\/pl\/produkt\/tres-ivt\/","title":{"rendered":"Tr\u00e8s iVT"},"content":{"rendered":"","protected":false},"excerpt":{"rendered":"<h3>Wytrzyma\u0142o\u015b\u0107 i zintegrowana pr\u00f3\u017cnia K2<\/h3>\n<p>Dla os\u00f3b poszukuj\u0105cych korzy\u015bci zwi\u0105zanych z pr\u00f3\u017cni\u0105 przy wy\u017cszym limicie masy cia\u0142a firma College Park oferuje model Tempo\/Tr\u00e9s iVT! Ta niskoprofilowa, lekka stopa jest wyposa\u017cona w technologi\u0119 Integrated Vacuum Technology (iVT) firmy College Park, zaprojektowan\u0105 do osi\u0105gania podci\u015bnienia do 20 inHg w mniejszej liczbie krok\u00f3w*. Pozwala to pacjentom skutecznie osi\u0105gn\u0105\u0107 optymaln\u0105 pr\u00f3\u017cni\u0119. Bezobs\u0142ugowa konstrukcja jest wyposa\u017cona w modu\u0142 podeszwowy z d\u017awigni\u0105 palc\u00f3w o pe\u0142nej d\u0142ugo\u015bci, zapewniaj\u0105cy magazynowanie energii pozwalaj\u0105ce na naturaln\u0105 reakcj\u0119 i dodatkowy kontakt z pod\u0142o\u017cem dla lepszej stabilno\u015bci. <\/p>\n<p style=\"font-size:14px;\"><i>* Wyniki mog\u0105 si\u0119 r\u00f3\u017cni\u0107 w zale\u017cno\u015bci od mobilno\u015bci i aktywno\u015bci. Maksymalne osi\u0105galne podci\u015bnienie waha si\u0119 od 18 do 22 inHg.<\/i><\/p>\n","protected":false},"featured_media":3859,"template":"","meta":{"_acf_changed":false},"product_brand":[],"product_cat":[55],"product_tag":[],"class_list":{"0":"post-3844","1":"product","2":"type-product","3":"status-publish","4":"has-post-thumbnail","6":"product_cat-stopy-protezowe","8":"first","9":"instock","10":"shipping-taxable","11":"product-type-simple"},"acf":[],"_links":{"self":[{"href":"https:\/\/www.college-park.us\/pl\/wp-json\/wp\/v2\/product\/3844","targetHints":{"allow":["GET"]}}],"collection":[{"href":"https:\/\/www.college-park.us\/pl\/wp-json\/wp\/v2\/product"}],"about":[{"href":"https:\/\/www.college-park.us\/pl\/wp-json\/wp\/v2\/types\/product"}],"wp:featuredmedia":[{"embeddable":true,"href":"https:\/\/www.college-park.us\/pl\/wp-json\/wp\/v2\/media\/3859"}],"wp:attachment":[{"href":"https:\/\/www.college-park.us\/pl\/wp-json\/wp\/v2\/media?parent=3844"}],"wp:term":[{"taxonomy":"product_brand","embeddable":true,"href":"https:\/\/www.college-park.us\/pl\/wp-json\/wp\/v2\/product_brand?post=3844"},{"taxonomy":"product_cat","embeddable":true,"href":"https:\/\/www.college-park.us\/pl\/wp-json\/wp\/v2\/product_cat?post=3844"},{"taxonomy":"product_tag","embeddable":true,"href":"https:\/\/www.college-park.us\/pl\/wp-json\/wp\/v2\/product_tag?post=3844"}],"curies":[{"name":"wp","href":"https:\/\/api.w.org\/{rel}","templated":true}]}}