{"id":411,"date":"2020-10-21T20:49:32","date_gmt":"2020-10-21T20:49:32","guid":{"rendered":"http:\/\/local-dev:99\/collegepark-intl\/product\/velocity\/"},"modified":"2020-11-17T16:32:51","modified_gmt":"2020-11-17T16:32:51","slug":"velocity","status":"publish","type":"product","link":"https:\/\/www.college-park.us\/pl\/produkt\/velocity\/","title":{"rendered":"Velocity"},"content":{"rendered":"","protected":false},"excerpt":{"rendered":"<h3>DO\u0141ADUJ SI\u0118<\/h3>\n<p>Niedawno przeprojektowana i wzmocniona stopa protezowa Velocity\u00ae jest wyposa\u017cona w wsp\u00f3\u0142pracuj\u0105ce ze sob\u0105 spr\u0119\u017cyny palcowe, kt\u00f3re zapewniaj\u0105 progresywn\u0105, dynamiczn\u0105 reakcj\u0119. P\u0142ynny ruch przetaczania pozwala na wygodne poruszanie si\u0119 w terenie, zapewniaj\u0105c komfort nawet przy silnych wstrz\u0105sach. Stopa \u0142\u0105czy w sobie wysok\u0105 funkcjonalno\u015b\u0107 dla os\u00f3b poszukuj\u0105cych wra\u017ce\u0144 i konstrukcj\u0119 niewymagaj\u0105c\u0105 konserwacji.<\/p>\n","protected":false},"featured_media":413,"template":"","meta":{"_acf_changed":false},"product_brand":[],"product_cat":[55],"product_tag":[],"class_list":{"0":"post-411","1":"product","2":"type-product","3":"status-publish","4":"has-post-thumbnail","6":"product_cat-stopy-protezowe","8":"first","9":"instock","10":"shipping-taxable","11":"product-type-simple"},"acf":[],"_links":{"self":[{"href":"https:\/\/www.college-park.us\/pl\/wp-json\/wp\/v2\/product\/411","targetHints":{"allow":["GET"]}}],"collection":[{"href":"https:\/\/www.college-park.us\/pl\/wp-json\/wp\/v2\/product"}],"about":[{"href":"https:\/\/www.college-park.us\/pl\/wp-json\/wp\/v2\/types\/product"}],"wp:featuredmedia":[{"embeddable":true,"href":"https:\/\/www.college-park.us\/pl\/wp-json\/wp\/v2\/media\/413"}],"wp:attachment":[{"href":"https:\/\/www.college-park.us\/pl\/wp-json\/wp\/v2\/media?parent=411"}],"wp:term":[{"taxonomy":"product_brand","embeddable":true,"href":"https:\/\/www.college-park.us\/pl\/wp-json\/wp\/v2\/product_brand?post=411"},{"taxonomy":"product_cat","embeddable":true,"href":"https:\/\/www.college-park.us\/pl\/wp-json\/wp\/v2\/product_cat?post=411"},{"taxonomy":"product_tag","embeddable":true,"href":"https:\/\/www.college-park.us\/pl\/wp-json\/wp\/v2\/product_tag?post=411"}],"curies":[{"name":"wp","href":"https:\/\/api.w.org\/{rel}","templated":true}]}}