{"id":5103,"date":"2023-05-24T16:00:33","date_gmt":"2023-05-24T16:00:33","guid":{"rendered":"https:\/\/www.college-park.us\/product\/aviator\/"},"modified":"2023-05-24T16:23:43","modified_gmt":"2023-05-24T16:23:43","slug":"aviator","status":"publish","type":"product","link":"https:\/\/www.college-park.us\/pl\/produkt\/aviator\/","title":{"rendered":"Aviator"},"content":{"rendered":"","protected":false},"excerpt":{"rendered":"<h2>Szybuj przez \u017cycie<\/h2>\n<p>Aviator to nowa, lekka stopa, zaprojektowana, aby zapewnia\u0107 \u015bwietny zwrot energii, komfort i\u00a0amortyzacj\u0119 wstrz\u0105s\u00f3w w\u00a0pionie przy ka\u017cdym kroku. Ta smuk\u0142a stopa \u0142\u0105czy elastyczny kompozyt Intelliweave\u00ae z\u00a0dynamicznie oddzia\u0142uj\u0105cymi w\u0142\u00f3knami w\u0119glowymi oraz wykorzystuje hybrydowo po\u0142\u0105czone materia\u0142y w\u00a0swoich spr\u0119\u017cynach. Cechy te skutkuj\u0105 niesamowitym zakresem ruch\u00f3w, kt\u00f3ry czyni je idealnym do wielu aktywno\u015bci i\u00a0dla wielu u\u017cytkownik\u00f3w. Kiedy w\u00a0\u017cyciu pojawi\u0105 si\u0119 turbulencje, Aviator pozwoli pozosta\u0107 na w\u0142a\u015bciwym kursie.<\/p>\n","protected":false},"featured_media":5018,"template":"","meta":{"_acf_changed":false},"product_cat":[55],"product_tag":[],"acf":[],"_links":{"self":[{"href":"https:\/\/www.college-park.us\/pl\/wp-json\/wp\/v2\/product\/5103"}],"collection":[{"href":"https:\/\/www.college-park.us\/pl\/wp-json\/wp\/v2\/product"}],"about":[{"href":"https:\/\/www.college-park.us\/pl\/wp-json\/wp\/v2\/types\/product"}],"wp:featuredmedia":[{"embeddable":true,"href":"https:\/\/www.college-park.us\/pl\/wp-json\/wp\/v2\/media\/5018"}],"wp:attachment":[{"href":"https:\/\/www.college-park.us\/pl\/wp-json\/wp\/v2\/media?parent=5103"}],"wp:term":[{"taxonomy":"product_cat","embeddable":true,"href":"https:\/\/www.college-park.us\/pl\/wp-json\/wp\/v2\/product_cat?post=5103"},{"taxonomy":"product_tag","embeddable":true,"href":"https:\/\/www.college-park.us\/pl\/wp-json\/wp\/v2\/product_tag?post=5103"}],"curies":[{"name":"wp","href":"https:\/\/api.w.org\/{rel}","templated":true}]}}