{"id":6257,"date":"2024-08-20T14:22:52","date_gmt":"2024-08-20T14:22:52","guid":{"rendered":"https:\/\/www.college-park.us\/product\/aura\/"},"modified":"2024-08-21T18:20:07","modified_gmt":"2024-08-21T18:20:07","slug":"aura","status":"publish","type":"product","link":"https:\/\/www.college-park.us\/pl\/produkt\/aura\/","title":{"rendered":"Aura"},"content":{"rendered":"","protected":false},"excerpt":{"rendered":"<p>Nasz idealny model Aura od College Park jest wygodny, intuicyjny i dobrze osadzony. Nowa proteza policentryczna Aura zosta\u0142a zaprojektowana, aby zapewni\u0107 stabilno\u015b\u0107 i ulg\u0119 u\u017cytkownikom nara\u017conym na niewielkie obci\u0105\u017cenia. Dzi\u0119ki unikalnemu mechanizmowi blokuj\u0105cemu i prostej regulacji w zakresie 4 mm, Aura wykracza poza zwyk\u0142e wsparcie fizyczne. Mo\u017ce ona stwarzy\u0107 nowe mo\u017cliwo\u015bci w zakresie mobilno\u015bci i zapewni\u0107 poczucie komfortu.<\/p>\n","protected":false},"featured_media":6153,"template":"","meta":{"_acf_changed":false},"product_cat":[54],"product_tag":[],"acf":[],"_links":{"self":[{"href":"https:\/\/www.college-park.us\/pl\/wp-json\/wp\/v2\/product\/6257"}],"collection":[{"href":"https:\/\/www.college-park.us\/pl\/wp-json\/wp\/v2\/product"}],"about":[{"href":"https:\/\/www.college-park.us\/pl\/wp-json\/wp\/v2\/types\/product"}],"wp:featuredmedia":[{"embeddable":true,"href":"https:\/\/www.college-park.us\/pl\/wp-json\/wp\/v2\/media\/6153"}],"wp:attachment":[{"href":"https:\/\/www.college-park.us\/pl\/wp-json\/wp\/v2\/media?parent=6257"}],"wp:term":[{"taxonomy":"product_cat","embeddable":true,"href":"https:\/\/www.college-park.us\/pl\/wp-json\/wp\/v2\/product_cat?post=6257"},{"taxonomy":"product_tag","embeddable":true,"href":"https:\/\/www.college-park.us\/pl\/wp-json\/wp\/v2\/product_tag?post=6257"}],"curies":[{"name":"wp","href":"https:\/\/api.w.org\/{rel}","templated":true}]}}