{"id":6295,"date":"2024-08-30T13:29:17","date_gmt":"2024-08-30T13:29:17","guid":{"rendered":"https:\/\/www.college-park.us\/?post_type=product&#038;p=6295"},"modified":"2024-08-30T13:54:10","modified_gmt":"2024-08-30T13:54:10","slug":"icon","status":"publish","type":"product","link":"https:\/\/www.college-park.us\/pl\/produkt\/icon\/","title":{"rendered":"Icon"},"content":{"rendered":"","protected":false},"excerpt":{"rendered":"<h2>Nowy standard doskona\u0142o\u015bci<\/h2>\n<p>Staw kolanowy Icon z mikroprocesorem gwarantuje przyjazne u\u017cytkownikowi do\u015bwiadczenia zar\u00f3wno pacjentom, jak i lekarzom. Czu\u0142e sensory, uproszczona konfiguracja i intuicyjna aplikacja Stride Studio, to funkcje tego dynamicznego kolana zapewniaj\u0105ce wzrost pewno\u015bci siebie u\u017cytkownika. Lekarze mog\u0105 z \u0142atwo\u015bci\u0105 uzyska\u0107 dost\u0119p do regulacji, tryb\u00f3w niestandardowych i wielu innych dodatk\u00f3w w aplikacji Stride Studio. Nasz zesp\u00f3\u0142 opracowa\u0142 opatentowan\u0105 technologi\u0119, dzi\u0119ki kt\u00f3rej implant Icon nie ma sobie r\u00f3wnych w\u015br\u00f3d innych implant\u00f3w \u2013 zapewniaj\u0105c niezwyk\u0142\u0105 precyzj\u0119, kr\u00f3tszy czas reakcji i ni\u017csz\u0105 wag\u0119. Dzi\u0119ki wytrzyma\u0142ej baterii i klasie ochrony IP68 implant Icon jest wszechstronnym rozwi\u0105zaniem dla u\u017cytkownik\u00f3w o ka\u017cdym poziomie aktywno\u015bci fizycznej.<\/p>\n","protected":false},"featured_media":6366,"template":"","meta":{"_acf_changed":false},"product_brand":[],"product_cat":[54],"product_tag":[],"class_list":{"0":"post-6295","1":"product","2":"type-product","3":"status-publish","4":"has-post-thumbnail","6":"product_cat-kolana","8":"first","9":"instock","10":"shipping-taxable","11":"product-type-simple"},"acf":[],"_links":{"self":[{"href":"https:\/\/www.college-park.us\/pl\/wp-json\/wp\/v2\/product\/6295","targetHints":{"allow":["GET"]}}],"collection":[{"href":"https:\/\/www.college-park.us\/pl\/wp-json\/wp\/v2\/product"}],"about":[{"href":"https:\/\/www.college-park.us\/pl\/wp-json\/wp\/v2\/types\/product"}],"wp:featuredmedia":[{"embeddable":true,"href":"https:\/\/www.college-park.us\/pl\/wp-json\/wp\/v2\/media\/6366"}],"wp:attachment":[{"href":"https:\/\/www.college-park.us\/pl\/wp-json\/wp\/v2\/media?parent=6295"}],"wp:term":[{"taxonomy":"product_brand","embeddable":true,"href":"https:\/\/www.college-park.us\/pl\/wp-json\/wp\/v2\/product_brand?post=6295"},{"taxonomy":"product_cat","embeddable":true,"href":"https:\/\/www.college-park.us\/pl\/wp-json\/wp\/v2\/product_cat?post=6295"},{"taxonomy":"product_tag","embeddable":true,"href":"https:\/\/www.college-park.us\/pl\/wp-json\/wp\/v2\/product_tag?post=6295"}],"curies":[{"name":"wp","href":"https:\/\/api.w.org\/{rel}","templated":true}]}}