{"id":740,"date":"2020-09-25T13:24:54","date_gmt":"2020-09-25T13:24:54","guid":{"rendered":"http:\/\/local-dev:99\/collegepark-intl\/product\/soleus\/"},"modified":"2020-12-21T22:41:58","modified_gmt":"2020-12-21T22:41:58","slug":"soleus","status":"publish","type":"product","link":"https:\/\/www.college-park.us\/pl\/produkt\/soleus\/","title":{"rendered":"Soleus"},"content":{"rendered":"","protected":false},"excerpt":{"rendered":"<h3>SPR\u0118\u017bYNY W AKCJI<\/h3>\n<p>Soleus\u00ae to pierwszy produkt, w kt\u00f3rym zastosowano technologi\u0119 zintegrowanych spr\u0119\u017cyn (Integrated Spring Technology, iST\u00ae). Zapewnia naturalny ruch z progresywn\u0105, 3-stopniow\u0105 reakcj\u0105 i doskona\u0142ym zakresem. Zintegrowane modu\u0142y spr\u0119\u017cyn Intelliweave\u00ae tworz\u0105 w stopie Soleus twarde i elastyczne wi\u0119zad\u0142o podeszwowe, kt\u00f3re reaguje na r\u00f3\u017cne bod\u017ace. Unikalna, skalowana konstrukcja zapewnia r\u00f3wnie\u017c 10 mm amortyzacji w pionie, co pozwala uzyska\u0107 bezkonkurencyjny komfort. Soleus jest odpowiedni zar\u00f3wno dla os\u00f3b o umiarkowanie aktywnym stylu \u017cycia, jak i dla intensywnie trenuj\u0105cych sportowc\u00f3w paraolimpijskich.<\/p>\n","protected":false},"featured_media":430,"template":"","meta":{"_acf_changed":false},"product_brand":[],"product_cat":[55],"product_tag":[],"class_list":{"0":"post-740","1":"product","2":"type-product","3":"status-publish","4":"has-post-thumbnail","6":"product_cat-stopy-protezowe","8":"first","9":"instock","10":"shipping-taxable","11":"product-type-simple"},"acf":[],"_links":{"self":[{"href":"https:\/\/www.college-park.us\/pl\/wp-json\/wp\/v2\/product\/740","targetHints":{"allow":["GET"]}}],"collection":[{"href":"https:\/\/www.college-park.us\/pl\/wp-json\/wp\/v2\/product"}],"about":[{"href":"https:\/\/www.college-park.us\/pl\/wp-json\/wp\/v2\/types\/product"}],"wp:featuredmedia":[{"embeddable":true,"href":"https:\/\/www.college-park.us\/pl\/wp-json\/wp\/v2\/media\/430"}],"wp:attachment":[{"href":"https:\/\/www.college-park.us\/pl\/wp-json\/wp\/v2\/media?parent=740"}],"wp:term":[{"taxonomy":"product_brand","embeddable":true,"href":"https:\/\/www.college-park.us\/pl\/wp-json\/wp\/v2\/product_brand?post=740"},{"taxonomy":"product_cat","embeddable":true,"href":"https:\/\/www.college-park.us\/pl\/wp-json\/wp\/v2\/product_cat?post=740"},{"taxonomy":"product_tag","embeddable":true,"href":"https:\/\/www.college-park.us\/pl\/wp-json\/wp\/v2\/product_tag?post=740"}],"curies":[{"name":"wp","href":"https:\/\/api.w.org\/{rel}","templated":true}]}}