{"id":741,"date":"2020-10-22T13:27:23","date_gmt":"2020-10-22T13:27:23","guid":{"rendered":"http:\/\/local-dev:99\/collegepark-intl\/product\/venture\/"},"modified":"2020-11-17T16:31:05","modified_gmt":"2020-11-17T16:31:05","slug":"venture","status":"publish","type":"product","link":"https:\/\/www.college-park.us\/pl\/produkt\/venture\/","title":{"rendered":"Venture"},"content":{"rendered":"","protected":false},"excerpt":{"rendered":"<h3>OPTYMALNE DOPASOWANIE<\/h3>\n<p>Modu\u0142 podeszwowy o pe\u0142nej d\u0142ugo\u015bci zapewnia dynamiczn\u0105 prac\u0119 stopy Venture\u00ae i zwi\u0119kszony zakres ruchu dla bardziej aktywnych u\u017cytkownik\u00f3w. Wysokiej klasy zderzaki i elastyczne modu\u0142y Intelliweave\u00ae wsp\u00f3\u0142pracuj\u0105 ze sob\u0105 w celu uzyskania najlepszej progresywnej reakcji. Tr\u00f3josiowa stopa o indywidualnie dopasowanej konstrukcji jest wyposa\u017cona w nasz\u0105 wyj\u0105tkow\u0105 technologi\u0119 Stride Control\u00ae, kt\u00f3ra umo\u017cliwia \u0142atwe dopasowanie bez konieczno\u015bci demonta\u017cu.<\/p>\n","protected":false},"featured_media":460,"template":"","meta":{"_acf_changed":false},"product_brand":[],"product_cat":[55],"product_tag":[],"class_list":{"0":"post-741","1":"product","2":"type-product","3":"status-publish","4":"has-post-thumbnail","6":"product_cat-stopy-protezowe","8":"first","9":"instock","10":"shipping-taxable","11":"product-type-simple"},"acf":[],"_links":{"self":[{"href":"https:\/\/www.college-park.us\/pl\/wp-json\/wp\/v2\/product\/741","targetHints":{"allow":["GET"]}}],"collection":[{"href":"https:\/\/www.college-park.us\/pl\/wp-json\/wp\/v2\/product"}],"about":[{"href":"https:\/\/www.college-park.us\/pl\/wp-json\/wp\/v2\/types\/product"}],"wp:featuredmedia":[{"embeddable":true,"href":"https:\/\/www.college-park.us\/pl\/wp-json\/wp\/v2\/media\/460"}],"wp:attachment":[{"href":"https:\/\/www.college-park.us\/pl\/wp-json\/wp\/v2\/media?parent=741"}],"wp:term":[{"taxonomy":"product_brand","embeddable":true,"href":"https:\/\/www.college-park.us\/pl\/wp-json\/wp\/v2\/product_brand?post=741"},{"taxonomy":"product_cat","embeddable":true,"href":"https:\/\/www.college-park.us\/pl\/wp-json\/wp\/v2\/product_cat?post=741"},{"taxonomy":"product_tag","embeddable":true,"href":"https:\/\/www.college-park.us\/pl\/wp-json\/wp\/v2\/product_tag?post=741"}],"curies":[{"name":"wp","href":"https:\/\/api.w.org\/{rel}","templated":true}]}}