{"id":752,"date":"2020-10-22T17:14:59","date_gmt":"2020-10-22T17:14:59","guid":{"rendered":"http:\/\/local-dev:99\/collegepark-intl\/product\/trustep\/"},"modified":"2020-11-17T16:33:55","modified_gmt":"2020-11-17T16:33:55","slug":"trustep","status":"publish","type":"product","link":"https:\/\/www.college-park.us\/pl\/produkt\/trustep\/","title":{"rendered":"Trustep"},"content":{"rendered":"","protected":false},"excerpt":{"rendered":"<h3>IDEALNY WYB\u00d3R DLA CODZIENNEGO \u017bYCIA<\/h3>\n<p>Oryginalny i bezkonkurencyjny Trustep\u00ae wyznacza standardy niezr\u00f3wnanego komfortu i naturalnie odczuwalnej mobilno\u015bci. Jako pierwszy zapewnia prawid\u0142owy ruch we wszystkich p\u0142aszczyznach, pozwalaj\u0105c na niemal taki sam ruch w pionie i rotacji oraz stabilno\u015b\u0107 jak anatomiczna stopa. Dzi\u0119ki pe\u0142nemu zakresowi dost\u0119pnych opcji wszechstronna konstrukcja umo\u017cliwia pe\u0142n\u0105 personalizacj\u0119.<\/p>\n","protected":false},"featured_media":474,"template":"","meta":{"_acf_changed":false},"product_brand":[],"product_cat":[55],"product_tag":[],"class_list":{"0":"post-752","1":"product","2":"type-product","3":"status-publish","4":"has-post-thumbnail","6":"product_cat-stopy-protezowe","8":"first","9":"instock","10":"shipping-taxable","11":"product-type-simple"},"acf":[],"_links":{"self":[{"href":"https:\/\/www.college-park.us\/pl\/wp-json\/wp\/v2\/product\/752","targetHints":{"allow":["GET"]}}],"collection":[{"href":"https:\/\/www.college-park.us\/pl\/wp-json\/wp\/v2\/product"}],"about":[{"href":"https:\/\/www.college-park.us\/pl\/wp-json\/wp\/v2\/types\/product"}],"wp:featuredmedia":[{"embeddable":true,"href":"https:\/\/www.college-park.us\/pl\/wp-json\/wp\/v2\/media\/474"}],"wp:attachment":[{"href":"https:\/\/www.college-park.us\/pl\/wp-json\/wp\/v2\/media?parent=752"}],"wp:term":[{"taxonomy":"product_brand","embeddable":true,"href":"https:\/\/www.college-park.us\/pl\/wp-json\/wp\/v2\/product_brand?post=752"},{"taxonomy":"product_cat","embeddable":true,"href":"https:\/\/www.college-park.us\/pl\/wp-json\/wp\/v2\/product_cat?post=752"},{"taxonomy":"product_tag","embeddable":true,"href":"https:\/\/www.college-park.us\/pl\/wp-json\/wp\/v2\/product_tag?post=752"}],"curies":[{"name":"wp","href":"https:\/\/api.w.org\/{rel}","templated":true}]}}