{"id":758,"date":"2020-10-22T18:46:44","date_gmt":"2020-10-22T18:46:44","guid":{"rendered":"http:\/\/local-dev:99\/collegepark-intl\/product\/tribute\/"},"modified":"2020-11-17T16:34:21","modified_gmt":"2020-11-17T16:34:21","slug":"tribute","status":"publish","type":"product","link":"https:\/\/www.college-park.us\/pl\/produkt\/tribute\/","title":{"rendered":"Tribute"},"content":{"rendered":"","protected":false},"excerpt":{"rendered":"<h3>SPO\u0141ECZNA MOBILNO\u015a\u0106<\/h3>\n<p>Tribute\u00ae zapewnia niezawodn\u0105 wydajno\u015b\u0107 w warto\u015bciowym pakiecie z tr\u00f3josiow\u0105 konstrukcj\u0105 i technologi\u0105 kompozytow\u0105 Intelliweave\u00ae. Niewielka waga w po\u0142\u0105czeniu z modu\u0142em podeszwowym o pe\u0142nej d\u0142ugo\u015bci i z niskim zakresem reakcji pozwala na pe\u0142ny zakres ruchu i stabilne oparcie na zr\u00f3\u017cnicowanym terenie. Tribute jest idealnym rozwi\u0105zaniem dla pocz\u0105tkuj\u0105cych u\u017cytkownik\u00f3w oraz os\u00f3b o niskiej lub umiarkowanej mobilno\u015bci.<\/p>\n","protected":false},"featured_media":490,"template":"","meta":{"_acf_changed":false},"product_brand":[],"product_cat":[55],"product_tag":[],"class_list":{"0":"post-758","1":"product","2":"type-product","3":"status-publish","4":"has-post-thumbnail","6":"product_cat-stopy-protezowe","8":"first","9":"instock","10":"shipping-taxable","11":"product-type-simple"},"acf":[],"_links":{"self":[{"href":"https:\/\/www.college-park.us\/pl\/wp-json\/wp\/v2\/product\/758","targetHints":{"allow":["GET"]}}],"collection":[{"href":"https:\/\/www.college-park.us\/pl\/wp-json\/wp\/v2\/product"}],"about":[{"href":"https:\/\/www.college-park.us\/pl\/wp-json\/wp\/v2\/types\/product"}],"wp:featuredmedia":[{"embeddable":true,"href":"https:\/\/www.college-park.us\/pl\/wp-json\/wp\/v2\/media\/490"}],"wp:attachment":[{"href":"https:\/\/www.college-park.us\/pl\/wp-json\/wp\/v2\/media?parent=758"}],"wp:term":[{"taxonomy":"product_brand","embeddable":true,"href":"https:\/\/www.college-park.us\/pl\/wp-json\/wp\/v2\/product_brand?post=758"},{"taxonomy":"product_cat","embeddable":true,"href":"https:\/\/www.college-park.us\/pl\/wp-json\/wp\/v2\/product_cat?post=758"},{"taxonomy":"product_tag","embeddable":true,"href":"https:\/\/www.college-park.us\/pl\/wp-json\/wp\/v2\/product_tag?post=758"}],"curies":[{"name":"wp","href":"https:\/\/api.w.org\/{rel}","templated":true}]}}