{"id":765,"date":"2020-10-22T20:41:14","date_gmt":"2020-10-22T20:41:14","guid":{"rendered":"http:\/\/local-dev:99\/collegepark-intl\/product\/odyssey-k3\/"},"modified":"2020-11-17T16:37:34","modified_gmt":"2020-11-17T16:37:34","slug":"odyssey-k3","status":"publish","type":"product","link":"https:\/\/www.college-park.us\/pl\/produkt\/odyssey-k3\/","title":{"rendered":"Odyssey K3"},"content":{"rendered":"","protected":false},"excerpt":{"rendered":"<h3>DYNAMICZNE KSZTA\u0141TY<\/h3>\n<p>Przedstawiamy kolejny produkt z linii st\u00f3p hydraulicznych Odyssey od College Park. Stopy hydrauliczne charakteryzuj\u0105 si\u0119 zwi\u0119kszonym kontaktem z pod\u0142o\u017cem, zmniejszeniem nacisku na lej i popraw\u0105 stabilno\u015bci kolan. Odyssey K3\u00ae wykorzystuje opatentowany, hydrauliczny staw skokowy z zakrzywionym cylindrem oraz podstaw\u0119 stopy z w\u0142\u00f3kna w\u0119glowego o zwi\u0119kszonym zakresie ruchu, co zapewnia wi\u0119ksz\u0105 dynamik\u0119 reakcji. Wytrzyma\u0142a obudowa stawu skokowego i ustawienie k\u0105towe zosta\u0142o zaprojektowane z my\u015bl\u0105 o u\u017cytkownikach, kt\u00f3rzy s\u0105 w stanie utrzyma\u0107 r\u00f3wnowag\u0119 bez pomocy. Po\u0142\u0105czenie p\u0142ynnej hydrauliki i dynamicznej podstawy stopy daje wyj\u0105tkowe mo\u017cliwo\u015bci podczas takich aktywno\u015bci jak intensywne spacery po mie\u015bcie lub w\u0119dr\u00f3wki w terenie.<\/p>\n","protected":false},"featured_media":516,"template":"","meta":{"_acf_changed":false},"product_brand":[],"product_cat":[55],"product_tag":[],"class_list":{"0":"post-765","1":"product","2":"type-product","3":"status-publish","4":"has-post-thumbnail","6":"product_cat-stopy-protezowe","8":"first","9":"instock","10":"shipping-taxable","11":"product-type-simple"},"acf":[],"_links":{"self":[{"href":"https:\/\/www.college-park.us\/pl\/wp-json\/wp\/v2\/product\/765","targetHints":{"allow":["GET"]}}],"collection":[{"href":"https:\/\/www.college-park.us\/pl\/wp-json\/wp\/v2\/product"}],"about":[{"href":"https:\/\/www.college-park.us\/pl\/wp-json\/wp\/v2\/types\/product"}],"wp:featuredmedia":[{"embeddable":true,"href":"https:\/\/www.college-park.us\/pl\/wp-json\/wp\/v2\/media\/516"}],"wp:attachment":[{"href":"https:\/\/www.college-park.us\/pl\/wp-json\/wp\/v2\/media?parent=765"}],"wp:term":[{"taxonomy":"product_brand","embeddable":true,"href":"https:\/\/www.college-park.us\/pl\/wp-json\/wp\/v2\/product_brand?post=765"},{"taxonomy":"product_cat","embeddable":true,"href":"https:\/\/www.college-park.us\/pl\/wp-json\/wp\/v2\/product_cat?post=765"},{"taxonomy":"product_tag","embeddable":true,"href":"https:\/\/www.college-park.us\/pl\/wp-json\/wp\/v2\/product_tag?post=765"}],"curies":[{"name":"wp","href":"https:\/\/api.w.org\/{rel}","templated":true}]}}