{"id":770,"date":"2020-10-22T20:51:40","date_gmt":"2020-10-22T20:51:40","guid":{"rendered":"http:\/\/local-dev:99\/collegepark-intl\/product\/odyssey-k2\/"},"modified":"2020-11-17T16:38:33","modified_gmt":"2020-11-17T16:38:33","slug":"odyssey-k2","status":"publish","type":"product","link":"https:\/\/www.college-park.us\/pl\/produkt\/odyssey-k2\/","title":{"rendered":"Odyssey K2"},"content":{"rendered":"","protected":false},"excerpt":{"rendered":"<h3>P\u0141YNNE KSZTA\u0141TY<\/h3>\n<p>Stopy hydrauliczne mog\u0105 zapewni\u0107 pacjentom K2 imponuj\u0105cy zakres kontrolowanego ruchu., Ponadto wspomagaj\u0105 absorpcj\u0119 si\u0142y, zwi\u0119kszaj\u0105 stabilno\u015b\u0107 kolan i promuj\u0105 prawid\u0142ow\u0105 postaw\u0119 cia\u0142a. Daje to r\u00f3wnie\u017c pacjentowi mo\u017cliwo\u015b\u0107 utrzymania stopy na p\u0142asko z p\u0142ynnym przej\u015bciem od siedzenia do stania, co zapewnia komfortowy, naturalny wygl\u0105d. Stopa Odyssey K2\u00ae od College Park ma opatentowany, hydrauliczny staw skokowy z zakrzywionym cylindrem, kompozytow\u0105 baz\u0119 stopy wykonan\u0105 w technologii Intelliweave\u00ae oraz system dual Stride Control\u00ae z mo\u017cliwo\u015bci\u0105 indywidualnego dopasowania. Ta rewolucyjna stopa zapewnia doskona\u0142y zakres ruchu przy lekkiej i niskoprofilowej konstrukcji, co stanowi bezkonkurencyjne po\u0142\u0105czenie korzy\u015bci dla pacjent\u00f3w K2.<\/p>\n","protected":false},"featured_media":526,"template":"","meta":{"_acf_changed":false},"product_brand":[],"product_cat":[55],"product_tag":[],"class_list":{"0":"post-770","1":"product","2":"type-product","3":"status-publish","4":"has-post-thumbnail","6":"product_cat-stopy-protezowe","8":"first","9":"instock","10":"shipping-taxable","11":"product-type-simple"},"acf":[],"_links":{"self":[{"href":"https:\/\/www.college-park.us\/pl\/wp-json\/wp\/v2\/product\/770","targetHints":{"allow":["GET"]}}],"collection":[{"href":"https:\/\/www.college-park.us\/pl\/wp-json\/wp\/v2\/product"}],"about":[{"href":"https:\/\/www.college-park.us\/pl\/wp-json\/wp\/v2\/types\/product"}],"wp:featuredmedia":[{"embeddable":true,"href":"https:\/\/www.college-park.us\/pl\/wp-json\/wp\/v2\/media\/526"}],"wp:attachment":[{"href":"https:\/\/www.college-park.us\/pl\/wp-json\/wp\/v2\/media?parent=770"}],"wp:term":[{"taxonomy":"product_brand","embeddable":true,"href":"https:\/\/www.college-park.us\/pl\/wp-json\/wp\/v2\/product_brand?post=770"},{"taxonomy":"product_cat","embeddable":true,"href":"https:\/\/www.college-park.us\/pl\/wp-json\/wp\/v2\/product_cat?post=770"},{"taxonomy":"product_tag","embeddable":true,"href":"https:\/\/www.college-park.us\/pl\/wp-json\/wp\/v2\/product_tag?post=770"}],"curies":[{"name":"wp","href":"https:\/\/api.w.org\/{rel}","templated":true}]}}