{"id":776,"date":"2020-10-22T21:04:44","date_gmt":"2020-10-22T21:04:44","guid":{"rendered":"http:\/\/local-dev:99\/collegepark-intl\/product\/celsus\/"},"modified":"2020-11-17T16:38:56","modified_gmt":"2020-11-17T16:38:56","slug":"celsus","status":"publish","type":"product","link":"https:\/\/www.college-park.us\/pl\/produkt\/celsus\/","title":{"rendered":"Celsus"},"content":{"rendered":"","protected":false},"excerpt":{"rendered":"<h3>NISKA AKTYWNO\u015a\u0106 NIE OZNACZA NISKIEJ FUNKCJONALNO\u015aCI<\/h3>\n<p>Model Celsus\u00ae firmy College Park wprowadza innowacyjn\u0105 technologi\u0119 zintegrowanych spr\u0119\u017cyn (iST\u00ae) do konstrukcji przystosowanej do mniejszych obci\u0105\u017ce\u0144. Stopa ma aktywn\u0105 pi\u0119t\u0119, doskona\u0142y kontakt z pod\u0142o\u017cem i naturalny ruch, kt\u00f3ry zapewnia p\u0142ynne, stabilne przej\u015bcia. Wytrzyma\u0142a, a zarazem lekka stopa Celsus zapewnia anatomiczn\u0105 funkcjonalno\u015b\u0107 dla pacjent\u00f3w, kt\u00f3rych aktywno\u015b\u0107 jest niska lub umiarkowana.<\/p>\n","protected":false},"featured_media":534,"template":"","meta":{"_acf_changed":false},"product_cat":[55],"product_tag":[],"acf":[],"_links":{"self":[{"href":"https:\/\/www.college-park.us\/pl\/wp-json\/wp\/v2\/product\/776"}],"collection":[{"href":"https:\/\/www.college-park.us\/pl\/wp-json\/wp\/v2\/product"}],"about":[{"href":"https:\/\/www.college-park.us\/pl\/wp-json\/wp\/v2\/types\/product"}],"wp:featuredmedia":[{"embeddable":true,"href":"https:\/\/www.college-park.us\/pl\/wp-json\/wp\/v2\/media\/534"}],"wp:attachment":[{"href":"https:\/\/www.college-park.us\/pl\/wp-json\/wp\/v2\/media?parent=776"}],"wp:term":[{"taxonomy":"product_cat","embeddable":true,"href":"https:\/\/www.college-park.us\/pl\/wp-json\/wp\/v2\/product_cat?post=776"},{"taxonomy":"product_tag","embeddable":true,"href":"https:\/\/www.college-park.us\/pl\/wp-json\/wp\/v2\/product_tag?post=776"}],"curies":[{"name":"wp","href":"https:\/\/api.w.org\/{rel}","templated":true}]}}