{"id":782,"date":"2020-10-23T14:00:36","date_gmt":"2020-10-23T14:00:36","guid":{"rendered":"http:\/\/local-dev:99\/collegepark-intl\/product\/tres\/"},"modified":"2020-12-02T19:25:55","modified_gmt":"2020-12-02T19:25:55","slug":"tres","status":"publish","type":"product","link":"https:\/\/www.college-park.us\/pl\/produkt\/tres\/","title":{"rendered":"Tr\u00e8s"},"content":{"rendered":"","protected":false},"excerpt":{"rendered":"<h3>ODZYSKAJ SW\u00d3J RYTM<\/h3>\n<p>Tr\u00e9s\u00ae to stopa klasy ekonomicznej oferuj\u0105ca doskona\u0142e dopasowanie chodu gwarantowane przez College Park. Bezobs\u0142ugowa konstrukcja jest wyposa\u017cona w modu\u0142 podeszwowy o pe\u0142nej d\u0142ugo\u015bci, zapewniaj\u0105cy zmagazynowan\u0105 energi\u0119 pozwalaj\u0105cy na naturaln\u0105 reakcj\u0119 i dodatkowy kontakt z pod\u0142o\u017cem dla stabilno\u015bci. Tr\u00e8s jest konstruowany na indywidualne zam\u00f3wienie i jest idealnym rozwi\u0105zaniem dla pacjent\u00f3w, kt\u00f3rych aktywno\u015b\u0107 jest umiarkowana i kt\u00f3rzy potrzebuj\u0105 dodatkowej trwa\u0142o\u015bci oraz kontrolowanego zakresu ruch\u00f3w.<\/p>\n","protected":false},"featured_media":3532,"template":"","meta":{"_acf_changed":false},"product_cat":[55],"product_tag":[],"acf":[],"_links":{"self":[{"href":"https:\/\/www.college-park.us\/pl\/wp-json\/wp\/v2\/product\/782"}],"collection":[{"href":"https:\/\/www.college-park.us\/pl\/wp-json\/wp\/v2\/product"}],"about":[{"href":"https:\/\/www.college-park.us\/pl\/wp-json\/wp\/v2\/types\/product"}],"wp:featuredmedia":[{"embeddable":true,"href":"https:\/\/www.college-park.us\/pl\/wp-json\/wp\/v2\/media\/3532"}],"wp:attachment":[{"href":"https:\/\/www.college-park.us\/pl\/wp-json\/wp\/v2\/media?parent=782"}],"wp:term":[{"taxonomy":"product_cat","embeddable":true,"href":"https:\/\/www.college-park.us\/pl\/wp-json\/wp\/v2\/product_cat?post=782"},{"taxonomy":"product_tag","embeddable":true,"href":"https:\/\/www.college-park.us\/pl\/wp-json\/wp\/v2\/product_tag?post=782"}],"curies":[{"name":"wp","href":"https:\/\/api.w.org\/{rel}","templated":true}]}}