{"id":7870,"date":"2025-11-11T21:09:22","date_gmt":"2025-11-11T21:09:22","guid":{"rendered":"https:\/\/www.college-park.us\/?post_type=product&#038;p=7870"},"modified":"2025-12-17T15:52:03","modified_gmt":"2025-12-17T15:52:03","slug":"30mm-tytan","status":"publish","type":"product","link":"https:\/\/www.college-park.us\/pl\/produkt\/30mm-tytan\/","title":{"rendered":"\u0141\u0105cznik rurowy 30 mm, tytan"},"content":{"rendered":"","protected":false},"excerpt":{"rendered":"<p>Zaawansowane technicznie stopy potrzebuj\u0105 zaawansowanych technicznie komponent\u00f3w. Firma College Park starannie zaprojektowa\u0142a lini\u0119 komponent\u00f3w endo z wykorzystaniem wysokiej klasy tytanu, stali nierdzewnej i aluminium, aby uzyska\u0107 doskona\u0142e wyniki i spok\u00f3j ducha. Zaprojektowany i przetestowany pod k\u0105tem odporno\u015bci na korozj\u0119 wodoodporny wspornik zosta\u0142 zatwierdzony do u\u017cytku w zanurzeniu w oceanie i basenach z chlorowan\u0105 wod\u0105. <\/p>\n","protected":false},"featured_media":7881,"template":"","meta":{"_acf_changed":false},"product_brand":[],"product_cat":[53],"product_tag":[],"class_list":{"0":"post-7870","1":"product","2":"type-product","3":"status-publish","4":"has-post-thumbnail","6":"product_cat-konczyny-dolne","8":"first","9":"instock","10":"shipping-taxable","11":"product-type-simple"},"acf":[],"_links":{"self":[{"href":"https:\/\/www.college-park.us\/pl\/wp-json\/wp\/v2\/product\/7870","targetHints":{"allow":["GET"]}}],"collection":[{"href":"https:\/\/www.college-park.us\/pl\/wp-json\/wp\/v2\/product"}],"about":[{"href":"https:\/\/www.college-park.us\/pl\/wp-json\/wp\/v2\/types\/product"}],"wp:featuredmedia":[{"embeddable":true,"href":"https:\/\/www.college-park.us\/pl\/wp-json\/wp\/v2\/media\/7881"}],"wp:attachment":[{"href":"https:\/\/www.college-park.us\/pl\/wp-json\/wp\/v2\/media?parent=7870"}],"wp:term":[{"taxonomy":"product_brand","embeddable":true,"href":"https:\/\/www.college-park.us\/pl\/wp-json\/wp\/v2\/product_brand?post=7870"},{"taxonomy":"product_cat","embeddable":true,"href":"https:\/\/www.college-park.us\/pl\/wp-json\/wp\/v2\/product_cat?post=7870"},{"taxonomy":"product_tag","embeddable":true,"href":"https:\/\/www.college-park.us\/pl\/wp-json\/wp\/v2\/product_tag?post=7870"}],"curies":[{"name":"wp","href":"https:\/\/api.w.org\/{rel}","templated":true}]}}