{"id":798,"date":"2020-10-23T16:34:14","date_gmt":"2020-10-23T16:34:14","guid":{"rendered":"http:\/\/local-dev:99\/collegepark-intl\/product\/breeze\/"},"modified":"2020-11-17T16:39:53","modified_gmt":"2020-11-17T16:39:53","slug":"breeze","status":"publish","type":"product","link":"https:\/\/www.college-park.us\/pl\/produkt\/breeze\/","title":{"rendered":"Breeze"},"content":{"rendered":"","protected":false},"excerpt":{"rendered":"<h3>NAJLEPSZA TECHNOLOGIA. NAJLEPSZE FUNKCJE.<\/h3>\n<p>Breeze\u00ae to rewolucyjny model stopy K2 od College Park. Stopy w tej kategorii zazwyczaj si\u0119 nie wyr\u00f3\u017cniaj\u0105, ale model Breeze wykorzystuje wysokiej klasy technologi\u0119 College Park i oferuje wiele funkcji, kt\u00f3re sprawiaj\u0105, \u017ce jest wyj\u0105tkowy. System \u201ewater friendly\u201d posiada opcjonalny system spustowy wody, materia\u0142y odporne na korozj\u0119 oraz specjalne modyfikacje pozwalaj\u0105ce na usuni\u0119cie wody z ca\u0142ego systemu protetycznego. Materia\u0142 Enviroshell\u00ae jest wzbogacony o \u015brodek blokuj\u0105cy promieniowanie UV i czyste srebro o sprawdzonych w\u0142a\u015bciwo\u015bciach antybakteryjnych oraz zawiera specjalny system wspomagania przetaczania palc\u00f3w. Stopa protezowa Breeze oferuje maksimum mo\u017cliwo\u015bci przy minimalnych kosztach.<\/p>\n","protected":false},"featured_media":552,"template":"","meta":{"_acf_changed":false},"product_brand":[],"product_cat":[55],"product_tag":[],"class_list":{"0":"post-798","1":"product","2":"type-product","3":"status-publish","4":"has-post-thumbnail","6":"product_cat-stopy-protezowe","8":"first","9":"instock","10":"shipping-taxable","11":"product-type-simple"},"acf":[],"_links":{"self":[{"href":"https:\/\/www.college-park.us\/pl\/wp-json\/wp\/v2\/product\/798","targetHints":{"allow":["GET"]}}],"collection":[{"href":"https:\/\/www.college-park.us\/pl\/wp-json\/wp\/v2\/product"}],"about":[{"href":"https:\/\/www.college-park.us\/pl\/wp-json\/wp\/v2\/types\/product"}],"wp:featuredmedia":[{"embeddable":true,"href":"https:\/\/www.college-park.us\/pl\/wp-json\/wp\/v2\/media\/552"}],"wp:attachment":[{"href":"https:\/\/www.college-park.us\/pl\/wp-json\/wp\/v2\/media?parent=798"}],"wp:term":[{"taxonomy":"product_brand","embeddable":true,"href":"https:\/\/www.college-park.us\/pl\/wp-json\/wp\/v2\/product_brand?post=798"},{"taxonomy":"product_cat","embeddable":true,"href":"https:\/\/www.college-park.us\/pl\/wp-json\/wp\/v2\/product_cat?post=798"},{"taxonomy":"product_tag","embeddable":true,"href":"https:\/\/www.college-park.us\/pl\/wp-json\/wp\/v2\/product_tag?post=798"}],"curies":[{"name":"wp","href":"https:\/\/api.w.org\/{rel}","templated":true}]}}