{"id":799,"date":"2020-10-23T18:05:25","date_gmt":"2020-10-23T18:05:25","guid":{"rendered":"http:\/\/local-dev:99\/collegepark-intl\/product\/accent\/"},"modified":"2020-10-27T22:31:21","modified_gmt":"2020-10-27T22:31:21","slug":"accent","status":"publish","type":"product","link":"https:\/\/www.college-park.us\/pl\/produkt\/accent\/","title":{"rendered":"Accent"},"content":{"rendered":"","protected":false},"excerpt":{"rendered":"<h3>MODNY WYGL\u0104D. TRWA\u0141A KONSTRUKCJA.<\/h3>\n<p>Accent\u00ae oferuje regulacj\u0119 wysoko\u015bci pi\u0119ty do 5 cm za pomoc\u0105 jednego przycisku. Stopa ma wyprofilowan\u0105, mi\u0119kk\u0105 os\u0142on\u0119, kt\u00f3ra \u0142\u0105czy si\u0119 z obudow\u0105 i zapobiega zniekszta\u0142ceniom podczas regulacji wysoko\u015bci obcasa. Accent to opcja dla os\u00f3b, kt\u00f3re poszukuj\u0105 stopy atrakcyjnie wizualnej, kt\u00f3ra nie wymaga czynno\u015bci konserwacyjnych.<\/p>\n","protected":false},"featured_media":564,"template":"","meta":{"_acf_changed":false},"product_cat":[55],"product_tag":[],"acf":[],"_links":{"self":[{"href":"https:\/\/www.college-park.us\/pl\/wp-json\/wp\/v2\/product\/799"}],"collection":[{"href":"https:\/\/www.college-park.us\/pl\/wp-json\/wp\/v2\/product"}],"about":[{"href":"https:\/\/www.college-park.us\/pl\/wp-json\/wp\/v2\/types\/product"}],"wp:featuredmedia":[{"embeddable":true,"href":"https:\/\/www.college-park.us\/pl\/wp-json\/wp\/v2\/media\/564"}],"wp:attachment":[{"href":"https:\/\/www.college-park.us\/pl\/wp-json\/wp\/v2\/media?parent=799"}],"wp:term":[{"taxonomy":"product_cat","embeddable":true,"href":"https:\/\/www.college-park.us\/pl\/wp-json\/wp\/v2\/product_cat?post=799"},{"taxonomy":"product_tag","embeddable":true,"href":"https:\/\/www.college-park.us\/pl\/wp-json\/wp\/v2\/product_tag?post=799"}],"curies":[{"name":"wp","href":"https:\/\/api.w.org\/{rel}","templated":true}]}}