{"id":805,"date":"2020-10-23T18:47:56","date_gmt":"2020-10-23T18:47:56","guid":{"rendered":"http:\/\/local-dev:99\/collegepark-intl\/product\/truper\/"},"modified":"2020-10-27T22:43:48","modified_gmt":"2020-10-27T22:43:48","slug":"truper","status":"publish","type":"product","link":"https:\/\/www.college-park.us\/pl\/produkt\/truper\/","title":{"rendered":"Truper"},"content":{"rendered":"","protected":false},"excerpt":{"rendered":"<h3>STOPY DLA DZIECI Z JAKO\u015aCI\u0104 GODN\u0104 DOROS\u0141YCH<\/h3>\n<p>Solidna stopa Truper\u00ae \u0142\u0105czy w sobie wysok\u0105 energi\u0119 i stabilno\u015b\u0107 dla aktywnych dzieci. Elastyczna przednia cz\u0119\u015b\u0107 stopy oraz zderzaki magazynuj\u0105 energi\u0119, co pozwala na p\u0142ynne, kontrolowane przej\u015bcie od stania do biegania. Stworzona z my\u015bl\u0105 o rosn\u0105cych dzieciach stopa Truper oferuje dwa zakresy rozmiar\u00f3w, kt\u00f3re zapewniaj\u0105 elastyczno\u015b\u0107 w okresie dojrzewania.<\/p>\n","protected":false},"featured_media":586,"template":"","meta":{"_acf_changed":false},"product_brand":[],"product_cat":[55],"product_tag":[],"class_list":{"0":"post-805","1":"product","2":"type-product","3":"status-publish","4":"has-post-thumbnail","6":"product_cat-stopy-protezowe","8":"first","9":"instock","10":"shipping-taxable","11":"product-type-simple"},"acf":[],"_links":{"self":[{"href":"https:\/\/www.college-park.us\/pl\/wp-json\/wp\/v2\/product\/805","targetHints":{"allow":["GET"]}}],"collection":[{"href":"https:\/\/www.college-park.us\/pl\/wp-json\/wp\/v2\/product"}],"about":[{"href":"https:\/\/www.college-park.us\/pl\/wp-json\/wp\/v2\/types\/product"}],"wp:featuredmedia":[{"embeddable":true,"href":"https:\/\/www.college-park.us\/pl\/wp-json\/wp\/v2\/media\/586"}],"wp:attachment":[{"href":"https:\/\/www.college-park.us\/pl\/wp-json\/wp\/v2\/media?parent=805"}],"wp:term":[{"taxonomy":"product_brand","embeddable":true,"href":"https:\/\/www.college-park.us\/pl\/wp-json\/wp\/v2\/product_brand?post=805"},{"taxonomy":"product_cat","embeddable":true,"href":"https:\/\/www.college-park.us\/pl\/wp-json\/wp\/v2\/product_cat?post=805"},{"taxonomy":"product_tag","embeddable":true,"href":"https:\/\/www.college-park.us\/pl\/wp-json\/wp\/v2\/product_tag?post=805"}],"curies":[{"name":"wp","href":"https:\/\/api.w.org\/{rel}","templated":true}]}}