{"id":816,"date":"2020-10-23T19:04:38","date_gmt":"2020-10-23T19:04:38","guid":{"rendered":"http:\/\/local-dev:99\/collegepark-intl\/product\/sidekicks\/"},"modified":"2020-11-17T16:36:56","modified_gmt":"2020-11-17T16:36:56","slug":"sidekicks","status":"publish","type":"product","link":"https:\/\/www.college-park.us\/pl\/produkt\/sidekicks\/","title":{"rendered":"Sidekicks"},"content":{"rendered":"","protected":false},"excerpt":{"rendered":"<p>Przedstawiamy Sidekicks\u00ae, pierwsz\u0105 regulowan\u0105 kr\u00f3tk\u0105 stop\u0119 do skr\u00f3conych protez. Do opracowania modelu Sidekicks technicy College Park wykorzystali 15 lat wiedzy zdobytej dzi\u0119ki technologii stawu skokowego Venture\u00ae. Dzi\u0119ki naturalnemu anatomicznemu ruchowi stawu skokowego i elastycznej podstawie jest znacznym ulepszeniem dost\u0119pnych mo\u017cliwo\u015bci dla os\u00f3b po obustronnej amputacji transfemoralnej. Dopasowana do chodu i zatwierdzona do u\u017cytku z wod\u0105 stopa Sidekicks jest elastyczna i pracuje w warunkach rzeczywistych, zapewniaj\u0105c doskona\u0142\u0105 r\u00f3wnowag\u0119 i stabilno\u015b\u0107.<\/p>\n","protected":false},"featured_media":588,"template":"","meta":{"_acf_changed":false},"product_cat":[55],"product_tag":[],"acf":[],"_links":{"self":[{"href":"https:\/\/www.college-park.us\/pl\/wp-json\/wp\/v2\/product\/816"}],"collection":[{"href":"https:\/\/www.college-park.us\/pl\/wp-json\/wp\/v2\/product"}],"about":[{"href":"https:\/\/www.college-park.us\/pl\/wp-json\/wp\/v2\/types\/product"}],"wp:featuredmedia":[{"embeddable":true,"href":"https:\/\/www.college-park.us\/pl\/wp-json\/wp\/v2\/media\/588"}],"wp:attachment":[{"href":"https:\/\/www.college-park.us\/pl\/wp-json\/wp\/v2\/media?parent=816"}],"wp:term":[{"taxonomy":"product_cat","embeddable":true,"href":"https:\/\/www.college-park.us\/pl\/wp-json\/wp\/v2\/product_cat?post=816"},{"taxonomy":"product_tag","embeddable":true,"href":"https:\/\/www.college-park.us\/pl\/wp-json\/wp\/v2\/product_tag?post=816"}],"curies":[{"name":"wp","href":"https:\/\/api.w.org\/{rel}","templated":true}]}}