{"id":823,"date":"2020-10-26T20:18:41","date_gmt":"2020-10-26T20:18:41","guid":{"rendered":"http:\/\/local-dev:99\/collegepark-intl\/product\/ramie\/"},"modified":"2025-02-05T16:30:15","modified_gmt":"2025-02-05T16:30:15","slug":"ramie","status":"publish","type":"product","link":"https:\/\/www.college-park.us\/pl\/produkt\/ramie\/","title":{"rendered":"Rami\u0119 &#8211; Axis"},"content":{"rendered":"","protected":false},"excerpt":{"rendered":"<p>Dzi\u0119ki zawiasowi ciernemu opatentowany staw barkowy jest obs\u0142ugiwany za pomoc\u0105 prostych prze\u0142\u0105cznik\u00f3w, kt\u00f3re upraszczaj\u0105 zawieszenie, eliminuj\u0105c konieczno\u015b\u0107 wykonywania znacznych ruch\u00f3w cia\u0142a. AXIS mo\u017ce by\u0107 zintegrowany ze wszystkimi systemami sterowania ko\u0144czyn g\u00f3rnych za pomoc\u0105 specjalnego kana\u0142u umo\u017cliwiaj\u0105cego ukrycie i ochron\u0119 przewod\u00f3w zasilaj\u0105cych. W przeciwie\u0144stwie do innych produkt\u00f3w na rynku AXIS zapewnia lepsz\u0105 kontrol\u0119 nad zadaniami, naturalny zakres ruchu i \u0142atwo\u015b\u0107 obs\u0142ugi w codziennym \u017cyciu pacjenta.<\/p>\n","protected":false},"featured_media":1000,"template":"","meta":{"_acf_changed":false},"product_cat":[56],"product_tag":[],"acf":[],"_links":{"self":[{"href":"https:\/\/www.college-park.us\/pl\/wp-json\/wp\/v2\/product\/823"}],"collection":[{"href":"https:\/\/www.college-park.us\/pl\/wp-json\/wp\/v2\/product"}],"about":[{"href":"https:\/\/www.college-park.us\/pl\/wp-json\/wp\/v2\/types\/product"}],"wp:featuredmedia":[{"embeddable":true,"href":"https:\/\/www.college-park.us\/pl\/wp-json\/wp\/v2\/media\/1000"}],"wp:attachment":[{"href":"https:\/\/www.college-park.us\/pl\/wp-json\/wp\/v2\/media?parent=823"}],"wp:term":[{"taxonomy":"product_cat","embeddable":true,"href":"https:\/\/www.college-park.us\/pl\/wp-json\/wp\/v2\/product_cat?post=823"},{"taxonomy":"product_tag","embeddable":true,"href":"https:\/\/www.college-park.us\/pl\/wp-json\/wp\/v2\/product_tag?post=823"}],"curies":[{"name":"wp","href":"https:\/\/api.w.org\/{rel}","templated":true}]}}