{"id":919,"date":"2020-10-23T23:08:15","date_gmt":"2020-10-23T23:08:15","guid":{"rendered":"http:\/\/local-dev:99\/collegepark-intl\/product\/capital\/"},"modified":"2020-10-28T18:33:56","modified_gmt":"2020-10-28T18:33:56","slug":"capital","status":"publish","type":"product","link":"https:\/\/www.college-park.us\/pl\/produkt\/capital\/","title":{"rendered":"Capital"},"content":{"rendered":"","protected":false},"excerpt":{"rendered":"<p>Capital\u2122 to hydrauliczny, jednoosiowy staw kolanowy, kt\u00f3ry jest \u0142atwy w u\u017cyciu zar\u00f3wno dla pacjent\u00f3w, jak i dla lekarzy. Jest wyposa\u017cony w p\u0142ynn\u0105 i czu\u0142\u0105 hydraulik\u0119 zar\u00f3wno w fazie wahad\u0142owej, jak i w fazie wyprostu, i bezproblemowo dostosowuje si\u0119 do zmiennego chodu u\u017cytkownika. Capital to starannie wykonany, wytrzyma\u0142y, elegancki produkt z USA wyposa\u017cony w technologi\u0119 water friendly. Kolano pozwala r\u00f3wnie\u017c na \u0142atwy wyb\u00f3r trybu oraz standardow\u0105 regulacj\u0119 4 mm, kt\u00f3ra umo\u017cliwia szybkie ustawienie. Model Capital to wytrzyma\u0142e, niezawodne rozwi\u0105zanie dla u\u017cytkownik\u00f3w, kt\u00f3rych aktywno\u015b\u0107 jest \u015brednia lub wysoka.<\/p>\n","protected":false},"featured_media":628,"template":"","meta":{"_acf_changed":false},"product_cat":[54],"product_tag":[],"acf":[],"_links":{"self":[{"href":"https:\/\/www.college-park.us\/pl\/wp-json\/wp\/v2\/product\/919"}],"collection":[{"href":"https:\/\/www.college-park.us\/pl\/wp-json\/wp\/v2\/product"}],"about":[{"href":"https:\/\/www.college-park.us\/pl\/wp-json\/wp\/v2\/types\/product"}],"wp:featuredmedia":[{"embeddable":true,"href":"https:\/\/www.college-park.us\/pl\/wp-json\/wp\/v2\/media\/628"}],"wp:attachment":[{"href":"https:\/\/www.college-park.us\/pl\/wp-json\/wp\/v2\/media?parent=919"}],"wp:term":[{"taxonomy":"product_cat","embeddable":true,"href":"https:\/\/www.college-park.us\/pl\/wp-json\/wp\/v2\/product_cat?post=919"},{"taxonomy":"product_tag","embeddable":true,"href":"https:\/\/www.college-park.us\/pl\/wp-json\/wp\/v2\/product_tag?post=919"}],"curies":[{"name":"wp","href":"https:\/\/api.w.org\/{rel}","templated":true}]}}