{"id":929,"date":"2020-10-23T20:07:18","date_gmt":"2020-10-23T20:07:18","guid":{"rendered":"http:\/\/local-dev:99\/collegepark-intl\/product\/staw-kolanowy-guardian\/"},"modified":"2022-12-06T15:46:56","modified_gmt":"2022-12-06T15:46:56","slug":"guardian","status":"publish","type":"product","link":"https:\/\/www.college-park.us\/pl\/produkt\/guardian\/","title":{"rendered":"Guardian"},"content":{"rendered":"","protected":false},"excerpt":{"rendered":"<p>Przedstawiamy nowy i ulepszony staw kolanowy Guardian! Ten lekki, mechaniczny staw kolanowy jest wyposa\u017cony w hamulec cierny do kontroli fazy wyprostu oraz wspomagania k\u0105ta zgi\u0119cia i wyprostu. Najlepiej nadaje si\u0119 jako narz\u0119dzie rehabilitacyjne dla nowych pacjent\u00f3w lub trwa\u0142e rozwi\u0105zanie dla u\u017cytkownik\u00f3w o niskiej aktywno\u015bci. Dzi\u0119ki nowo zaprojektowanemu wewn\u0119trznemu mechanizmowi blokuj\u0105cemu i regulowanej czu\u0142o\u015bci na obci\u0105\u017cenie palc\u00f3w, blokowanie i odblokowywanie jest znacznie \u0142atwiejsze dla pacjent\u00f3w. Aby poprawi\u0107 elegancki wygl\u0105d i skuteczne dzia\u0142anie, nasi in\u017cynierowie usun\u0119li d\u017awignie po obu stronach stawu kolanowego. Wszystkie regulacje s\u0105 teraz usprawnione i zinternalizowane! Produkt Guardian nadal zapewnia pe\u0142ne 145\u00b0 anatomicznego ruchu.<\/p>\n","protected":false},"featured_media":4476,"template":"","meta":{"_acf_changed":false},"product_brand":[],"product_cat":[54],"product_tag":[],"class_list":{"0":"post-929","1":"product","2":"type-product","3":"status-publish","4":"has-post-thumbnail","6":"product_cat-kolana","8":"first","9":"instock","10":"shipping-taxable","11":"product-type-simple"},"acf":[],"_links":{"self":[{"href":"https:\/\/www.college-park.us\/pl\/wp-json\/wp\/v2\/product\/929","targetHints":{"allow":["GET"]}}],"collection":[{"href":"https:\/\/www.college-park.us\/pl\/wp-json\/wp\/v2\/product"}],"about":[{"href":"https:\/\/www.college-park.us\/pl\/wp-json\/wp\/v2\/types\/product"}],"wp:featuredmedia":[{"embeddable":true,"href":"https:\/\/www.college-park.us\/pl\/wp-json\/wp\/v2\/media\/4476"}],"wp:attachment":[{"href":"https:\/\/www.college-park.us\/pl\/wp-json\/wp\/v2\/media?parent=929"}],"wp:term":[{"taxonomy":"product_brand","embeddable":true,"href":"https:\/\/www.college-park.us\/pl\/wp-json\/wp\/v2\/product_brand?post=929"},{"taxonomy":"product_cat","embeddable":true,"href":"https:\/\/www.college-park.us\/pl\/wp-json\/wp\/v2\/product_cat?post=929"},{"taxonomy":"product_tag","embeddable":true,"href":"https:\/\/www.college-park.us\/pl\/wp-json\/wp\/v2\/product_tag?post=929"}],"curies":[{"name":"wp","href":"https:\/\/api.w.org\/{rel}","templated":true}]}}