{"id":1194,"date":"2021-01-13T02:22:28","date_gmt":"2021-01-13T02:22:28","guid":{"rendered":"https:\/\/www.college-park.us\/college-park-kampus\/"},"modified":"2021-01-24T23:03:43","modified_gmt":"2021-01-24T23:03:43","slug":"college-park-kampus","status":"publish","type":"page","link":"https:\/\/www.college-park.us\/tr\/college-park-kampus\/","title":{"rendered":"College Park Kamp\u00fcs"},"content":{"rendered":"\t\t<div data-elementor-type=\"wp-page\" data-elementor-id=\"1194\" class=\"elementor elementor-1194 elementor-86\">\n\t\t\t\t\t\t<section class=\"elementor-section elementor-top-section elementor-element elementor-element-3e223a3a elementor-section-boxed elementor-section-height-default elementor-section-height-default\" data-id=\"3e223a3a\" data-element_type=\"section\">\n\t\t\t\t\t\t<div class=\"elementor-container elementor-column-gap-default\">\n\t\t\t\t\t<div class=\"elementor-column elementor-col-100 elementor-top-column elementor-element elementor-element-788a55b7\" data-id=\"788a55b7\" data-element_type=\"column\">\n\t\t\t<div class=\"elementor-widget-wrap elementor-element-populated\">\n\t\t\t\t\t\t<div class=\"elementor-element elementor-element-99587e8 elementor-widget elementor-widget-image\" data-id=\"99587e8\" data-element_type=\"widget\" data-widget_type=\"image.default\">\n\t\t\t\t<div class=\"elementor-widget-container\">\n\t\t\t\t\t\t\t\t\t\t\t\t\t\t\t<img decoding=\"async\" src=\"https:\/\/www.college-park.us\/wp-content\/uploads\/elementor\/thumbs\/logo-collegepark-campus-oybf5grxlximlxbdfnlbjyob2j9n2mv6gu38q5hh36.png\" title=\"logo-collegepark-campus\" alt=\"College Park Campus\" loading=\"lazy\" \/>\t\t\t\t\t\t\t\t\t\t\t\t\t\t\t<\/div>\n\t\t\t\t<\/div>\n\t\t\t\t<div class=\"elementor-element elementor-element-2da80be7 elementor-widget elementor-widget-text-editor\" data-id=\"2da80be7\" data-element_type=\"widget\" data-widget_type=\"text-editor.default\">\n\t\t\t\t<div class=\"elementor-widget-container\">\n\t\t\t\t\t\t\t\t\t<h2>E\u011e\u0130T\u0130M\u0130N\u0130Z\u0130 \u0130LERLET\u0130N<\/h2><p>Teknolojinin h\u0131zl\u0131 geli\u015fimiyle, son yenilikler konusunda g\u00fcncel kalmak \u00f6nemlidir. College Park Kamp\u00fcs; protez uzmanlar\u0131, fizik tedavi uzmanlar\u0131 ve protez d\u00fcnyas\u0131 hakk\u0131nda daha fazlas\u0131n\u0131 \u00f6\u011frenmekle ilgilenen di\u011fer sa\u011fl\u0131k uzmanlar\u0131 i\u00e7in e\u011fitim, \u00f6\u011fretim ve sertifikasyon f\u0131rsatlar\u0131 sunmaktad\u0131r.<\/p><p>Bu kurslar ve kaynaklar, sizin ve hastan\u0131z\u0131n geli\u015fmesine ve ba\u015far\u0131l\u0131 sonu\u00e7lara ula\u015fmas\u0131na yard\u0131m edecektir. College Park Kamp\u00fcs, hasta bak\u0131m\u0131 i\u00e7in m\u00fcmk\u00fcn olan en iyi \u00e7\u00f6z\u00fcmleri sa\u011flarken, yeni kariyer hedeflerine ula\u015fman\u0131za yard\u0131m etmek amac\u0131yla tasarlanm\u0131\u015ft\u0131r.<\/p><p>Bu sadece ba\u015flang\u0131\u00e7! Uzman ekibimiz s\u00fcrekli olarak faydalanman\u0131z i\u00e7in i\u00e7erik ve kurslar eklemektedir. College Park Kamp\u00fcs k\u00fct\u00fcphanesi s\u00fcrekli olarak b\u00fcy\u00fcyor; daha fazlas\u0131 i\u00e7in takipte kal\u0131n!<\/p><p style=\"text-align: center;\"><a class=\"button\" href=\"https:\/\/www.college-park.com\/education-enrollment\" target=\"_blank\" rel=\"noopener\">bug\u00fcn kaydol<\/a><\/p>\t\t\t\t\t\t\t\t<\/div>\n\t\t\t\t<\/div>\n\t\t\t\t\t<\/div>\n\t\t<\/div>\n\t\t\t\t\t<\/div>\n\t\t<\/section>\n\t\t\t\t<\/div>\n\t\t","protected":false},"excerpt":{"rendered":"<p>E\u011e\u0130T\u0130M\u0130N\u0130Z\u0130 \u0130LERLET\u0130N Teknolojinin h\u0131zl\u0131 geli\u015fimiyle, son yenilikler konusunda g\u00fcncel kalmak \u00f6nemlidir. College Park Kamp\u00fcs; protez uzmanlar\u0131, fizik tedavi uzmanlar\u0131 ve protez d\u00fcnyas\u0131 hakk\u0131nda daha fazlas\u0131n\u0131 \u00f6\u011frenmekle ilgilenen di\u011fer sa\u011fl\u0131k uzmanlar\u0131 i\u00e7in e\u011fitim, \u00f6\u011fretim ve sertifikasyon f\u0131rsatlar\u0131 sunmaktad\u0131r. Bu kurslar ve kaynaklar, sizin ve hastan\u0131z\u0131n geli\u015fmesine ve ba\u015far\u0131l\u0131 sonu\u00e7lara ula\u015fmas\u0131na yard\u0131m edecektir. College Park Kamp\u00fcs, hasta &hellip; <\/p>\n<p class=\"link-more\"><a href=\"https:\/\/www.college-park.us\/tr\/college-park-kampus\/\" class=\"more-link\">Okumaya devam et<span class=\"screen-reader-text\"> &#8220;College Park Kamp\u00fcs&#8221;<\/span><\/a><\/p>\n","protected":false},"author":1,"featured_media":0,"parent":0,"menu_order":0,"comment_status":"closed","ping_status":"closed","template":"page-side-bar.php","meta":{"_acf_changed":false,"footnotes":""},"acf":[],"_links":{"self":[{"href":"https:\/\/www.college-park.us\/tr\/wp-json\/wp\/v2\/pages\/1194"}],"collection":[{"href":"https:\/\/www.college-park.us\/tr\/wp-json\/wp\/v2\/pages"}],"about":[{"href":"https:\/\/www.college-park.us\/tr\/wp-json\/wp\/v2\/types\/page"}],"author":[{"embeddable":true,"href":"https:\/\/www.college-park.us\/tr\/wp-json\/wp\/v2\/users\/1"}],"replies":[{"embeddable":true,"href":"https:\/\/www.college-park.us\/tr\/wp-json\/wp\/v2\/comments?post=1194"}],"version-history":[{"count":5,"href":"https:\/\/www.college-park.us\/tr\/wp-json\/wp\/v2\/pages\/1194\/revisions"}],"predecessor-version":[{"id":1236,"href":"https:\/\/www.college-park.us\/tr\/wp-json\/wp\/v2\/pages\/1194\/revisions\/1236"}],"wp:attachment":[{"href":"https:\/\/www.college-park.us\/tr\/wp-json\/wp\/v2\/media?parent=1194"}],"curies":[{"name":"wp","href":"https:\/\/api.w.org\/{rel}","templated":true}]}}