{"id":1254,"date":"2021-01-24T23:19:58","date_gmt":"2021-01-24T23:19:58","guid":{"rendered":"https:\/\/www.college-park.us\/sirket\/"},"modified":"2024-09-23T15:27:13","modified_gmt":"2024-09-23T15:27:13","slug":"sirket","status":"publish","type":"page","link":"https:\/\/www.college-park.us\/tr\/sirket\/","title":{"rendered":"\u015firket"},"content":{"rendered":"\t\t<div data-elementor-type=\"wp-page\" data-elementor-id=\"1254\" class=\"elementor elementor-1254 elementor-8\">\n\t\t\t\t\t\t<section class=\"elementor-section elementor-top-section elementor-element elementor-element-3e223a3a elementor-section-boxed elementor-section-height-default elementor-section-height-default\" data-id=\"3e223a3a\" data-element_type=\"section\">\n\t\t\t\t\t\t<div class=\"elementor-container elementor-column-gap-default\">\n\t\t\t\t\t<div class=\"elementor-column elementor-col-100 elementor-top-column elementor-element elementor-element-788a55b7\" data-id=\"788a55b7\" data-element_type=\"column\">\n\t\t\t<div class=\"elementor-widget-wrap elementor-element-populated\">\n\t\t\t\t\t\t<div class=\"elementor-element elementor-element-74fb7fe elementor-widget elementor-widget-heading\" data-id=\"74fb7fe\" data-element_type=\"widget\" data-widget_type=\"heading.default\">\n\t\t\t\t<div class=\"elementor-widget-container\">\n\t\t\t\t\t<h2 class=\"elementor-heading-title elementor-size-default\">\u0130NSANLIK \u0130\u00c7\u0130N TEKNOLOJ\u0130<\/h2>\t\t\t\t<\/div>\n\t\t\t\t<\/div>\n\t\t\t\t<div class=\"elementor-element elementor-element-8aad739 elementor-widget elementor-widget-video\" data-id=\"8aad739\" data-element_type=\"widget\" data-settings=\"{&quot;youtube_url&quot;:&quot;https:\\\/\\\/youtu.be\\\/oNJ185K_aQ0&quot;,&quot;video_type&quot;:&quot;youtube&quot;,&quot;controls&quot;:&quot;yes&quot;}\" data-widget_type=\"video.default\">\n\t\t\t\t<div class=\"elementor-widget-container\">\n\t\t\t\t\t\t\t<div class=\"elementor-wrapper elementor-open-inline\">\n\t\t\t<div class=\"elementor-video\"><\/div>\t\t<\/div>\n\t\t\t\t\t\t<\/div>\n\t\t\t\t<\/div>\n\t\t\t\t<div class=\"elementor-element elementor-element-2da80be7 elementor-widget elementor-widget-text-editor\" data-id=\"2da80be7\" data-element_type=\"widget\" data-widget_type=\"text-editor.default\">\n\t\t\t\t<div class=\"elementor-widget-container\">\n\t\t\t\t\t\t\t\t\t<p style=\"font-size: 15px; line-height: 26px;\">\u00c7ift tarafl\u0131 diz alt\u0131 ampute Molly Null&#8217;un g\u00f6z\u00fcnden College Park Industries&#8217;in \u00f6yk\u00fcs\u00fc. Molly, 2008&#8217;den beri \u00f6zel College Park aya\u011f\u0131yla g\u00fcnl\u00fck ya\u015fam\u0131na devam ediyor. Molly&#8217;nin College Park genel merkezine ve ABD, Michigan, Warren&#8217;daki \u00fcretim tesisine yapt\u0131\u011f\u0131 duygusal ziyareti izleyin. Kendini i\u015fine adam\u0131\u015f ekiple tan\u0131\u015f\u0131p, d\u00fcnyan\u0131n her yerindeki kullan\u0131c\u0131lar i\u00e7in College Park fark\u0131n\u0131 yaratan teknoloji, hassasiyet kalitesi ve el yap\u0131m\u0131 \u00fcretim s\u00fcrecini \u00f6\u011frenirken ona kat\u0131l\u0131n.<\/p>\r\nCollege Park Industries, 1988 y\u0131l\u0131nda ilk Trustep prototipinin tamamlanmas\u0131 \u00fczerine kurulmu\u015ftur. Bug\u00fcn, anatomik olarak do\u011fru, \u00f6zelle\u015ftirilebilir protez ayak sistemleri, \u00fcst uzuv \u00e7\u00f6z\u00fcmleri, i\u00e7 iskelet bile\u015fenleri ve MetroLiner jel \u00fcr\u00fcnlerinin eksiksiz serilerini tasarl\u0131yor ve \u00fcretiyoruz.\r\n\r\nTutkumuz, teknolojiye, yenili\u011fe ve her ya\u015ftan ve her aktivite d\u00fczeyinden ampute bireyler i\u00e7in maksimum fonksiyonu geri kazand\u0131ran yeni mihenk ta\u015flar\u0131 yaratmaya odaklan\u0131yor. M\u00fc\u015fterilerimize ve son kullan\u0131c\u0131lara protez tasar\u0131mda Intelliweave\u00ae kompozitler, Enviroshells\u00ae ve Entegre Yaylanma Teknolojisi (iST\u00ae) gibi ilerlemeleri getirmekten gurur duyuyoruz.\t\t\t\t\t\t\t\t<\/div>\n\t\t\t\t<\/div>\n\t\t\t\t\t<\/div>\n\t\t<\/div>\n\t\t\t\t\t<\/div>\n\t\t<\/section>\n\t\t\t\t<section class=\"elementor-section elementor-top-section elementor-element elementor-element-7e7cf01 elementor-section-boxed elementor-section-height-default elementor-section-height-default\" data-id=\"7e7cf01\" data-element_type=\"section\">\n\t\t\t\t\t\t<div class=\"elementor-container elementor-column-gap-default\">\n\t\t\t\t\t<div class=\"elementor-column elementor-col-100 elementor-top-column elementor-element elementor-element-b641f89\" data-id=\"b641f89\" data-element_type=\"column\">\n\t\t\t<div class=\"elementor-widget-wrap elementor-element-populated\">\n\t\t\t\t\t\t<div class=\"elementor-element elementor-element-523fddf elementor-widget elementor-widget-image\" data-id=\"523fddf\" data-element_type=\"widget\" data-widget_type=\"image.default\">\n\t\t\t\t<div class=\"elementor-widget-container\">\n\t\t\t\t\t\t\t\t\t\t\t\t\t\t\t<img fetchpriority=\"high\" decoding=\"async\" width=\"525\" height=\"296\" src=\"https:\/\/www.college-park.us\/wp-content\/uploads\/2020\/10\/cpi-building-719.jpg\" class=\"attachment-large size-large wp-image-443\" alt=\"\" srcset=\"https:\/\/www.college-park.us\/wp-content\/uploads\/2020\/10\/cpi-building-719.jpg 719w, https:\/\/www.college-park.us\/wp-content\/uploads\/2020\/10\/cpi-building-719-600x338.jpg 600w, https:\/\/www.college-park.us\/wp-content\/uploads\/2020\/10\/cpi-building-719-300x169.jpg 300w\" sizes=\"100vw\" \/>\t\t\t\t\t\t\t\t\t\t\t\t\t\t\t<\/div>\n\t\t\t\t<\/div>\n\t\t\t\t\t<\/div>\n\t\t<\/div>\n\t\t\t\t\t<\/div>\n\t\t<\/section>\n\t\t\t\t<section class=\"elementor-section elementor-top-section elementor-element elementor-element-b107db7 elementor-section-boxed elementor-section-height-default elementor-section-height-default\" data-id=\"b107db7\" data-element_type=\"section\">\n\t\t\t\t\t\t<div class=\"elementor-container elementor-column-gap-default\">\n\t\t\t\t\t<div class=\"elementor-column elementor-col-100 elementor-top-column elementor-element elementor-element-1d9d2a4\" data-id=\"1d9d2a4\" data-element_type=\"column\">\n\t\t\t<div class=\"elementor-widget-wrap elementor-element-populated\">\n\t\t\t\t\t\t<div class=\"elementor-element elementor-element-d6d71d0 elementor-widget elementor-widget-text-editor\" data-id=\"d6d71d0\" data-element_type=\"widget\" data-widget_type=\"text-editor.default\">\n\t\t\t\t<div class=\"elementor-widget-container\">\n\t\t\t\t\t\t\t\t\tDi\u011fer \u00fcreticilerden farkl\u0131 olarak \u00fcr\u00fcnlerimiz, her hasta i\u00e7in benzersiz \u00f6zelliklerine g\u00f6re \u00f6zel olarak \u00fcretiliyor ve bir \u00fcr\u00fcn\u00fc y\u0131\u011f\u0131nlar i\u00e7inden alm\u0131yoruz. ISO 13485 belgemizle kalite testlerine kapsaml\u0131 bir \u015fekilde odaklanmaktay\u0131z ve t\u00fcm \u00fcr\u00fcnlerimizi ABD&#8217;den al\u0131yor ve \u00fcretiyoruz. College Park, hassas tasar\u0131m ve kaliteli \u00fcretimiyle, d\u00fcnyan\u0131n her yerinden kullan\u0131c\u0131lar i\u00e7in yeni insan hareket kabiliyeti \u00e7\u00f6z\u00fcmleri yaratmaya g\u00f6n\u00fclden ba\u011fl\u0131y\u0131z.\t\t\t\t\t\t\t\t<\/div>\n\t\t\t\t<\/div>\n\t\t\t\t\t<\/div>\n\t\t<\/div>\n\t\t\t\t\t<\/div>\n\t\t<\/section>\n\t\t\t\t<\/div>\n\t\t","protected":false},"excerpt":{"rendered":"<p>\u0130NSANLIK \u0130\u00c7\u0130N TEKNOLOJ\u0130 https:\/\/youtu.be\/oNJ185K_aQ0 \u00c7ift tarafl\u0131 diz alt\u0131 ampute Molly Null&#8217;un g\u00f6z\u00fcnden College Park Industries&#8217;in \u00f6yk\u00fcs\u00fc. Molly, 2008&#8217;den beri \u00f6zel College Park aya\u011f\u0131yla g\u00fcnl\u00fck ya\u015fam\u0131na devam ediyor. Molly&#8217;nin College Park genel merkezine ve ABD, Michigan, Warren&#8217;daki \u00fcretim tesisine yapt\u0131\u011f\u0131 duygusal ziyareti izleyin. Kendini i\u015fine adam\u0131\u015f ekiple tan\u0131\u015f\u0131p, d\u00fcnyan\u0131n her yerindeki kullan\u0131c\u0131lar i\u00e7in College Park fark\u0131n\u0131 &hellip; <\/p>\n<p class=\"link-more\"><a href=\"https:\/\/www.college-park.us\/tr\/sirket\/\" class=\"more-link\">Okumaya devam et<span class=\"screen-reader-text\"> &#8220;\u015firket&#8221;<\/span><\/a><\/p>\n","protected":false},"author":1,"featured_media":0,"parent":0,"menu_order":0,"comment_status":"closed","ping_status":"closed","template":"page-side-bar.php","meta":{"_acf_changed":false,"footnotes":""},"acf":[],"_links":{"self":[{"href":"https:\/\/www.college-park.us\/tr\/wp-json\/wp\/v2\/pages\/1254"}],"collection":[{"href":"https:\/\/www.college-park.us\/tr\/wp-json\/wp\/v2\/pages"}],"about":[{"href":"https:\/\/www.college-park.us\/tr\/wp-json\/wp\/v2\/types\/page"}],"author":[{"embeddable":true,"href":"https:\/\/www.college-park.us\/tr\/wp-json\/wp\/v2\/users\/1"}],"replies":[{"embeddable":true,"href":"https:\/\/www.college-park.us\/tr\/wp-json\/wp\/v2\/comments?post=1254"}],"version-history":[{"count":7,"href":"https:\/\/www.college-park.us\/tr\/wp-json\/wp\/v2\/pages\/1254\/revisions"}],"predecessor-version":[{"id":6583,"href":"https:\/\/www.college-park.us\/tr\/wp-json\/wp\/v2\/pages\/1254\/revisions\/6583"}],"wp:attachment":[{"href":"https:\/\/www.college-park.us\/tr\/wp-json\/wp\/v2\/media?parent=1254"}],"curies":[{"name":"wp","href":"https:\/\/api.w.org\/{rel}","templated":true}]}}