{"id":1258,"date":"2021-01-24T23:23:22","date_gmt":"2021-01-24T23:23:22","guid":{"rendered":"https:\/\/www.college-park.us\/cookie-policy\/"},"modified":"2021-01-24T23:24:06","modified_gmt":"2021-01-24T23:24:06","slug":"cerez-politikasi","status":"publish","type":"page","link":"https:\/\/www.college-park.us\/tr\/cerez-politikasi\/","title":{"rendered":"\u00e7erez politikas\u0131"},"content":{"rendered":"<div class=\"std\">\n<h4>BU S\u0130TE, B\u0130R\u00c7OK BA\u015eKA S\u0130TE G\u0130B\u0130, DENEY\u0130M\u0130N\u0130Z\u0130 \u00d6ZELLE\u015eT\u0130RMEK \u0130\u00c7\u0130N \u00c7EREZ ADI VER\u0130LEN K\u00dc\u00c7\u00dcK DOSYALAR KULLANMAKTADIR. \u00c7EREZLER VE ONLARI NASIL KONTROL EDEB\u0130LECE\u011e\u0130N\u0130Z KONUSUNDA DAHA FAZLASINI \u00d6\u011eREN\u0130N.<\/h4>\n<p>Bu sayfa, \u00e7erezlerin ne oldu\u011fu, College Park Industries (&#8220;biz&#8221;, &#8220;bizi&#8221;, &#8220;bizim&#8221;, &#8220;College Park&#8221; veya &#8220;\u015eirket&#8221;) internet sitesinin kulland\u0131\u011f\u0131 \u00e7erezler, \u00e7erezlerin taray\u0131c\u0131n\u0131zda nas\u0131l kapat\u0131labilece\u011fi, \u00f6zel olarak reklam \u00e7erezlerinin nas\u0131l kapat\u0131laca\u011f\u0131na dair bilgiler ve bu konuda ilave okuma i\u00e7in baz\u0131 faydal\u0131 ba\u011flant\u0131lar i\u00e7ermektedir. Arad\u0131\u011f\u0131n\u0131z bilgiler burada yer alm\u0131yorsa veya \u015eirket internet sitesinde \u00e7erez kullan\u0131m\u0131 hakk\u0131nda ba\u015fka sorular\u0131n\u0131z varsa, l\u00fctfen <a href=\"mailto:webadmin@college-park.com\">webadmin@college-park.com<\/a> adresine e-posta g\u00f6nderin. <\/p>\n<h4>\u00c7EREZ NED\u0130R?<\/h4>\n<p>Bilgisayar ya da mobil telefonunuzun taray\u0131c\u0131s\u0131 (\u00f6rne\u011fin, Internet Explorer veya Safari) taraf\u0131ndan saklanan k\u00fc\u00e7\u00fck metin dosyalar\u0131d\u0131r. Bunlar, internet sitelerinin kullan\u0131c\u0131 tercihleriniz dahil olmak \u00fczere bilgiler toplamas\u0131na imkan sa\u011flar. \u00c7erezleri, internet sitesinin geri geldi\u011finizde sizi tan\u0131yabilmesi ve uygun \u015fekilde yan\u0131t verebilmesi i\u00e7in bir &#8220;haf\u0131za&#8221; sa\u011flama gibi d\u00fc\u015f\u00fcn\u00fcn.<\/p>\n<h4>\u00c7EREZLER\u0130 NASIL KULLANIRIZ?<\/h4>\n<p>Sitemizde, a\u015fa\u011f\u0131daki \u00e7erez t\u00fcrleriyle kar\u015f\u0131la\u015fabilirsiniz:<\/p>\n<ul>\n<li>Site performans \u00e7erezleri<\/li>\n<li>Anonim analitik \u00e7erezleri<\/li>\n<li>Co\u011frafi hedefleme \u00e7erezleri<\/li>\n<li>Kay\u0131t \u00e7erezleri<\/li>\n<li>Reklam \u00e7erezleri<\/li>\n<li>\u00dc\u00e7\u00fcnc\u00fc taraf reklam \u00e7erezleri<\/li>\n<\/ul>\n<h4>S\u0130TE PERFORMANS \u00c7EREZLER\u0130<\/h4>\n<p>Bu \u00e7erez t\u00fcr\u00fc, \u015eirketin internet sitesinde bulunan ara\u00e7lar i\u00e7in tercihlerinizi hat\u0131rlar, b\u00f6ylece her ziyaretinizde onlar\u0131 yeniden ayarlaman\u0131z gerekmez. \u00d6rnekler aras\u0131nda \u015funlar yer al\u0131r:<\/p>\n<ul>\n<li>Video oynat\u0131c\u0131 i\u00e7in ses seviyesi ayarlar\u0131<\/li>\n<li>\u00d6nce yeni i\u00e7eri\u011fi g\u00f6r\u00fcp g\u00f6rmeyece\u011finiz<\/li>\n<li>Taray\u0131c\u0131n\u0131z ile uyumlu video ak\u0131\u015f h\u0131zlar\u0131<\/li>\n<\/ul>\n<h4>ANON\u0130M ANAL\u0130T\u0130K \u00c7EREZLER\u0130:<\/h4>\n<p>\u0130nternet siteniz her ziyaret edili\u015finde, ba\u015fka bir kurulu\u015f taraf\u0131ndan sa\u011flanan yaz\u0131l\u0131m bir &#8220;anonim analitik \u00e7erez&#8221; olu\u015fturur. Bu \u00e7erezler bize siteyi daha \u00f6nce ziyaret edip etmedi\u011finizi s\u00f6yleyebilir. Taray\u0131c\u0131n\u0131z bize bu \u00e7erezlere sahip olup olmad\u0131\u011f\u0131n\u0131z\u0131 s\u00f6yleyecektir ve sahip de\u011filseniz yenilerini olu\u015fturacakt\u0131r. Bu, ka\u00e7 bireysel kullan\u0131c\u0131ya sahip oldu\u011fumuzu ve bu ki\u015filerin sitemizi ne s\u0131kl\u0131kta ziyaret etti\u011fini takip etmemize imkan sa\u011flar.<\/p>\n<p>Siteye giri\u015f yapmad\u0131\u011f\u0131n\u0131z s\u00fcrece, bu \u00e7erezleri bireyleri tan\u0131mlamak i\u00e7in kullanamay\u0131z. Bunlar\u0131, \u00f6rne\u011fin bir sayfay\u0131 ziyaret say\u0131s\u0131 gibi istatistikler toplamak i\u00e7in kullan\u0131r\u0131z. Giri\u015f yaparsan\u0131z, kullan\u0131c\u0131 ad\u0131n\u0131z ve e-posta adresiniz gibi, bunun i\u00e7in bize vermi\u015f oldu\u011funuz ayr\u0131nt\u0131lar\u0131 da biliriz.<\/p>\n<h4>CO\u011eRAF\u0130 HEDEFLEME \u00c7EREZLER\u0130<\/h4>\n<p>Bu \u00e7erezler, bir internet sayfas\u0131na t\u0131klad\u0131\u011f\u0131n\u0131z zaman taray\u0131c\u0131n\u0131z\u0131n sa\u011flad\u0131\u011f\u0131 bilgilerden hangi \u00fclkede oldu\u011funuzu belirlemeye \u00e7al\u0131\u015fan yaz\u0131l\u0131m taraf\u0131ndan kullan\u0131l\u0131r. Bu \u00e7erez tamamen anonimdir ve bunu yaln\u0131zca, \u00fclkeye \u00f6zg\u00fc bir ana sayfa g\u00f6r\u00fcp g\u00f6rmeyece\u011finiz gibi i\u00e7eri\u011fimizin ve reklamlar\u0131n hedefini belirlemeye yard\u0131m i\u00e7in kullan\u0131r\u0131z.<\/p>\n<h4>KAYIT \u00c7EREZLER\u0130<\/h4>\n<p>Bize kay\u0131t yapt\u0131rd\u0131\u011f\u0131n\u0131z zaman, oturup a\u00e7\u0131p a\u00e7mad\u0131\u011f\u0131n\u0131z\u0131 bilmemize izin veren \u00e7erezler olu\u015ftururuz. Sunucular\u0131m\u0131z bu \u00e7erezleri hangi hesapla oturum a\u00e7t\u0131\u011f\u0131n\u0131z\u0131 ve belirli bir hizmete eri\u015fim iznine sahip olup olmad\u0131\u011f\u0131n\u0131z\u0131 belirlemek i\u00e7in kullan\u0131r. Ayn\u0131 zamanda, g\u00f6nderdi\u011finiz her yorumu kullan\u0131c\u0131 ad\u0131n\u0131zla ili\u015fkilendirmemize de imkan sa\u011flar. &#8220;Oturumumu a\u00e7\u0131k tut&#8221; se\u00e7ene\u011fini i\u015faretlemediyseniz, taray\u0131c\u0131n\u0131z\u0131 veya bilgisayar\u0131n\u0131z\u0131 kapatt\u0131\u011f\u0131n\u0131z zaman \u00e7erezleriniz silinir. Sitelerden birinde oturum a\u00e7t\u0131\u011f\u0131n\u0131z zaman, kay\u0131t \u00e7erezlerinizden bilgileri, hangi sayfalar\u0131 g\u00f6rd\u00fc\u011f\u00fcn\u00fcz\u00fc belirlemek i\u00e7in kullanabilece\u011fimiz analitik \u00e7erezlerle birle\u015ftiririz.<\/p>\n<h4>REKLAM \u00c7EREZLER\u0130<\/h4>\n<p>Bu \u00e7erezler, belirli bir reklam\u0131 veya reklam t\u00fcr\u00fcn\u00fc g\u00f6r\u00fcp g\u00f6rmedi\u011finizi ve g\u00f6rd\u00fc\u011f\u00fcn\u00fczden beri ne kadar s\u00fcre ge\u00e7ti\u011fini bilmemize imkan sa\u011flar. Bu \u00e7erezleri hedefe y\u00f6nelik reklamlar kullanmam\u0131za yard\u0131m i\u00e7in de kullan\u0131r\u0131z. Size g\u00f6sterilecek reklamlar\u0131 daha do\u011fru bir \u015fekilde belirleyebilmek i\u00e7in ba\u015fka bir kurulu\u015f taraf\u0131ndan ayarlanan \u00e7erezler kullanabiliriz. Bu \u00e7erezler anonimdir; kim oldu\u011funuza dair de\u011fil, sitemizde nelere bakt\u0131\u011f\u0131n\u0131za dair bilgi tutarlar.<\/p>\n<h4>\u00dc\u00c7\u00dcNC\u00dc TARAF REKLAM \u00c7EREZLER\u0130<\/h4>\n<p>Sitede g\u00f6rd\u00fc\u011f\u00fcn\u00fcz i\u00e7eriklerden baz\u0131lar\u0131 ba\u015fka kurulu\u015flar taraf\u0131ndan sa\u011flan\u0131r. Bu kurulu\u015flar\u0131n baz\u0131lar\u0131, belirli bir reklam\u0131 ka\u00e7 ki\u015finin g\u00f6rd\u00fc\u011f\u00fcn\u00fc veya ka\u00e7 ki\u015finin birden \u00e7ok kez g\u00f6rd\u00fc\u011f\u00fcn\u00fc takip etmek i\u00e7in kendi anonim \u00e7erezlerini kullan\u0131r. Bu \u00e7erezleri olu\u015fturan \u015firketlerin kendi gizlilik politikalar\u0131 vard\u0131r ve bizim bu \u00e7erezleri okuma veya yazma eri\u015fimimiz yoktur. Bu kurulu\u015flar, Siteyi ziyaretinize dayanarak, ba\u015fka internet sitelerinde anonim olarak size y\u00f6nelik reklamlar\u0131n hedefini belirlemek i\u00e7in kendi \u00e7erezlerini kullanabilir.<\/p>\n<h4>D\u0130\u011eER \u00dc\u00c7\u00dcNC\u00dc TARAF \u00c7EREZLER\u0130<\/h4>\n<p>\u0130nternet sitemizin baz\u0131 sayfalar\u0131nda, ba\u015fka kurulu\u015flar da kendi anonim \u00e7erezlerini koyabilir. Bunu, uygulamalar\u0131n\u0131n ba\u015far\u0131s\u0131n\u0131 takip etmek veya uygulamay\u0131 size \u00f6zel hale getirmek i\u00e7in yaparlar. \u00c7erezlerin \u00e7al\u0131\u015fma \u015feklinden dolay\u0131, internet sitemiz bu \u00e7erezlere eri\u015femez ve ba\u015fka kurulu\u015flar da internet sitemize kulland\u0131\u011f\u0131m\u0131z \u00e7erezlerdeki verilere eri\u015femez.<\/p>\n<h4>\u00c7EREZLER\u0130 NASIL KAPATIRIM?<\/h4>\n<p>Genellikle taray\u0131c\u0131n\u0131z\u0131n \u00e7erezleri kabul etmesini durdurman\u0131z veya belirli bir internet sitesinden \u00e7erezleri kabul etmeyi durdurman\u0131z m\u00fcmk\u00fcnd\u00fcr. Ancak, \u00e7erez kullanmadan oturum a\u00e7\u0131p a\u00e7mad\u0131\u011f\u0131n\u0131z\u0131 bilemeyiz; bu y\u00fczden yorum g\u00f6nderemezsiniz. T\u00fcm modern taray\u0131c\u0131lar \u00e7erez ayarlar\u0131n\u0131z\u0131 de\u011fi\u015ftirmenize izin verir. Bu ayarlar\u0131 genellikle taray\u0131c\u0131n\u0131z\u0131n Se\u00e7enekler veya Tercihler men\u00fcs\u00fcnde bulabilirsiniz. Bu ayarlar\u0131 anlamak i\u00e7in a\u015fa\u011f\u0131daki ba\u011flant\u0131lar faydal\u0131 olabilir veya daha fazla ayr\u0131nt\u0131 i\u00e7in taray\u0131c\u0131n\u0131zdaki Yard\u0131m se\u00e7ene\u011fini kullanabilirsiniz.<\/p>\n<ul>\n<li><a href=\"http:\/\/windows.microsoft.com\/en-GB\/internet-explorer\/delete-manage-cookies#ie=ie-10\" target=\"_blank\" rel=\"noopener noreferrer\">Internet Explorer \u00e7erez ayarlar\u0131<\/a><\/li>\n<li><a href=\"http:\/\/support.mozilla.com\/en-US\/kb\/Cookies\" target=\"_blank\" rel=\"noopener noreferrer\">Firefox \u00e7erez ayarlar\u0131<\/a><\/li>\n<li><a href=\"https:\/\/support.google.com\/chrome\/answer\/95647?hl=en&amp;ref_topic=14666\" target=\"_blank\" rel=\"noopener noreferrer\">Chrome \u00e7erez ayarlar\u0131<\/a><\/li>\n<li><a href=\"https:\/\/support.apple.com\/kb\/PH17191?locale=tr_TR\" target=\"_blank\" rel=\"noopener noreferrer\">Safari<\/a> internet ve <a href=\"http:\/\/support.apple.com\/kb\/HT1677\" target=\"_blank\" rel=\"noopener noreferrer\">iOS.<\/a> \u00e7erez ayarlar\u0131<\/li>\n<\/ul>\n<p>Esasen reklamc\u0131lar taraf\u0131ndan olu\u015fturulan \u00fc\u00e7\u00fcnc\u00fc taraf \u00e7erezler hakk\u0131nda endi\u015feniz varsa, <a href=\"http:\/\/www.youronlinechoices.com\/tr\" target=\"_blank\" rel=\"noopener noreferrer\">\u00c7evrimi\u00e7i Se\u00e7enekleriniz<\/a> sitesine giderek bunlar\u0131 kapatabilirsiniz. <\/p>\n<p>Daha fazla bilgi i\u00e7in bu reklam platformlar\u0131n\u0131 temsil eden ticaret kurumunu da ziyaret edebilirsiniz: <a href=\"http:\/\/www.networkadvertising.org\/\" target=\"_blank\" rel=\"noopener noreferrer\">A\u011f Reklamc\u0131l\u0131\u011f\u0131 Giri\u015fimi<\/a>.<\/p>\n<h4>FAYDALI BA\u011eLANTILAR<\/h4>\n<p>\u00c7erezler ve \u0130nternette kullan\u0131mlar\u0131 hakk\u0131nda daha fazlas\u0131n\u0131 \u00f6\u011frenmek isterseniz, a\u015fa\u011f\u0131daki ba\u011flant\u0131lar\u0131 faydal\u0131 bulabilirsiniz:<\/p>\n<ul>\n<li><a href=\"https:\/\/support.microsoft.com\/tr-tr\/help\/260971\/description-of-cookies\" target=\"_blank\" rel=\"noopener noreferrer\">Microsoft \u00c7erez k\u0131lavuzu<\/a><\/li>\n<li><a href=\"http:\/\/www.allaboutcookies.org\/\" target=\"_blank\" rel=\"noopener noreferrer\">\u00c7erezler Hakk\u0131nda Her \u015eeyes<\/a><\/li>\n<\/ul>\n<p>IAB, \u00f6zellikle \u0130nternet reklamc\u0131l\u0131\u011f\u0131 ile ilgili gizlilik sorunlar\u0131na dair bilgiler veren a\u015fa\u011f\u0131daki internet sitesini sa\u011flam\u0131\u015ft\u0131r: <a href=\"http:\/\/www.youronlinechoices.com\/tr\/\" target=\"_blank\" rel=\"noopener noreferrer\">youronlinechoices.co.tr\/tr<\/a><\/p>\n<p>Gizlilik hususlar\u0131nda daha fazla yasal bilgi i\u00e7in, bu ba\u011flant\u0131lar\u0131 faydal\u0131 bulabilirsiniz:<\/p>\n<ul>\n<li><a href=\"http:\/\/www.opsi.gov.uk\/acts\/acts1998\/ukpga_19980029_en_1\" target=\"_blank\" rel=\"noopener noreferrer\">1998 tarihli Veri Koruma Yasas\u0131<\/a><\/li>\n<li><a href=\"http:\/\/www.ico.gov.uk\/\" target=\"_blank\" rel=\"noopener noreferrer\">Bilgi Komiserli\u011fi<\/a><\/li>\n<\/ul>\n<p>\u00c7erezler hakk\u0131nda bizimle ileti\u015fim kurmak isterseniz l\u00fctfen bize e-posta g\u00f6nderin: <a href=\"mailto:webadmin@college-park.com\">webadmin@college-park.com<\/a>.\n<\/div>\n","protected":false},"excerpt":{"rendered":"<p>BU S\u0130TE, B\u0130R\u00c7OK BA\u015eKA S\u0130TE G\u0130B\u0130, DENEY\u0130M\u0130N\u0130Z\u0130 \u00d6ZELLE\u015eT\u0130RMEK \u0130\u00c7\u0130N \u00c7EREZ ADI VER\u0130LEN K\u00dc\u00c7\u00dcK DOSYALAR KULLANMAKTADIR. \u00c7EREZLER VE ONLARI NASIL KONTROL EDEB\u0130LECE\u011e\u0130N\u0130Z KONUSUNDA DAHA FAZLASINI \u00d6\u011eREN\u0130N. Bu sayfa, \u00e7erezlerin ne oldu\u011fu, College Park Industries (&#8220;biz&#8221;, &#8220;bizi&#8221;, &#8220;bizim&#8221;, &#8220;College Park&#8221; veya &#8220;\u015eirket&#8221;) internet sitesinin kulland\u0131\u011f\u0131 \u00e7erezler, \u00e7erezlerin taray\u0131c\u0131n\u0131zda nas\u0131l kapat\u0131labilece\u011fi, \u00f6zel olarak reklam \u00e7erezlerinin nas\u0131l kapat\u0131laca\u011f\u0131na dair &hellip; <\/p>\n<p class=\"link-more\"><a href=\"https:\/\/www.college-park.us\/tr\/cerez-politikasi\/\" class=\"more-link\">Okumaya devam et<span class=\"screen-reader-text\"> &#8220;\u00e7erez politikas\u0131&#8221;<\/span><\/a><\/p>\n","protected":false},"author":1,"featured_media":0,"parent":0,"menu_order":0,"comment_status":"closed","ping_status":"closed","template":"","meta":{"_acf_changed":false,"footnotes":""},"class_list":["post-1258","page","type-page","status-publish","hentry"],"acf":[],"_links":{"self":[{"href":"https:\/\/www.college-park.us\/tr\/wp-json\/wp\/v2\/pages\/1258","targetHints":{"allow":["GET"]}}],"collection":[{"href":"https:\/\/www.college-park.us\/tr\/wp-json\/wp\/v2\/pages"}],"about":[{"href":"https:\/\/www.college-park.us\/tr\/wp-json\/wp\/v2\/types\/page"}],"author":[{"embeddable":true,"href":"https:\/\/www.college-park.us\/tr\/wp-json\/wp\/v2\/users\/1"}],"replies":[{"embeddable":true,"href":"https:\/\/www.college-park.us\/tr\/wp-json\/wp\/v2\/comments?post=1258"}],"version-history":[{"count":1,"href":"https:\/\/www.college-park.us\/tr\/wp-json\/wp\/v2\/pages\/1258\/revisions"}],"predecessor-version":[{"id":1259,"href":"https:\/\/www.college-park.us\/tr\/wp-json\/wp\/v2\/pages\/1258\/revisions\/1259"}],"wp:attachment":[{"href":"https:\/\/www.college-park.us\/tr\/wp-json\/wp\/v2\/media?parent=1258"}],"curies":[{"name":"wp","href":"https:\/\/api.w.org\/{rel}","templated":true}]}}