{"id":1264,"date":"2021-01-24T23:36:38","date_gmt":"2021-01-24T23:36:38","guid":{"rendered":"https:\/\/www.college-park.us\/bize-ulasin\/"},"modified":"2021-01-24T23:36:38","modified_gmt":"2021-01-24T23:36:38","slug":"bize-ulasin","status":"publish","type":"page","link":"https:\/\/www.college-park.us\/tr\/bize-ulasin\/","title":{"rendered":"Bize Ula\u015f\u0131n"},"content":{"rendered":"\t\t<div data-elementor-type=\"wp-page\" data-elementor-id=\"1264\" class=\"elementor elementor-1264 elementor-9\">\n\t\t\t\t\t\t<section class=\"elementor-section elementor-top-section elementor-element elementor-element-2fd56ac elementor-section-boxed elementor-section-height-default elementor-section-height-default\" data-id=\"2fd56ac\" data-element_type=\"section\" data-e-type=\"section\">\n\t\t\t\t\t\t<div class=\"elementor-container elementor-column-gap-default\">\n\t\t\t\t\t<div class=\"elementor-column elementor-col-100 elementor-top-column elementor-element elementor-element-3eda97b5\" data-id=\"3eda97b5\" data-element_type=\"column\" data-e-type=\"column\">\n\t\t\t<div class=\"elementor-widget-wrap elementor-element-populated\">\n\t\t\t\t\t\t<div class=\"elementor-element elementor-element-5522d23 elementor-widget elementor-widget-text-editor\" data-id=\"5522d23\" data-element_type=\"widget\" data-e-type=\"widget\" data-widget_type=\"text-editor.default\">\n\t\t\t\t<div class=\"elementor-widget-container\">\n\t\t\t\t\t\t\t\t\t<p><\/p>\n<p>College Park \u00fcr\u00fcnleriyle ilgileniyor musunuz? Yard\u0131mc\u0131 olmaktan mutluluk duyar\u0131z. Ba\u015flamak i\u00e7in l\u00fctfen a\u015fa\u011f\u0131daki yerel distrib\u00fct\u00f6r\u00fcn\u00fcz ile ileti\u015fim kurun.<\/p>\n<p><\/p>\n\t\t\t\t\t\t\t\t<\/div>\n\t\t\t\t<\/div>\n\t\t\t\t\t<\/div>\n\t\t<\/div>\n\t\t\t\t\t<\/div>\n\t\t<\/section>\n\t\t\t\t<section class=\"elementor-section elementor-top-section elementor-element elementor-element-6c6514e elementor-section-boxed elementor-section-height-default elementor-section-height-default\" data-id=\"6c6514e\" data-element_type=\"section\" data-e-type=\"section\">\n\t\t\t\t\t\t<div class=\"elementor-container elementor-column-gap-default\">\n\t\t\t\t\t<div class=\"elementor-column elementor-col-50 elementor-top-column elementor-element elementor-element-d2ff459\" data-id=\"d2ff459\" data-element_type=\"column\" data-e-type=\"column\">\n\t\t\t<div class=\"elementor-widget-wrap elementor-element-populated\">\n\t\t\t\t\t\t<div class=\"elementor-element elementor-element-48b14a8 elementor-widget elementor-widget-google_maps\" data-id=\"48b14a8\" data-element_type=\"widget\" data-e-type=\"widget\" data-widget_type=\"google_maps.default\">\n\t\t\t\t<div class=\"elementor-widget-container\">\n\t\t\t\t\t\t\t<div class=\"elementor-custom-embed\">\n\t\t\t<iframe loading=\"lazy\"\n\t\t\t\t\tsrc=\"https:\/\/maps.google.com\/maps?q=27955%20College%20Park%20Drive%2C%20Warren%2C%20MI%2048044&#038;t=m&#038;z=10&#038;output=embed&#038;iwloc=near\"\n\t\t\t\t\ttitle=\"27955 College Park Drive, Warren, MI 48044\"\n\t\t\t\t\taria-label=\"27955 College Park Drive, Warren, MI 48044\"\n\t\t\t><\/iframe>\n\t\t<\/div>\n\t\t\t\t\t\t<\/div>\n\t\t\t\t<\/div>\n\t\t\t\t<div class=\"elementor-element elementor-element-c81bd52 elementor-widget elementor-widget-text-editor\" data-id=\"c81bd52\" data-element_type=\"widget\" data-e-type=\"widget\" data-widget_type=\"text-editor.default\">\n\t\t\t\t<div class=\"elementor-widget-container\">\n\t\t\t\t\t\t\t\t\t<h4>College Park GENEL MERKEZ\u0130<\/h4>\n<p>27955 College Park Drive<br \/>\nWarren, MI 48044, USA<br \/>\n<strong>Telefon:<\/strong> <a href=\"tel:+1-800-728-7950\">+1 800-728-7950<\/a> | <a href=\"tel:+1-800-728-7950\">+1 586-294-7950<\/a><br \/>\n<strong>Faks:<\/strong> 800-294-0067 | 586-294-0067<br \/>\n<strong>E-posta:<\/strong> <a href=\"mailto:orders@college-park.com\">orders@college-park.com<\/a><\/p>\n\t\t\t\t\t\t\t\t<\/div>\n\t\t\t\t<\/div>\n\t\t\t\t\t<\/div>\n\t\t<\/div>\n\t\t\t\t<div class=\"elementor-column elementor-col-50 elementor-top-column elementor-element elementor-element-dc9382c\" data-id=\"dc9382c\" data-element_type=\"column\" data-e-type=\"column\">\n\t\t\t<div class=\"elementor-widget-wrap elementor-element-populated\">\n\t\t\t\t\t\t<div class=\"elementor-element elementor-element-3c89eb9 elementor-widget elementor-widget-google_maps\" data-id=\"3c89eb9\" data-element_type=\"widget\" data-e-type=\"widget\" data-widget_type=\"google_maps.default\">\n\t\t\t\t<div class=\"elementor-widget-container\">\n\t\t\t\t\t\t\t<div class=\"elementor-custom-embed\">\n\t\t\t<iframe loading=\"lazy\"\n\t\t\t\t\tsrc=\"https:\/\/maps.google.com\/maps?q=27955%20College%20Park%20Drive%2C%20Warren%2C%20MI%2048044&#038;t=m&#038;z=10&#038;output=embed&#038;iwloc=near\"\n\t\t\t\t\ttitle=\"27955 College Park Drive, Warren, MI 48044\"\n\t\t\t\t\taria-label=\"27955 College Park Drive, Warren, MI 48044\"\n\t\t\t><\/iframe>\n\t\t<\/div>\n\t\t\t\t\t\t<\/div>\n\t\t\t\t<\/div>\n\t\t\t\t<div class=\"elementor-element elementor-element-feaffba elementor-widget elementor-widget-text-editor\" data-id=\"feaffba\" data-element_type=\"widget\" data-e-type=\"widget\" data-widget_type=\"text-editor.default\">\n\t\t\t\t<div class=\"elementor-widget-container\">\n\t\t\t\t\t\t\t\t\t<h4>D\u0130STR\u0130B\u00dcT\u00d6R B\u0130LG\u0130LER\u0130<\/h4>\n<p>IMSAN Sanayi Sitesi<br \/>\nE3 Blok No: 9 K.Cekmece ISTANBUL<br \/>\n<strong>Telefon:<\/strong> <a href=\"tel:+0212 674 8891\">+0212 674 8891<\/a><br \/>\n<strong>E-posta:<\/strong> <a href=\"mailto:Bilgi@ossur.com\">Bilgi@ossur.com<\/a><\/p>\n\t\t\t\t\t\t\t\t<\/div>\n\t\t\t\t<\/div>\n\t\t\t\t\t<\/div>\n\t\t<\/div>\n\t\t\t\t\t<\/div>\n\t\t<\/section>\n\t\t\t\t<\/div>\n\t\t","protected":false},"excerpt":{"rendered":"<p>College Park \u00fcr\u00fcnleriyle ilgileniyor musunuz? Yard\u0131mc\u0131 olmaktan mutluluk duyar\u0131z. Ba\u015flamak i\u00e7in l\u00fctfen a\u015fa\u011f\u0131daki yerel distrib\u00fct\u00f6r\u00fcn\u00fcz ile ileti\u015fim kurun. College Park GENEL MERKEZ\u0130 27955 College Park Drive Warren, MI 48044, USA Telefon: +1 800-728-7950 | +1 586-294-7950 Faks: 800-294-0067 | 586-294-0067 E-posta: orders@college-park.com D\u0130STR\u0130B\u00dcT\u00d6R B\u0130LG\u0130LER\u0130 IMSAN Sanayi Sitesi E3 Blok No: 9 K.Cekmece ISTANBUL Telefon: +0212 &hellip; <\/p>\n<p class=\"link-more\"><a href=\"https:\/\/www.college-park.us\/tr\/bize-ulasin\/\" class=\"more-link\">Okumaya devam et<span class=\"screen-reader-text\"> &#8220;Bize Ula\u015f\u0131n&#8221;<\/span><\/a><\/p>\n","protected":false},"author":1,"featured_media":0,"parent":0,"menu_order":0,"comment_status":"closed","ping_status":"closed","template":"page-side-bar.php","meta":{"_acf_changed":false,"footnotes":""},"class_list":["post-1264","page","type-page","status-publish","hentry"],"acf":[],"_links":{"self":[{"href":"https:\/\/www.college-park.us\/tr\/wp-json\/wp\/v2\/pages\/1264","targetHints":{"allow":["GET"]}}],"collection":[{"href":"https:\/\/www.college-park.us\/tr\/wp-json\/wp\/v2\/pages"}],"about":[{"href":"https:\/\/www.college-park.us\/tr\/wp-json\/wp\/v2\/types\/page"}],"author":[{"embeddable":true,"href":"https:\/\/www.college-park.us\/tr\/wp-json\/wp\/v2\/users\/1"}],"replies":[{"embeddable":true,"href":"https:\/\/www.college-park.us\/tr\/wp-json\/wp\/v2\/comments?post=1264"}],"version-history":[{"count":3,"href":"https:\/\/www.college-park.us\/tr\/wp-json\/wp\/v2\/pages\/1264\/revisions"}],"predecessor-version":[{"id":1267,"href":"https:\/\/www.college-park.us\/tr\/wp-json\/wp\/v2\/pages\/1264\/revisions\/1267"}],"wp:attachment":[{"href":"https:\/\/www.college-park.us\/tr\/wp-json\/wp\/v2\/media?parent=1264"}],"curies":[{"name":"wp","href":"https:\/\/api.w.org\/{rel}","templated":true}]}}