{"id":1269,"date":"2021-01-24T23:38:28","date_gmt":"2021-01-24T23:38:28","guid":{"rendered":"https:\/\/www.college-park.us\/bir-teklif-istegi\/"},"modified":"2021-01-24T23:41:47","modified_gmt":"2021-01-24T23:41:47","slug":"fiyat-teklifi-istemek","status":"publish","type":"page","link":"https:\/\/www.college-park.us\/tr\/fiyat-teklifi-istemek\/","title":{"rendered":"Bir teklif iste\u011fi"},"content":{"rendered":"\n<div class=\"wpcf7 no-js\" id=\"wpcf7-f1263-o1\" lang=\"tr-TR\" dir=\"ltr\">\n<div class=\"screen-reader-response\"><p role=\"status\" aria-live=\"polite\" aria-atomic=\"true\"><\/p> <ul><\/ul><\/div>\n<form action=\"\/tr\/wp-json\/wp\/v2\/pages\/1269#wpcf7-f1263-o1\" method=\"post\" class=\"wpcf7-form init\" aria-label=\"\u0130leti\u015fim Formu\" novalidate=\"novalidate\" data-status=\"init\">\n<div style=\"display: none;\">\n<input type=\"hidden\" name=\"_wpcf7\" value=\"1263\" \/>\n<input type=\"hidden\" name=\"_wpcf7_version\" value=\"5.9.8\" \/>\n<input type=\"hidden\" name=\"_wpcf7_locale\" value=\"tr_TR\" \/>\n<input type=\"hidden\" name=\"_wpcf7_unit_tag\" value=\"wpcf7-f1263-o1\" \/>\n<input type=\"hidden\" name=\"_wpcf7_container_post\" value=\"0\" \/>\n<input type=\"hidden\" name=\"_wpcf7_posted_data_hash\" value=\"\" \/>\n<input type=\"hidden\" name=\"_cf7a__timestamp\" value=\"kIedxqkfLZm+IGNUsq8qHQ==\" \/>\n<input type=\"hidden\" name=\"_cf7a_version\" value=\"1.0\" \/>\n<input type=\"hidden\" name=\"_cf7a_address\" value=\"\" \/>\n<input type=\"hidden\" name=\"_cf7a_referer\" value=\"\" \/>\n<input type=\"hidden\" name=\"_cf7a_protocol\" value=\"\" \/>\n<input type=\"hidden\" name=\"_wpcf7cf_hidden_group_fields\" value=\"[]\" \/>\n<input type=\"hidden\" name=\"_wpcf7cf_hidden_groups\" value=\"[]\" \/>\n<input type=\"hidden\" name=\"_wpcf7cf_visible_groups\" value=\"[]\" \/>\n<input type=\"hidden\" name=\"_wpcf7cf_repeaters\" value=\"[]\" \/>\n<input type=\"hidden\" name=\"_wpcf7cf_steps\" value=\"{}\" \/>\n<input type=\"hidden\" name=\"_wpcf7cf_options\" value=\"{&quot;form_id&quot;:1263,&quot;conditions&quot;:[],&quot;settings&quot;:{&quot;animation&quot;:&quot;yes&quot;,&quot;animation_intime&quot;:&quot;200&quot;,&quot;animation_outtime&quot;:&quot;200&quot;,&quot;conditions_ui&quot;:&quot;normal&quot;,&quot;notice_dismissed&quot;:&quot;&quot;,&quot;notice_dismissed_update-cf7-5.6.4&quot;:true,&quot;notice_dismissed_update-cf7-5.7.2&quot;:true,&quot;notice_dismissed_update-cf7-5.7.5.1&quot;:true,&quot;notice_dismissed_update-cf7-5.7.6&quot;:true,&quot;notice_dismissed_update-cf7-5.7.7&quot;:true,&quot;notice_dismissed_update-cf7-5.8&quot;:true,&quot;notice_dismissed_update-cf7-5.9.5&quot;:true,&quot;notice_dismissed_update-cf7-6.0&quot;:true,&quot;notice_dismissed_update-cf7-6.0.1&quot;:true,&quot;notice_dismissed_update-cf7-6.0.3&quot;:true,&quot;notice_dismissed_update-cf7-6.0.6&quot;:true,&quot;notice_dismissed_update-cf7-6.1&quot;:true,&quot;notice_dismissed_update-cf7-6.1.2&quot;:true,&quot;notice_dismissed_update-cf7-6.1.3&quot;:true,&quot;notice_dismissed_update-cf7-6.1.4&quot;:true}}\" \/>\n<input type=\"hidden\" name=\"_wpcf7dtx_version\" value=\"5.0.5\" \/>\n<input type=\"hidden\" name=\"_wpcf7_recaptcha_response\" value=\"\" \/>\n<input type=\"hidden\" name=\"_cf7a_bot_fingerprint\" value=\"kIedxqkfLZm+IGNUsq8qHQ==\" \/>\n<input type=\"hidden\" name=\"_cf7a_bot_fingerprint_extras\" value=\"\" \/>\n<input type=\"hidden\" name=\"_cf7a_append_on_submit\" value=\"\" \/>\n<\/div>\n<p><script type=\"text\/javascript\">\njQuery( document ).ready(function() {\n\tfunction getUrlParameter(sParam) {\n\t var sPageURL = decodeURIComponent(window.location.search.substring(1)),\n\t sURLVariables = sPageURL.split('&'),\n\t sParameterName,\n\t i;\n\t if (sPageURL != null) {\n\t \tdocument.getElementById('product-request').setAttribute('value',sPageURL);\n\t\t}\n\t};\n\tgetUrlParameter('PARAMETER');\n});\n<\/script>\n<\/p>\n<h3>SORMAK \u0130STED\u0130\u011e\u0130N\u0130Z B\u0130R \u015eEY VAR MI? A\u015eA\u011eIDAK\u0130 FORMU DOLDURUNUZ.\n<\/h3>\n<p class=\"required\">* Required\n<\/p>\n<div class=\"form clearfix\">\n\t<div class=\"tesmim-col-l\">\n\t<input class=\"wpcf7-form-control wpcf7-hidden\" id=\"product-request\" value=\"\" type=\"hidden\" name=\"product-request\" \/>\n\t\t<p><span class=\"wpcf7-form-control-wrap\" data-name=\"first-name\"><input type=\"text\" name=\"email\" value=\"\" autocomplete=\"fill\" class=\"fit-the-fullspace\" aria-hidden=\"true\" tabindex=\"-1\" \/><input size=\"40\" maxlength=\"400\" class=\"wpcf7-form-control wpcf7-text wpcf7-validates-as-required\" aria-required=\"true\" aria-invalid=\"false\" placeholder=\"\u0130sim*\" value=\"\" type=\"text\" name=\"first-name\" \/><\/span><br \/>\n<span class=\"wpcf7-form-control-wrap\" data-name=\"your-email\"><input size=\"40\" maxlength=\"400\" class=\"wpcf7-form-control wpcf7-email wpcf7-validates-as-required wpcf7-text wpcf7-validates-as-email\" aria-required=\"true\" aria-invalid=\"false\" placeholder=\"E-posta*\" value=\"\" type=\"email\" name=\"your-email\" \/><\/span><br \/>\n<span class=\"wpcf7-form-control-wrap\" data-name=\"which-country\"><input type=\"text\" name=\"zip\" value=\"\" autocomplete=\"fill\" class=\"fit-the-fullspace\" aria-hidden=\"true\" tabindex=\"-1\" \/><input size=\"40\" class=\"wpcf7-form-control wpcf7-countrytext wpcf7-text wpcf7-validates-as-countrytext\" aria-invalid=\"false\" placeholder=\"\u00dclke\" value=\"\" type=\"text\" name=\"which-country\" \/><\/span><br \/>\n<input type=\"text\" name=\"town\" value=\"\" autocomplete=\"fill\" class=\"fit-the-fullspace\" aria-hidden=\"true\" tabindex=\"-1\" \/><input type=\"text\" onfocus=\"(this.type='date')\" onblur=\"(this.type='text')\"  name=\"quote-needed-by\" value=\"\" class=\"wpcf7-form-control wpcf7-date wpcf7-validates-as-required wpcf7-validates-as-date\" aria-required=\"true\" aria-invalid=\"false\" placeholder=\"Al\u0131nt\u0131 Yapan\" \/><br \/>\n<span class=\"wpcf7-form-control-wrap\" data-name=\"city\"><input type=\"text\" name=\"phone\" value=\"\" autocomplete=\"fill\" class=\"fit-the-fullspace\" aria-hidden=\"true\" tabindex=\"-1\" \/><input size=\"40\" maxlength=\"400\" class=\"wpcf7-form-control wpcf7-text\" aria-invalid=\"false\" placeholder=\"\u015fehir\" value=\"\" type=\"text\" name=\"city\" \/><\/span>\n\t\t<\/p>\n\t<\/div>\n\t<div class=\"tesmim-col-r\">\n\t\t<p><span class=\"wpcf7-form-control-wrap\" data-name=\"last-name\"><input size=\"40\" maxlength=\"400\" class=\"wpcf7-form-control wpcf7-text wpcf7-validates-as-required\" aria-required=\"true\" aria-invalid=\"false\" placeholder=\"Soyad\u0131*\" value=\"\" type=\"text\" name=\"last-name\" \/><\/span><br \/>\n<span class=\"wpcf7-form-control-wrap\" data-name=\"company\"><input size=\"40\" maxlength=\"400\" class=\"wpcf7-form-control wpcf7-text wpcf7-validates-as-required\" aria-required=\"true\" aria-invalid=\"false\" placeholder=\"Tesis*\" value=\"\" type=\"text\" name=\"company\" \/><\/span><br \/>\n<span class=\"wpcf7-form-control-wrap\" data-name=\"your-phone\"><input size=\"40\" class=\"wpcf7-form-control wpcf7-phonetext wpcf7-text wpcf7-validates-as-phonetext\" aria-invalid=\"false\" placeholder=\"Telefon numaras\u0131\" value=\"\" type=\"text\" name=\"your-phone\" \/><input type=\"hidden\" name=\"your-phone-country-code\" class=\"wpcf7-phonetext-country-code\" \/><\/span><br \/>\n<span class=\"wpcf7-form-control-wrap\" data-name=\"comment-info\"><textarea cols=\"40\" rows=\"10\" maxlength=\"2000\" class=\"wpcf7-form-control wpcf7-textarea\" aria-invalid=\"false\" placeholder=\"Yorum ekle\" name=\"comment-info\"><\/textarea><\/span><br \/>\n\t\t<span class=\"wpcf7-form-control-wrap recaptcha\" data-name=\"recaptcha\"><span data-sitekey=\"6Lfx6qEaAAAAAM603A7yZFREIHf-E7GR77E6ecmJ\" data-size=\"compact\" class=\"wpcf7-form-control wpcf7-recaptcha g-recaptcha\"><\/span>\r\n<noscript>\r\n\t<div class=\"grecaptcha-noscript\">\r\n\t\t<iframe src=\"https:\/\/www.google.com\/recaptcha\/api\/fallback?k=6Lfx6qEaAAAAAM603A7yZFREIHf-E7GR77E6ecmJ\" frameborder=\"0\" scrolling=\"no\" width=\"310\" height=\"430\">\r\n\t\t<\/iframe>\r\n\t\t<textarea name=\"g-recaptcha-response\" rows=\"3\" cols=\"40\" placeholder=\"reCaptcha Response Here\">\r\n\t\t<\/textarea>\r\n\t<\/div>\r\n<\/noscript>\r\n<\/span><br \/>\n<p class=\"cf7ascaptcha\"><input name=\"cf7as_hdn_cpthaval1\" id=\"cf7as_hdn_cpthaval1\" type=\"hidden\" value=\"8\" \/><input name=\"cf7as_hdn_cpthaval2\" id=\"cf7as_hdn_cpthaval2\" type=\"hidden\" value=\"1\" \/><input name=\"cf7as_hdn_cpthaaction\" id=\"cf7as_hdn_cpthaaction\" type=\"hidden\" value=\"+\" \/>What is  <span class=\"cf7as-firstAct\">1<\/span> +<span class=\"cf7as-firstAct\"> 8<\/span> <br><span class=\"wpcf7-form-control-wrap cf7as-captchcode\" data-name=\"cf7as-captchcode\"> <input type=\"text\" aria-invalid=\"false\" aria-required=\"true\" class=\"wpcf7-form-control wpcf7-text wpcf7-validates-as-required\" size=\"5\" value=\"\" name=\"cf7as-captchcode\" placeholder=\"Type your answer\" style=\"width:200px;margin-bottom:10px;\" oninput=\"this.value = this.value.replace(\/[^0-9.]\/g, '').replace(\/(\\..*)\\.\/g, '$1');\"><\/span><input type=\"hidden\" name=\"cf7as-zplus\" value=\"\"><\/p><input type=\"hidden\" id=\"cf7as_captcha_nonce\" name=\"cf7as_captcha_nonce\" value=\"f16f8dba07\" \/><input type=\"hidden\" name=\"_wp_http_referer\" value=\"\/tr\/wp-json\/wp\/v2\/pages\/1269\" \/>\n\t\t<\/p>\n\t<\/div>\n<\/div>\n<div class=\"buttons-set\">\n\t<p><input class=\"wpcf7-form-control wpcf7-submit has-spinner\" type=\"submit\" value=\"Sunmak\" \/>\n\t<\/p>\n<\/div><div class=\"wpcf7-response-output\" aria-hidden=\"true\"><\/div>\n<\/form>\n<\/div>\n\n","protected":false},"excerpt":{"rendered":"","protected":false},"author":1,"featured_media":0,"parent":0,"menu_order":0,"comment_status":"closed","ping_status":"closed","template":"","meta":{"_acf_changed":false,"footnotes":""},"acf":[],"_links":{"self":[{"href":"https:\/\/www.college-park.us\/tr\/wp-json\/wp\/v2\/pages\/1269"}],"collection":[{"href":"https:\/\/www.college-park.us\/tr\/wp-json\/wp\/v2\/pages"}],"about":[{"href":"https:\/\/www.college-park.us\/tr\/wp-json\/wp\/v2\/types\/page"}],"author":[{"embeddable":true,"href":"https:\/\/www.college-park.us\/tr\/wp-json\/wp\/v2\/users\/1"}],"replies":[{"embeddable":true,"href":"https:\/\/www.college-park.us\/tr\/wp-json\/wp\/v2\/comments?post=1269"}],"version-history":[{"count":1,"href":"https:\/\/www.college-park.us\/tr\/wp-json\/wp\/v2\/pages\/1269\/revisions"}],"predecessor-version":[{"id":1270,"href":"https:\/\/www.college-park.us\/tr\/wp-json\/wp\/v2\/pages\/1269\/revisions\/1270"}],"wp:attachment":[{"href":"https:\/\/www.college-park.us\/tr\/wp-json\/wp\/v2\/media?parent=1269"}],"curies":[{"name":"wp","href":"https:\/\/api.w.org\/{rel}","templated":true}]}}