{"id":1052,"date":"2020-09-25T13:24:54","date_gmt":"2020-12-04T18:49:22","guid":{"rendered":"https:\/\/www.college-park.us\/product\/soleus-2\/"},"modified":"2021-01-24T22:34:48","modified_gmt":"2021-01-24T22:34:48","slug":"soleus","status":"publish","type":"product","link":"https:\/\/www.college-park.us\/tr\/urun\/soleus\/","title":{"rendered":"Soleus"},"content":{"rendered":"","protected":false},"excerpt":{"rendered":"<h3>HAREKETLE YAYLAN<\/h3>\n<p>Entegre Yaylanma Teknolojisini (iST\u00ae) ilk kullanan Soleus\u00ae, kademeli, 3 a\u015famal\u0131 tepki ve \u00fcst\u00fcn hareket aral\u0131\u011f\u0131yla do\u011fal hareket sa\u011fl\u0131yor. Ayak, de\u011fi\u015fken darbelere tepki veren sert, esnek bir plantar kay\u0131\u015f arac\u0131l\u0131\u011f\u0131yla Intelliweave\u00ae kompozit yaylar\u0131 entegre ediyor. E\u015fsiz, \u00f6l\u00e7ekli tasar\u0131m, rakipsiz konfor i\u00e7in 10 mm dikey uygunluk da sa\u011fl\u0131yor. Soleus, en y\u00fcksek darbeli Paralimpik atletlere kadar orta derecede hareketli ya\u015fam tarz\u0131na imkan sa\u011fl\u0131yor.<\/p>\n","protected":false},"featured_media":431,"template":"","meta":{"_acf_changed":false},"product_brand":[],"product_cat":[91],"product_tag":[],"class_list":{"0":"post-1052","1":"product","2":"type-product","3":"status-publish","4":"has-post-thumbnail","6":"product_cat-protez-ayak","8":"first","9":"instock","10":"shipping-taxable","11":"product-type-simple"},"acf":[],"_links":{"self":[{"href":"https:\/\/www.college-park.us\/tr\/wp-json\/wp\/v2\/product\/1052","targetHints":{"allow":["GET"]}}],"collection":[{"href":"https:\/\/www.college-park.us\/tr\/wp-json\/wp\/v2\/product"}],"about":[{"href":"https:\/\/www.college-park.us\/tr\/wp-json\/wp\/v2\/types\/product"}],"wp:featuredmedia":[{"embeddable":true,"href":"https:\/\/www.college-park.us\/tr\/wp-json\/wp\/v2\/media\/431"}],"wp:attachment":[{"href":"https:\/\/www.college-park.us\/tr\/wp-json\/wp\/v2\/media?parent=1052"}],"wp:term":[{"taxonomy":"product_brand","embeddable":true,"href":"https:\/\/www.college-park.us\/tr\/wp-json\/wp\/v2\/product_brand?post=1052"},{"taxonomy":"product_cat","embeddable":true,"href":"https:\/\/www.college-park.us\/tr\/wp-json\/wp\/v2\/product_cat?post=1052"},{"taxonomy":"product_tag","embeddable":true,"href":"https:\/\/www.college-park.us\/tr\/wp-json\/wp\/v2\/product_tag?post=1052"}],"curies":[{"name":"wp","href":"https:\/\/api.w.org\/{rel}","templated":true}]}}