{"id":1078,"date":"2020-10-26T20:18:41","date_gmt":"2020-10-26T20:18:41","guid":{"rendered":"https:\/\/www.college-park.us\/product\/omuz\/"},"modified":"2025-02-05T16:29:42","modified_gmt":"2025-02-05T16:29:42","slug":"omuz","status":"publish","type":"product","link":"https:\/\/www.college-park.us\/tr\/urun\/omuz\/","title":{"rendered":"Omuz"},"content":{"rendered":"","protected":false},"excerpt":{"rendered":"<p>Patentli omuz eklemi, friksiyon kilitli mente\u015fesi sayesinde, b\u00fcy\u00fck v\u00fccut hareketleri gerektirmeden donan\u0131m\u0131 kolayla\u015ft\u0131ran basit anahtarlarla \u00e7al\u0131\u015ft\u0131r\u0131l\u0131r. AXIS, g\u00fc\u00e7 kablolar\u0131n\u0131 gizleyen ve koruyan \u00f6zel bir kanalla t\u00fcm \u00fcst ekstremite kontrol sistemlerine entegre edilebilir. AXIS, piyasadaki t\u00fcm \u00fcr\u00fcnlerden farkl\u0131 olarak, hastan\u0131n g\u00fcnl\u00fck ya\u015fam\u0131 i\u00e7in daha iyi g\u00f6rev kontrol\u00fc, do\u011fal bir hareket aral\u0131\u011f\u0131 ve kullan\u0131m kolayl\u0131\u011f\u0131 sa\u011flar.<\/p>\n","protected":false},"featured_media":1001,"template":"","meta":{"_acf_changed":false},"product_brand":[],"product_cat":[92],"product_tag":[],"class_list":{"0":"post-1078","1":"product","2":"type-product","3":"status-publish","4":"has-post-thumbnail","6":"product_cat-ust-uzuv","8":"first","9":"instock","10":"shipping-taxable","11":"product-type-simple"},"acf":[],"_links":{"self":[{"href":"https:\/\/www.college-park.us\/tr\/wp-json\/wp\/v2\/product\/1078","targetHints":{"allow":["GET"]}}],"collection":[{"href":"https:\/\/www.college-park.us\/tr\/wp-json\/wp\/v2\/product"}],"about":[{"href":"https:\/\/www.college-park.us\/tr\/wp-json\/wp\/v2\/types\/product"}],"wp:featuredmedia":[{"embeddable":true,"href":"https:\/\/www.college-park.us\/tr\/wp-json\/wp\/v2\/media\/1001"}],"wp:attachment":[{"href":"https:\/\/www.college-park.us\/tr\/wp-json\/wp\/v2\/media?parent=1078"}],"wp:term":[{"taxonomy":"product_brand","embeddable":true,"href":"https:\/\/www.college-park.us\/tr\/wp-json\/wp\/v2\/product_brand?post=1078"},{"taxonomy":"product_cat","embeddable":true,"href":"https:\/\/www.college-park.us\/tr\/wp-json\/wp\/v2\/product_cat?post=1078"},{"taxonomy":"product_tag","embeddable":true,"href":"https:\/\/www.college-park.us\/tr\/wp-json\/wp\/v2\/product_tag?post=1078"}],"curies":[{"name":"wp","href":"https:\/\/api.w.org\/{rel}","templated":true}]}}