{"id":1090,"date":"2020-10-23T23:08:15","date_gmt":"2020-10-23T23:08:15","guid":{"rendered":"https:\/\/www.college-park.us\/product\/capital\/"},"modified":"2021-01-24T22:44:05","modified_gmt":"2021-01-24T22:44:05","slug":"capital","status":"publish","type":"product","link":"https:\/\/www.college-park.us\/tr\/urun\/capital\/","title":{"rendered":"Capital"},"content":{"rendered":"","protected":false},"excerpt":{"rendered":"<p>Capital\u2122, hem hastalar hem de prostetistler i\u00e7in kullan\u0131m\u0131 kolay hidrolik, tek eksenli bir diz eklemidir. Hem sal\u0131n\u0131m hem de duru\u015f faz\u0131nda ak\u0131c\u0131 ve duyarl\u0131 hidrolik \u00f6zellikler sa\u011flayan bu diz, kullan\u0131c\u0131n\u0131n farkl\u0131 y\u00fcr\u00fcy\u00fc\u015flerine \u00e7aba harcamadan uyum sa\u011flar. Dayan\u0131kl\u0131, \u015f\u0131k ve tatl\u0131 su dostu Capital, Amerika&#8217;da titizlikle elde \u00fcretilmektedir. Bu diz, kolay mod se\u00e7imi ve basit kurulum i\u00e7in standart 4mm alyan anahtar\u0131 ile ayarlanabilecek \u015fekilde tasarlanm\u0131\u015ft\u0131r. Capital, orta ila y\u00fcksek aktiviteli kullan\u0131c\u0131lar i\u00e7in g\u00fc\u00e7l\u00fc ve g\u00fcvenilir bir \u00e7\u00f6z\u00fcmd\u00fcr.<\/p>\n","protected":false},"featured_media":629,"template":"","meta":{"_acf_changed":false},"product_cat":[90],"product_tag":[],"acf":[],"_links":{"self":[{"href":"https:\/\/www.college-park.us\/tr\/wp-json\/wp\/v2\/product\/1090"}],"collection":[{"href":"https:\/\/www.college-park.us\/tr\/wp-json\/wp\/v2\/product"}],"about":[{"href":"https:\/\/www.college-park.us\/tr\/wp-json\/wp\/v2\/types\/product"}],"wp:featuredmedia":[{"embeddable":true,"href":"https:\/\/www.college-park.us\/tr\/wp-json\/wp\/v2\/media\/629"}],"wp:attachment":[{"href":"https:\/\/www.college-park.us\/tr\/wp-json\/wp\/v2\/media?parent=1090"}],"wp:term":[{"taxonomy":"product_cat","embeddable":true,"href":"https:\/\/www.college-park.us\/tr\/wp-json\/wp\/v2\/product_cat?post=1090"},{"taxonomy":"product_tag","embeddable":true,"href":"https:\/\/www.college-park.us\/tr\/wp-json\/wp\/v2\/product_tag?post=1090"}],"curies":[{"name":"wp","href":"https:\/\/api.w.org\/{rel}","templated":true}]}}