{"id":1095,"date":"2020-10-23T23:00:16","date_gmt":"2020-10-23T23:00:16","guid":{"rendered":"https:\/\/www.college-park.us\/product\/victor\/"},"modified":"2021-01-24T22:43:55","modified_gmt":"2021-01-24T22:43:55","slug":"victor","status":"publish","type":"product","link":"https:\/\/www.college-park.us\/tr\/urun\/victor\/","title":{"rendered":"Victor"},"content":{"rendered":"","protected":false},"excerpt":{"rendered":"<p>Ba\u015far\u0131l\u0131 ad\u0131mlar. Victor\u00ae diz, duru\u015f faz\u0131n\u0131 kontrol etmek i\u00e7in friksiyon kilitli, tek eksenli ve pn\u00f6matik bir diz eklemidir. Bu diz, hem yava\u015f hem de h\u0131zl\u0131 y\u00fcr\u00fcmeyi sa\u011flayabilecek \u015fekilde ayarlanabildi\u011fi i\u00e7in d\u00fc\u015f\u00fck ila orta d\u00fczeyde aktiviteye sahip kullan\u0131c\u0131lar i\u00e7in ideal bir \u00e7\u00f6z\u00fcmd\u00fcr. Rehabilitasyon sonras\u0131nda aktivite d\u00fczeyini art\u0131rmak isteyen hastalar i\u00e7in de do\u011fru bir se\u00e7imdir. Victor, hastalara g\u00fcven ve \u00f6zg\u00fcrl\u00fck a\u015f\u0131layan ekonomik bir se\u00e7enektir.<\/p>\n","protected":false},"featured_media":623,"template":"","meta":{"_acf_changed":false},"product_cat":[90],"product_tag":[],"acf":[],"_links":{"self":[{"href":"https:\/\/www.college-park.us\/tr\/wp-json\/wp\/v2\/product\/1095"}],"collection":[{"href":"https:\/\/www.college-park.us\/tr\/wp-json\/wp\/v2\/product"}],"about":[{"href":"https:\/\/www.college-park.us\/tr\/wp-json\/wp\/v2\/types\/product"}],"wp:featuredmedia":[{"embeddable":true,"href":"https:\/\/www.college-park.us\/tr\/wp-json\/wp\/v2\/media\/623"}],"wp:attachment":[{"href":"https:\/\/www.college-park.us\/tr\/wp-json\/wp\/v2\/media?parent=1095"}],"wp:term":[{"taxonomy":"product_cat","embeddable":true,"href":"https:\/\/www.college-park.us\/tr\/wp-json\/wp\/v2\/product_cat?post=1095"},{"taxonomy":"product_tag","embeddable":true,"href":"https:\/\/www.college-park.us\/tr\/wp-json\/wp\/v2\/product_tag?post=1095"}],"curies":[{"name":"wp","href":"https:\/\/api.w.org\/{rel}","templated":true}]}}